{"id":5617,"date":"2024-10-21T20:35:23","date_gmt":"2024-10-21T17:35:23","guid":{"rendered":"https:\/\/faberpet.ro\/stage\/produs\/ectocid-natural-pulbere-antiparazitar-caini-pisici-pasari-50-gr\/"},"modified":"2025-08-05T11:00:56","modified_gmt":"2025-08-05T09:00:56","slug":"ectocid-natural-pulbere-antiparazitar-caini-pisici-pasari-50-gr","status":"publish","type":"product","link":"https:\/\/faberpet.ro\/stage\/produs\/ectocid-natural-pulbere-antiparazitar-caini-pisici-pasari-50-gr\/","title":{"rendered":"ECTOCID NATURAL pulbere antiparazitar caini, pisici pasari 50 gr"},"content":{"rendered":"<p>Propriet\u0103\u021bi: Produs natural, gata de aplicare, recomandat ca adjuvant \u00een tratamentul infesta\u0163iilor cu pureci \u015fi p\u0103duchi malofagi la toate speciile de animale. Con\u021bine uleiuri esen\u021biale liposolubile (linalol, thuion, thimol, naftachinona, azulena, geraniol, piretroizi naturali) cu propriet\u0103\u021bi, ca adjuvant \u00een tratamentul infesta\u0163iilor cu pureci \u015fi p\u0103duchi malofagi la toate speciile de animale. Produsul afecteaz\u0103 sistemul nervos al insectelor. Acidul aristolohic din produs induce sterilitatea la insecte, impiedic\u00e2nd metamorfoza insectelor. Nu se instaleaz\u0103 rezisten\u021ba insectelor, la efectul produsului. Nu este toxic pentru mamifere \u0219i p\u0103s\u0103ri. Mod de utilizare:\u2013 uz extern: \u2013 prin pr\u0103fuirea directa a animalelor, la intervale de 7 zile. C\u00e2inii \u015fi pisicii vor fi pr\u0103fui\u0163i direct pe spatele acestora \u015fi la \u00eencheieturi. P\u0103s\u0103rile se pudreaz\u0103 individual, prin ridicarea penelor, pr\u0103fuirea printre pene, pe spate \u015fi sub aripi. Se indic\u0103 pr\u0103fuirea ad\u0103posturilor \u015fi cuibarelor dup\u0103 o prealabil\u0103 cur\u0103\u0163are a acestora. Ingrediente:100 g pulbere con\u0163ine: \u2013 10 g extract hidrao- alcoolic de plante medicinale: \u2013 90 g Talc. Precau\u021bii:Produsul a nu se l\u0103sa la \u00eendem\u00e2na copiilor. A se evita contaminarea alimentelor \u015fi a furajelor. Evita\u0163i contactul cu ochii, sp\u0103la\u0163i m\u00e2inile dup\u0103 utilizare Prezentare:50 gr<\/p>\n","protected":false},"excerpt":{"rendered":"<p>Propriet\u0103\u021bi: Produs natural, gata de aplicare, recomandat ca adjuvant \u00een tratamentul infesta\u0163iilor cu pureci \u015fi p\u0103duchi malofagi la toate speciile de animale. Con\u021bine uleiuri esen\u021biale liposolubile (linalol, thuion, thimol, naftachinona, azulena, geraniol, piretroizi naturali) cu propriet\u0103\u021bi, ca adjuvant \u00een tratamentul infesta\u0163iilor cu pureci \u015fi p\u0103duchi malofagi la toate speciile de animale. Produsul afecteaz\u0103 sistemul nervos [&hellip;]<\/p>\n","protected":false},"featured_media":10644,"template":"","meta":[],"product_brand":[],"product_cat":[168,175,169,172,174,171,173,170],"product_tag":[2532,615,621,2530],"class_list":{"0":"post-5617","1":"product","2":"type-product","3":"status-publish","4":"has-post-thumbnail","6":"product_cat-caini","7":"product_cat-ingrijire-pasari","8":"product_cat-ingrijire-caini","9":"product_cat-ingrijire-pisici","10":"product_cat-pasari","11":"product_cat-pisici","12":"product_cat-solutii-antiparazitare-ingrijire-pisici","13":"product_cat-solutii-antiparazitare","14":"product_tag-antiparzitara-pasari","15":"product_tag-antipurici-caini","16":"product_tag-antipurici-pisici","17":"product_tag-pulbere-antiparazitara","19":"first","20":"instock","21":"shipping-taxable","22":"purchasable","23":"product-type-simple"},"_links":{"self":[{"href":"https:\/\/faberpet.ro\/stage\/wp-json\/wp\/v2\/product\/5617","targetHints":{"allow":["GET"]}}],"collection":[{"href":"https:\/\/faberpet.ro\/stage\/wp-json\/wp\/v2\/product"}],"about":[{"href":"https:\/\/faberpet.ro\/stage\/wp-json\/wp\/v2\/types\/product"}],"wp:featuredmedia":[{"embeddable":true,"href":"https:\/\/faberpet.ro\/stage\/wp-json\/wp\/v2\/media\/10644"}],"wp:attachment":[{"href":"https:\/\/faberpet.ro\/stage\/wp-json\/wp\/v2\/media?parent=5617"}],"wp:term":[{"taxonomy":"product_brand","embeddable":true,"href":"https:\/\/faberpet.ro\/stage\/wp-json\/wp\/v2\/product_brand?post=5617"},{"taxonomy":"product_cat","embeddable":true,"href":"https:\/\/faberpet.ro\/stage\/wp-json\/wp\/v2\/product_cat?post=5617"},{"taxonomy":"product_tag","embeddable":true,"href":"https:\/\/faberpet.ro\/stage\/wp-json\/wp\/v2\/product_tag?post=5617"}],"curies":[{"name":"wp","href":"https:\/\/api.w.org\/{rel}","templated":true}]}}