{"id":5619,"date":"2024-10-21T20:35:24","date_gmt":"2024-10-21T17:35:24","guid":{"rendered":"https:\/\/faberpet.ro\/stage\/produs\/spray-ectocid-natural-antiparazitar-caini-pisici-pasari-100-ml\/"},"modified":"2025-08-05T11:01:49","modified_gmt":"2025-08-05T09:01:49","slug":"spray-ectocid-natural-antiparazitar-caini-pisici-pasari-100-ml","status":"publish","type":"product","link":"https:\/\/faberpet.ro\/stage\/produs\/spray-ectocid-natural-antiparazitar-caini-pisici-pasari-100-ml\/","title":{"rendered":"Spray ECTOCID NATURAL antiparazitar caini, pisici pasari 100 ml"},"content":{"rendered":"<p>Propriet\u0103\u021bi: Produs natural, gata de aplicare, recomandat ca adjuvant \u00een tratamentul infesta\u0163iilor cu pureci \u015fi p\u0103duchi malofagi la toate speciile de animale. Con\u021bine uleiuri esen\u021biale liposolubile (linalol, thuion, thimol, naftachinona, azulena, geraniol, piretroizi naturali) cu propriet\u0103\u021bi, ca adjuvant \u00een tratamentul infesta\u0163iilor cu pureci \u015fi p\u0103duchi malofagi la toate speciile de animale. Produsul afecteaz\u0103 sistemul nervos al insectelor. Acidul aristolohic din produs induce sterilitatea la insecte, impiedic\u00e2nd metamorfoza insectelor. Nu se instaleaz\u0103 rezisten\u021ba insectelor, la efectul produsului. Nu este toxic pentru mamifere \u0219i p\u0103s\u0103ri. Mod de utilizare:\u2013 uz extern. Se pulverizeaz\u0103 solu\u0163ia la r\u0103d\u0103cina firelor de p\u0103r \u015fi pe piele, de la o distan\u0163\u0103 de 10- 15 cm. Se indic\u0103 4- 5 pulveriz\u0103ri pe kilogram. Nu se utilizeaz\u0103 la animalele sub 3 luni. Se pulverizeaz\u0103 \u015fi adaposturile dupa o prealabila curatare a acestora. La p\u0103s\u0103ri: \u2013 se pulverizeaz\u0103 solu\u0163ia sub aripi de la o distan\u0163\u0103 de 10- 15 cm. Se indic\u0103 1- 3 pulveriz\u0103ri \u00een func\u0163ie de talie. Se pulverizeaz\u0103 \u015fi adaposturile, cuibarele, colivia dupa o prealabila curatare a acestora. Nu se indic\u0103 la puii mai mici de 3 luni. Tratamentul se repeta la intervale de 7 zile. A se feri ochii \u015fi alte zone sensibile. Nu se utilizeaz\u0103 la animalele bolnave, convalescente, animale cu insuficien\u0163\u0103 hepatic\u0103 \u015fi renal\u0103. Nu se utilizeaz\u0103 la femelele gestante \u015fi \u00een perioada lacta\u0163iei. Animalele pulverizate se \u0163in sub observa\u0163ie p\u00e2n\u0103 se usuc\u0103 blana (ferit de surs\u0103 de c\u0103ldur\u0103, a nu l\u0103sa s\u0103 se ling\u0103). Ingrediente:100 ml spray con\u0163ine: 50 ml extract hidro- alcoolic de plante medicinale: \u2013 ad 100 ml Alcool izopropilic. Precau\u021bii:A nu se l\u0103sa la \u00eendem\u00e2na copiilor. A se evita contaminarea alimentelor \u015fi a furajelor. Evita\u0163i contactul cu ochii, sp\u0103la\u0163i m\u00e2inile dup\u0103 utilizare. Pulverizarea se face \u00een aer liber. Nu se utilizeaz\u0103 \u00een prezen\u0163a unei surse de foc. Nu se fumeaz\u0103 \u00een timpul utiliz\u0103rii. Nu se refolose\u015fte flaconul dup\u0103 golire. Prezentare:100 ml<\/p>\n","protected":false},"excerpt":{"rendered":"<p>Propriet\u0103\u021bi: Produs natural, gata de aplicare, recomandat ca adjuvant \u00een tratamentul infesta\u0163iilor cu pureci \u015fi p\u0103duchi malofagi la toate speciile de animale. Con\u021bine uleiuri esen\u021biale liposolubile (linalol, thuion, thimol, naftachinona, azulena, geraniol, piretroizi naturali) cu propriet\u0103\u021bi, ca adjuvant \u00een tratamentul infesta\u0163iilor cu pureci \u015fi p\u0103duchi malofagi la toate speciile de animale. Produsul afecteaz\u0103 sistemul nervos [&hellip;]<\/p>\n","protected":false},"featured_media":10951,"template":"","meta":[],"product_brand":[],"product_cat":[168,175,169,172,174,171,170,173],"product_tag":[2533,615,621,2523],"class_list":{"0":"post-5619","1":"product","2":"type-product","3":"status-publish","4":"has-post-thumbnail","6":"product_cat-caini","7":"product_cat-ingrijire-pasari","8":"product_cat-ingrijire-caini","9":"product_cat-ingrijire-pisici","10":"product_cat-pasari","11":"product_cat-pisici","12":"product_cat-solutii-antiparazitare","13":"product_cat-solutii-antiparazitare-ingrijire-pisici","14":"product_tag-antiparzitar-pasari","15":"product_tag-antipurici-caini","16":"product_tag-antipurici-pisici","17":"product_tag-spray-antiparazitar","19":"first","20":"instock","21":"shipping-taxable","22":"purchasable","23":"product-type-simple"},"_links":{"self":[{"href":"https:\/\/faberpet.ro\/stage\/wp-json\/wp\/v2\/product\/5619","targetHints":{"allow":["GET"]}}],"collection":[{"href":"https:\/\/faberpet.ro\/stage\/wp-json\/wp\/v2\/product"}],"about":[{"href":"https:\/\/faberpet.ro\/stage\/wp-json\/wp\/v2\/types\/product"}],"wp:featuredmedia":[{"embeddable":true,"href":"https:\/\/faberpet.ro\/stage\/wp-json\/wp\/v2\/media\/10951"}],"wp:attachment":[{"href":"https:\/\/faberpet.ro\/stage\/wp-json\/wp\/v2\/media?parent=5619"}],"wp:term":[{"taxonomy":"product_brand","embeddable":true,"href":"https:\/\/faberpet.ro\/stage\/wp-json\/wp\/v2\/product_brand?post=5619"},{"taxonomy":"product_cat","embeddable":true,"href":"https:\/\/faberpet.ro\/stage\/wp-json\/wp\/v2\/product_cat?post=5619"},{"taxonomy":"product_tag","embeddable":true,"href":"https:\/\/faberpet.ro\/stage\/wp-json\/wp\/v2\/product_tag?post=5619"}],"curies":[{"name":"wp","href":"https:\/\/api.w.org\/{rel}","templated":true}]}}