{"id":5621,"date":"2024-10-21T20:35:24","date_gmt":"2024-10-21T17:35:24","guid":{"rendered":"https:\/\/faberpet.ro\/stage\/produs\/sampon-ectocid-herba-antiparazitar-pt-caini-pisici-200-ml\/"},"modified":"2025-08-05T11:02:47","modified_gmt":"2025-08-05T09:02:47","slug":"sampon-ectocid-herba-antiparazitar-pt-caini-pisici-200-ml","status":"publish","type":"product","link":"https:\/\/faberpet.ro\/stage\/produs\/sampon-ectocid-herba-antiparazitar-pt-caini-pisici-200-ml\/","title":{"rendered":"Sampon ECTOCID-HERBA antiparazitar pt caini-pisici 200 ml"},"content":{"rendered":"<p>Ectocid herba \u0219ampon antiparazitar Produs natural recomandat ca adjuvant \u00een tratamentul infesta\u0163iilor cu pureci \u015fi p\u0103duchi la c\u00e2ini \u015fi pisici. \u015eampon cu substan\u0163e naturale, recomandat totodat\u0103 pentru igienizarea \u015fi re\u00eemprosp\u0103tarea pielii \u015fi bl\u0103nii la c\u00e2ini \u015fi pisici. \u00cenl\u0103tur\u0103 excesul de gr\u0103simi, murd\u0103ria \u015fi mirosurile nepl\u0103cute. D\u0103 luciu \u015fi str\u0103lucire bl\u0103nii. Uz extern, se umecteaz\u0103 blana c\u00e2inelui cu ap\u0103 cald\u0103, apoi se aplic\u0103 \u015fi se disperseaz\u0103 \u015famponul pe \u00eentregul corp. Dup\u0103 5- 10 minute de ac\u0163iune, \u015famponul se \u00eendep\u0103rteaz\u0103 prin cl\u0103tire repetat\u0103 cu ap\u0103 cald\u0103. Se usuc\u0103 blana cu un prosop sau aer cald. Se p\u0103streaz\u0103 \u00een ambalaje bine \u00eenchise, ferit de surse de foc, soare \u015fi umezeal\u0103, la temperatura camerei. Precau\u021bii:A se evita contactul direct cu ochii \u015fi zonele sensibile (organele genitale). Nu se utilizeaz\u0103 la animalele bolnave, convalescente, animale cu insuficien\u0163\u0103 hepatic\u0103 \u015fi renal\u0103. Nu se utilizeaz\u0103 la femelele gestante \u015fi \u00een perioada lacta\u0163iei. Animalele sp\u0103late cu \u015fampon se \u0163in sub observa\u0163ie p\u00e2n\u0103 se usuc\u0103 blana. A nu se l\u0103sa la \u00eendem\u00e2na copiilor. A nu se \u00eenghi\u0163i. A nu se refolosi flaconul dup\u0103 golire.<\/p>\n","protected":false},"excerpt":{"rendered":"<p>Ectocid herba \u0219ampon antiparazitar Produs natural recomandat ca adjuvant \u00een tratamentul infesta\u0163iilor cu pureci \u015fi p\u0103duchi la c\u00e2ini \u015fi pisici. \u015eampon cu substan\u0163e naturale, recomandat totodat\u0103 pentru igienizarea \u015fi re\u00eemprosp\u0103tarea pielii \u015fi bl\u0103nii la c\u00e2ini \u015fi pisici. \u00cenl\u0103tur\u0103 excesul de gr\u0103simi, murd\u0103ria \u015fi mirosurile nepl\u0103cute. D\u0103 luciu \u015fi str\u0103lucire bl\u0103nii. Uz extern, se umecteaz\u0103 blana [&hellip;]<\/p>\n","protected":false},"featured_media":10647,"template":"","meta":[],"product_brand":[],"product_cat":[168,169,172,171,173,170],"product_tag":[2534,2535,2536],"class_list":{"0":"post-5621","1":"product","2":"type-product","3":"status-publish","4":"has-post-thumbnail","6":"product_cat-caini","7":"product_cat-ingrijire-caini","8":"product_cat-ingrijire-pisici","9":"product_cat-pisici","10":"product_cat-solutii-antiparazitare-ingrijire-pisici","11":"product_cat-solutii-antiparazitare","12":"product_tag-sampon-antiparazitar","13":"product_tag-sampon-pentru-caini","14":"product_tag-sampon-pentru-pisici","16":"first","17":"instock","18":"shipping-taxable","19":"purchasable","20":"product-type-simple"},"_links":{"self":[{"href":"https:\/\/faberpet.ro\/stage\/wp-json\/wp\/v2\/product\/5621","targetHints":{"allow":["GET"]}}],"collection":[{"href":"https:\/\/faberpet.ro\/stage\/wp-json\/wp\/v2\/product"}],"about":[{"href":"https:\/\/faberpet.ro\/stage\/wp-json\/wp\/v2\/types\/product"}],"wp:featuredmedia":[{"embeddable":true,"href":"https:\/\/faberpet.ro\/stage\/wp-json\/wp\/v2\/media\/10647"}],"wp:attachment":[{"href":"https:\/\/faberpet.ro\/stage\/wp-json\/wp\/v2\/media?parent=5621"}],"wp:term":[{"taxonomy":"product_brand","embeddable":true,"href":"https:\/\/faberpet.ro\/stage\/wp-json\/wp\/v2\/product_brand?post=5621"},{"taxonomy":"product_cat","embeddable":true,"href":"https:\/\/faberpet.ro\/stage\/wp-json\/wp\/v2\/product_cat?post=5621"},{"taxonomy":"product_tag","embeddable":true,"href":"https:\/\/faberpet.ro\/stage\/wp-json\/wp\/v2\/product_tag?post=5621"}],"curies":[{"name":"wp","href":"https:\/\/api.w.org\/{rel}","templated":true}]}}