{"id":5622,"date":"2024-10-21T20:35:24","date_gmt":"2024-10-21T17:35:24","guid":{"rendered":"https:\/\/faberpet.ro\/stage\/produs\/herba-vital-balsam-pt-caini-si-pisici-200-ml\/"},"modified":"2025-08-05T10:17:06","modified_gmt":"2025-08-05T08:17:06","slug":"herba-vital-balsam-pt-caini-si-pisici-200-ml","status":"publish","type":"product","link":"https:\/\/faberpet.ro\/stage\/produs\/herba-vital-balsam-pt-caini-si-pisici-200-ml\/","title":{"rendered":"Herba-Vital Balsam pt caini si pisici 200 ml"},"content":{"rendered":"<p>Balsam Herba- Vital pentru c\u00e2ini \u0219i pisici 200 ml Se recomand\u0103 pentru \u00eentre\u0163inerea \u015fi igienizarea bl\u0103nii la c\u00e2ini \u015fi pisici. Balsamul Herbavital datorit\u0103 con\u0163inutului \u00een extracte de plante medicinale, \u00eentre\u0163ine blana animalului, are propriet\u0103\u0163i hidratante \u015fi nutritive pentru epiderm\u0103 \u015fi firul de p\u0103r. Cre\u015fte rezisten\u0163a firului de p\u0103r, blana devine mai supl\u0103 \u015fi mai u\u015for de piept\u0103nat. Parfumul din balsam are efect dezodorizant. Se p\u0103streaz\u0103 \u00een ambalaje bine \u00eenchise, ferit de surse de foc, soare \u015fi umezeal\u0103, la temperatura camerei (15- 25 C\u02da). Valabilitate 2 ani, p\u0103strat \u00een ambalajul original, \u00een condi\u0163iile de p\u0103strare prev\u0103zute. Mod de administrare:Uz extern, se spal\u0103 blana cu un \u015fampon, iar dup\u0103 cl\u0103tirea \u015famponului se aplic\u0103 \u015fi se disperseaz\u0103 balsamul pe \u00eentregul corp. Dup\u0103 5- 10 minute de ac\u0163iune, se \u00eendep\u0103rteaz\u0103 prin cl\u0103tire repetat\u0103 cu ap\u0103 cald\u0103. Se usuc\u0103 blana cu un prosop sau aer cald. Con\u021bine extract de:Extract vegetal, format din extracte de:o BRUSTURE (Arctium lappa \u2013 radix)o MESTEAC\u0102N (Betula pendula \u2013 folium)o COADA CALULUI (Equisetum arvense \u2013 folium)o NUC (Juglans regia \u2013 folium)o MU\u015eE\u0162EL (Matricaria chamomilla \u2013 flos)o JALE\u015e DE GR\u0102DIN\u0102 (Salvia officinalis &#8211; folium)o URZIC\u0102 (Urtica dioica \u2013 radix et folium)Balsamul mai con\u0163ine sabonal, amonix cetac, cocoamidopropil- betain, conservant, parfum, ap\u0103. Precau\u021bii:A se evita contactul direct cu ochii \u015fi zonele sensibile (organele genitale). A nu se l\u0103sa la \u00eendem\u00e2na copiilor. A nu se \u00eenghi\u0163i. A nu se refolosi flaconul dup\u0103 golire.<\/p>\n","protected":false},"excerpt":{"rendered":"<p>Balsam Herba- Vital pentru c\u00e2ini \u0219i pisici 200 ml Se recomand\u0103 pentru \u00eentre\u0163inerea \u015fi igienizarea bl\u0103nii la c\u00e2ini \u015fi pisici. Balsamul Herbavital datorit\u0103 con\u0163inutului \u00een extracte de plante medicinale, \u00eentre\u0163ine blana animalului, are propriet\u0103\u0163i hidratante \u015fi nutritive pentru epiderm\u0103 \u015fi firul de p\u0103r. Cre\u015fte rezisten\u0163a firului de p\u0103r, blana devine mai supl\u0103 \u015fi mai u\u015for [&hellip;]<\/p>\n","protected":false},"featured_media":10648,"template":"","meta":[],"product_brand":[],"product_cat":[168,169,172,171,2539,2540],"product_tag":[2537,2538,623],"class_list":{"0":"post-5622","1":"product","2":"type-product","3":"status-publish","4":"has-post-thumbnail","6":"product_cat-caini","7":"product_cat-ingrijire-caini","8":"product_cat-ingrijire-pisici","9":"product_cat-pisici","10":"product_cat-sampon-si-balsam","11":"product_cat-sampon-si-balsam-ingrijire-pisici","12":"product_tag-balsam-caini","13":"product_tag-herba-vital-balsam","14":"product_tag-ingrijire-caini","16":"first","17":"instock","18":"shipping-taxable","19":"purchasable","20":"product-type-simple"},"_links":{"self":[{"href":"https:\/\/faberpet.ro\/stage\/wp-json\/wp\/v2\/product\/5622","targetHints":{"allow":["GET"]}}],"collection":[{"href":"https:\/\/faberpet.ro\/stage\/wp-json\/wp\/v2\/product"}],"about":[{"href":"https:\/\/faberpet.ro\/stage\/wp-json\/wp\/v2\/types\/product"}],"wp:featuredmedia":[{"embeddable":true,"href":"https:\/\/faberpet.ro\/stage\/wp-json\/wp\/v2\/media\/10648"}],"wp:attachment":[{"href":"https:\/\/faberpet.ro\/stage\/wp-json\/wp\/v2\/media?parent=5622"}],"wp:term":[{"taxonomy":"product_brand","embeddable":true,"href":"https:\/\/faberpet.ro\/stage\/wp-json\/wp\/v2\/product_brand?post=5622"},{"taxonomy":"product_cat","embeddable":true,"href":"https:\/\/faberpet.ro\/stage\/wp-json\/wp\/v2\/product_cat?post=5622"},{"taxonomy":"product_tag","embeddable":true,"href":"https:\/\/faberpet.ro\/stage\/wp-json\/wp\/v2\/product_tag?post=5622"}],"curies":[{"name":"wp","href":"https:\/\/api.w.org\/{rel}","templated":true}]}}