{"id":5626,"date":"2024-10-21T20:35:25","date_gmt":"2024-10-21T17:35:25","guid":{"rendered":"https:\/\/faberpet.ro\/stage\/produs\/sampon-premium-vital-lavanda-ptr-caini-si-pisici-250-ml\/"},"modified":"2025-08-05T10:21:00","modified_gmt":"2025-08-05T08:21:00","slug":"sampon-premium-vital-lavanda-ptr-caini-si-pisici-250-ml","status":"publish","type":"product","link":"https:\/\/faberpet.ro\/stage\/produs\/sampon-premium-vital-lavanda-ptr-caini-si-pisici-250-ml\/","title":{"rendered":"Sampon Premium-Vital Lavanda ptr. caini si pisici 250 ml"},"content":{"rendered":"<p>Propriet\u0103\u021bi: \u015eampon cu substan\u0163e naturale, creat pentru \u00eentre\u0163inerea \u015fi igienizarea bl\u0103nii la c\u00e2ini \u015fi pisici. \u00cenl\u0103tur\u0103 excesul de gr\u0103simi, murd\u0103ria \u015fi mirosurile nepl\u0103cute. D\u0103 luciu \u015fi str\u0103lucire bl\u0103nii. Mod de utilizare:Se umecteaz\u0103 blana cu ap\u0103 cald\u0103, apoi se aplic\u0103 \u015fi se disperseaz\u0103 \u015famponul. Dup\u0103 5- 10 minute de ac\u0163iune, \u015famponul se \u00eendep\u0103rteaz\u0103 prin cl\u0103tire repetat\u0103 cu ap\u0103 cald\u0103. Se usuc\u0103 blana cu un prosop sau cu aer cald. Ingrediente:Cu extract de lavand\u0103 \u0219i glicerin\u0103. Lauriletersulfat de sodiu, cocodiethanolamin\u0103, cocoamidopropil- betain, acrilamide, metildibromoglutaronitril, phenoxiethanol, clorur\u0103 de sodiu, parfum. Produs biodegradabil. Precau\u021bii:Sp\u0103la\u0163i m\u00e2inile dup\u0103 utilizare! A nu se \u00eenghi\u0163i! A nu se l\u0103sa la \u00eendem\u00e2na copiilor! A nu se refolosi flaconul dup\u0103 golire! Prezentare:250 ml<\/p>\n","protected":false},"excerpt":{"rendered":"<p>Propriet\u0103\u021bi: \u015eampon cu substan\u0163e naturale, creat pentru \u00eentre\u0163inerea \u015fi igienizarea bl\u0103nii la c\u00e2ini \u015fi pisici. \u00cenl\u0103tur\u0103 excesul de gr\u0103simi, murd\u0103ria \u015fi mirosurile nepl\u0103cute. D\u0103 luciu \u015fi str\u0103lucire bl\u0103nii. Mod de utilizare:Se umecteaz\u0103 blana cu ap\u0103 cald\u0103, apoi se aplic\u0103 \u015fi se disperseaz\u0103 \u015famponul. Dup\u0103 5- 10 minute de ac\u0163iune, \u015famponul se \u00eendep\u0103rteaz\u0103 prin cl\u0103tire repetat\u0103 [&hellip;]<\/p>\n","protected":false},"featured_media":10652,"template":"","meta":[],"product_brand":[],"product_cat":[168,169,172,171,2539,2540],"product_tag":[2543,2535,2536],"class_list":{"0":"post-5626","1":"product","2":"type-product","3":"status-publish","4":"has-post-thumbnail","6":"product_cat-caini","7":"product_cat-ingrijire-caini","8":"product_cat-ingrijire-pisici","9":"product_cat-pisici","10":"product_cat-sampon-si-balsam","11":"product_cat-sampon-si-balsam-ingrijire-pisici","12":"product_tag-premium-vital-lavanda","13":"product_tag-sampon-pentru-caini","14":"product_tag-sampon-pentru-pisici","16":"first","17":"instock","18":"shipping-taxable","19":"purchasable","20":"product-type-simple"},"_links":{"self":[{"href":"https:\/\/faberpet.ro\/stage\/wp-json\/wp\/v2\/product\/5626","targetHints":{"allow":["GET"]}}],"collection":[{"href":"https:\/\/faberpet.ro\/stage\/wp-json\/wp\/v2\/product"}],"about":[{"href":"https:\/\/faberpet.ro\/stage\/wp-json\/wp\/v2\/types\/product"}],"wp:featuredmedia":[{"embeddable":true,"href":"https:\/\/faberpet.ro\/stage\/wp-json\/wp\/v2\/media\/10652"}],"wp:attachment":[{"href":"https:\/\/faberpet.ro\/stage\/wp-json\/wp\/v2\/media?parent=5626"}],"wp:term":[{"taxonomy":"product_brand","embeddable":true,"href":"https:\/\/faberpet.ro\/stage\/wp-json\/wp\/v2\/product_brand?post=5626"},{"taxonomy":"product_cat","embeddable":true,"href":"https:\/\/faberpet.ro\/stage\/wp-json\/wp\/v2\/product_cat?post=5626"},{"taxonomy":"product_tag","embeddable":true,"href":"https:\/\/faberpet.ro\/stage\/wp-json\/wp\/v2\/product_tag?post=5626"}],"curies":[{"name":"wp","href":"https:\/\/api.w.org\/{rel}","templated":true}]}}