{"id":5630,"date":"2024-10-21T20:35:25","date_gmt":"2024-10-21T17:35:25","guid":{"rendered":"https:\/\/faberpet.ro\/stage\/produs\/sampon-premium-vital-extra-white-ptr-caini-si-pisici-250-ml\/"},"modified":"2025-08-05T10:23:57","modified_gmt":"2025-08-05T08:23:57","slug":"sampon-premium-vital-extra-white-ptr-caini-si-pisici-250-ml","status":"publish","type":"product","link":"https:\/\/faberpet.ro\/stage\/produs\/sampon-premium-vital-extra-white-ptr-caini-si-pisici-250-ml\/","title":{"rendered":"Sampon Premium-Vital EXTRA-WHITE ptr. caini si pisici 250 ml"},"content":{"rendered":"<p>Propriet\u0103\u021bi: \u0218amponul Extra- White este special creat pentru c\u00e2ini \u0219i pisici cu blan\u0103 alb\u0103 sau deschis\u0103. Elimin\u0103 murd\u0103ria \u0219i petele de gr\u0103simi intensific\u00e2nd culoarea bl\u0103nii. Las\u0103 blana moale \u0219i str\u0103lucitoare. Mod de utilizare:Se poate dilua 1:15. Se umecteaz\u0103 blana cu ap\u0103 cald\u0103, apoi se aplic\u0103 \u015fi se disperseaz\u0103 \u015famponul. Dup\u0103 5- 10 minute de ac\u0163iune, \u015famponul se \u00eendep\u0103rteaz\u0103 prin cl\u0103tire repetat\u0103 cu ap\u0103 cald\u0103. Se usuc\u0103 blana cu un prosop sau cu aer cald. Ingrediente:Glicerin\u0103, Lauriletersulfat de sodiu, cocodiethanolamin\u0103, cocoamidopropil- betain, acrilamide, metildibromoglutaronitril, phenoxiethanol, clorur\u0103 de sodiu, parfum. Produs biodegradabil. Precau\u021bii:Sp\u0103la\u0163i m\u00e2inile dup\u0103 utilizare! A nu se \u00eenghi\u0163i! A nu se l\u0103sa la \u00eendem\u00e2na copiilor! A nu se refolosi flaconul dup\u0103 golire! Prezentare:250 ml<\/p>\n","protected":false},"excerpt":{"rendered":"<p>Propriet\u0103\u021bi: \u0218amponul Extra- White este special creat pentru c\u00e2ini \u0219i pisici cu blan\u0103 alb\u0103 sau deschis\u0103. Elimin\u0103 murd\u0103ria \u0219i petele de gr\u0103simi intensific\u00e2nd culoarea bl\u0103nii. Las\u0103 blana moale \u0219i str\u0103lucitoare. Mod de utilizare:Se poate dilua 1:15. Se umecteaz\u0103 blana cu ap\u0103 cald\u0103, apoi se aplic\u0103 \u015fi se disperseaz\u0103 \u015famponul. Dup\u0103 5- 10 minute de ac\u0163iune, [&hellip;]<\/p>\n","protected":false},"featured_media":10655,"template":"","meta":[],"product_brand":[],"product_cat":[168,169,172,171,2539,2540],"product_tag":[2547,2535,2536],"class_list":{"0":"post-5630","1":"product","2":"type-product","3":"status-publish","4":"has-post-thumbnail","6":"product_cat-caini","7":"product_cat-ingrijire-caini","8":"product_cat-ingrijire-pisici","9":"product_cat-pisici","10":"product_cat-sampon-si-balsam","11":"product_cat-sampon-si-balsam-ingrijire-pisici","12":"product_tag-premium-vital-extra-white","13":"product_tag-sampon-pentru-caini","14":"product_tag-sampon-pentru-pisici","16":"first","17":"instock","18":"shipping-taxable","19":"purchasable","20":"product-type-simple"},"_links":{"self":[{"href":"https:\/\/faberpet.ro\/stage\/wp-json\/wp\/v2\/product\/5630","targetHints":{"allow":["GET"]}}],"collection":[{"href":"https:\/\/faberpet.ro\/stage\/wp-json\/wp\/v2\/product"}],"about":[{"href":"https:\/\/faberpet.ro\/stage\/wp-json\/wp\/v2\/types\/product"}],"wp:featuredmedia":[{"embeddable":true,"href":"https:\/\/faberpet.ro\/stage\/wp-json\/wp\/v2\/media\/10655"}],"wp:attachment":[{"href":"https:\/\/faberpet.ro\/stage\/wp-json\/wp\/v2\/media?parent=5630"}],"wp:term":[{"taxonomy":"product_brand","embeddable":true,"href":"https:\/\/faberpet.ro\/stage\/wp-json\/wp\/v2\/product_brand?post=5630"},{"taxonomy":"product_cat","embeddable":true,"href":"https:\/\/faberpet.ro\/stage\/wp-json\/wp\/v2\/product_cat?post=5630"},{"taxonomy":"product_tag","embeddable":true,"href":"https:\/\/faberpet.ro\/stage\/wp-json\/wp\/v2\/product_tag?post=5630"}],"curies":[{"name":"wp","href":"https:\/\/api.w.org\/{rel}","templated":true}]}}