{"id":5635,"date":"2024-10-21T20:35:26","date_gmt":"2024-10-21T17:35:26","guid":{"rendered":"https:\/\/faberpet.ro\/stage\/produs\/sampon-pro-vital-cu-ulei-de-nurca-caini-si-pisici-500-ml\/"},"modified":"2025-08-05T10:26:09","modified_gmt":"2025-08-05T08:26:09","slug":"sampon-pro-vital-cu-ulei-de-nurca-caini-si-pisici-500-ml","status":"publish","type":"product","link":"https:\/\/faberpet.ro\/stage\/produs\/sampon-pro-vital-cu-ulei-de-nurca-caini-si-pisici-500-ml\/","title":{"rendered":"Sampon PRO-VITAL cu ulei de nurca caini si pisici 500 ml"},"content":{"rendered":"<p>Propriet\u0103\u021bi: Se recomand\u0103 pentru \u00eentre\u0163inerea \u015fi igienizarea bl\u0103nii la c\u00e2ini \u015fi pisici. \u015eamponul PROVITAL cu Ulei de Nurc\u0103, protejeaz\u0103 pielea \u015fi blana animalului. Nutritiv pentru firul de p\u0103r, red\u0103 elasticitatea acestuia, astfel blana devine u\u015for de piept\u0103nat, lucios \u015fi m\u0103t\u0103sos. D\u0103 luciu \u015fi str\u0103lucire bl\u0103nii. Datorit\u0103 componen\u0163ilor \u00een lauriletersulfat de sodiu, cocoamidopropil- betain, cocodiethanolamid, (fiind substan\u0163e tensioactive \u2013 detergen\u0163i), dizolv\u0103 \u015fi emulsific\u0103 murd\u0103ria din lichidul de sp\u0103lare. Parfumul din \u015fampon are efect dezodorizant. Mod de utilizare:Se umecteaz\u0103 blana cu ap\u0103 cald\u0103, apoi se aplic\u0103 \u015fi se disperseaz\u0103 \u015famponul pe \u00eentregul corp. Dup\u0103 5- 10 minute de ac\u0163iune, \u015famponul se \u00eendep\u0103rteaz\u0103 prin cl\u0103tire repetat\u0103 cu ap\u0103 cald\u0103. Se usuc\u0103 blana cu un prosop sau aer cald. Ingrediente:0, 5 % ULEI DE NURC\u0102, lauriletersulfat de sodiu, cocodiethanolamin, cocoamidopropil- betain, acrilamid- dimetil- diallyl- amonium clorid, conservant, parfum, clorur\u0103 de sodiu, ap\u0103. Precau\u021bii:A se evita contactul direct cu ochii \u015fi organele genitale! A nu se l\u0103sa la \u00eendem\u00e2na copiilor! A nu se \u00eenghi\u0163i! A nu se refolosi flaconul dup\u0103 golire! Prezentare:200 ml<\/p>\n","protected":false},"excerpt":{"rendered":"<p>Propriet\u0103\u021bi: Se recomand\u0103 pentru \u00eentre\u0163inerea \u015fi igienizarea bl\u0103nii la c\u00e2ini \u015fi pisici. \u015eamponul PROVITAL cu Ulei de Nurc\u0103, protejeaz\u0103 pielea \u015fi blana animalului. Nutritiv pentru firul de p\u0103r, red\u0103 elasticitatea acestuia, astfel blana devine u\u015for de piept\u0103nat, lucios \u015fi m\u0103t\u0103sos. D\u0103 luciu \u015fi str\u0103lucire bl\u0103nii. Datorit\u0103 componen\u0163ilor \u00een lauriletersulfat de sodiu, cocoamidopropil- betain, cocodiethanolamid, (fiind [&hellip;]<\/p>\n","protected":false},"featured_media":10660,"template":"","meta":[],"product_brand":[],"product_cat":[168,169,172,171,2539,2540],"product_tag":[2551,2552,2553],"class_list":{"0":"post-5635","1":"product","2":"type-product","3":"status-publish","4":"has-post-thumbnail","6":"product_cat-caini","7":"product_cat-ingrijire-caini","8":"product_cat-ingrijire-pisici","9":"product_cat-pisici","10":"product_cat-sampon-si-balsam","11":"product_cat-sampon-si-balsam-ingrijire-pisici","12":"product_tag-igiena-caini","13":"product_tag-sampon-caini","14":"product_tag-sampon-pisici","16":"first","17":"instock","18":"shipping-taxable","19":"purchasable","20":"product-type-simple"},"_links":{"self":[{"href":"https:\/\/faberpet.ro\/stage\/wp-json\/wp\/v2\/product\/5635","targetHints":{"allow":["GET"]}}],"collection":[{"href":"https:\/\/faberpet.ro\/stage\/wp-json\/wp\/v2\/product"}],"about":[{"href":"https:\/\/faberpet.ro\/stage\/wp-json\/wp\/v2\/types\/product"}],"wp:featuredmedia":[{"embeddable":true,"href":"https:\/\/faberpet.ro\/stage\/wp-json\/wp\/v2\/media\/10660"}],"wp:attachment":[{"href":"https:\/\/faberpet.ro\/stage\/wp-json\/wp\/v2\/media?parent=5635"}],"wp:term":[{"taxonomy":"product_brand","embeddable":true,"href":"https:\/\/faberpet.ro\/stage\/wp-json\/wp\/v2\/product_brand?post=5635"},{"taxonomy":"product_cat","embeddable":true,"href":"https:\/\/faberpet.ro\/stage\/wp-json\/wp\/v2\/product_cat?post=5635"},{"taxonomy":"product_tag","embeddable":true,"href":"https:\/\/faberpet.ro\/stage\/wp-json\/wp\/v2\/product_tag?post=5635"}],"curies":[{"name":"wp","href":"https:\/\/api.w.org\/{rel}","templated":true}]}}