{"id":5637,"date":"2024-10-21T20:35:26","date_gmt":"2024-10-21T17:35:26","guid":{"rendered":"https:\/\/faberpet.ro\/stage\/produs\/sampon-pro-vital-cu-musetel-caini-si-pisici-200-ml\/"},"modified":"2025-08-05T10:27:05","modified_gmt":"2025-08-05T08:27:05","slug":"sampon-pro-vital-cu-musetel-caini-si-pisici-200-ml","status":"publish","type":"product","link":"https:\/\/faberpet.ro\/stage\/produs\/sampon-pro-vital-cu-musetel-caini-si-pisici-200-ml\/","title":{"rendered":"Sampon PRO-VITAL cu musetel caini si pisici 200 ml"},"content":{"rendered":"<p>\u0218ampon Pro- Vital cu mu\u0219e\u021bel pentru c\u00e2ini \u0219i pisici Se recomand\u0103 pentru \u00eentre\u0163inerea \u015fi igienizarea bl\u0103nii la c\u00e2ini \u015fi pisici. \u015eamponul Pro- vital cu Mu\u015fe\u0163el calmeaz\u0103, revitalizeaz\u0103 \u015fi re\u00eemprosp\u0103teaz\u0103 pielea iritat\u0103, sensibil\u0103. D\u0103 luciu \u015fi str\u0103lucire bl\u0103nii. Datorit\u0103 componen\u0163ilor \u00een lauriletersulfat de sodiu, cocoamidopropil- betain, cocodiethanolamid, (fiind substan\u0163e tensioactive &#8211; detergen\u0163i), dizolv\u0103 \u015fi emulsific\u0103 murd\u0103ria din lichidul de sp\u0103lare. Parfumul din \u015fampon are efect dezodorizant. Se p\u0103streaz\u0103 \u00een ambalaje bine \u00eenchise, ferit de surse de foc, soare \u015fi umezeal\u0103, la temperatura camerei (15- 25 C\u02da). Mod de administrare: Se umecteaz\u0103 blana cu ap\u0103 cald\u0103, apoi se aplic\u0103 \u015fi se disperseaz\u0103 \u015famponul pe \u00eentregul corp. Dup\u0103 5- 10 minute de ac\u0163iune, \u015famponul se \u00eendep\u0103rteaz\u0103 prin cl\u0103tire repetat\u0103 cu ap\u0103 cald\u0103. Se usuc\u0103 blana cu un prosop sau aer cald. Con\u021bine extract de:- 0, 5 % EXTRACT de MU\u015eE\u0162EL (Matricaria chamomilla &#8211; flos), lauriletersulfat de sodiu, cocodiethanolamin, cocoamidopropil- betain, acrilamid- dimetil- diallyl- amonium clorid, conservant, parfum, clorur\u0103 de sodiu, ap\u0103. Precau\u021bii:A se evita contactul direct cu ochii \u015fi organele genitale. A nu se l\u0103sa la \u00eendem\u00e2na copiilor. A nu se \u00eenghi\u0163i. A nu se refolosi flaconul dup\u0103 golire.<\/p>\n","protected":false},"excerpt":{"rendered":"<p>\u0218ampon Pro- Vital cu mu\u0219e\u021bel pentru c\u00e2ini \u0219i pisici Se recomand\u0103 pentru \u00eentre\u0163inerea \u015fi igienizarea bl\u0103nii la c\u00e2ini \u015fi pisici. \u015eamponul Pro- vital cu Mu\u015fe\u0163el calmeaz\u0103, revitalizeaz\u0103 \u015fi re\u00eemprosp\u0103teaz\u0103 pielea iritat\u0103, sensibil\u0103. D\u0103 luciu \u015fi str\u0103lucire bl\u0103nii. Datorit\u0103 componen\u0163ilor \u00een lauriletersulfat de sodiu, cocoamidopropil- betain, cocodiethanolamid, (fiind substan\u0163e tensioactive &#8211; detergen\u0163i), dizolv\u0103 \u015fi emulsific\u0103 murd\u0103ria [&hellip;]<\/p>\n","protected":false},"featured_media":10662,"template":"","meta":[],"product_brand":[],"product_cat":[168,169,172,171,2540,2539],"product_tag":[2551,2554,2552,2553],"class_list":{"0":"post-5637","1":"product","2":"type-product","3":"status-publish","4":"has-post-thumbnail","6":"product_cat-caini","7":"product_cat-ingrijire-caini","8":"product_cat-ingrijire-pisici","9":"product_cat-pisici","10":"product_cat-sampon-si-balsam-ingrijire-pisici","11":"product_cat-sampon-si-balsam","12":"product_tag-igiena-caini","13":"product_tag-pro-vital","14":"product_tag-sampon-caini","15":"product_tag-sampon-pisici","17":"first","18":"instock","19":"shipping-taxable","20":"purchasable","21":"product-type-simple"},"_links":{"self":[{"href":"https:\/\/faberpet.ro\/stage\/wp-json\/wp\/v2\/product\/5637","targetHints":{"allow":["GET"]}}],"collection":[{"href":"https:\/\/faberpet.ro\/stage\/wp-json\/wp\/v2\/product"}],"about":[{"href":"https:\/\/faberpet.ro\/stage\/wp-json\/wp\/v2\/types\/product"}],"wp:featuredmedia":[{"embeddable":true,"href":"https:\/\/faberpet.ro\/stage\/wp-json\/wp\/v2\/media\/10662"}],"wp:attachment":[{"href":"https:\/\/faberpet.ro\/stage\/wp-json\/wp\/v2\/media?parent=5637"}],"wp:term":[{"taxonomy":"product_brand","embeddable":true,"href":"https:\/\/faberpet.ro\/stage\/wp-json\/wp\/v2\/product_brand?post=5637"},{"taxonomy":"product_cat","embeddable":true,"href":"https:\/\/faberpet.ro\/stage\/wp-json\/wp\/v2\/product_cat?post=5637"},{"taxonomy":"product_tag","embeddable":true,"href":"https:\/\/faberpet.ro\/stage\/wp-json\/wp\/v2\/product_tag?post=5637"}],"curies":[{"name":"wp","href":"https:\/\/api.w.org\/{rel}","templated":true}]}}