{"id":5640,"date":"2024-10-21T20:35:27","date_gmt":"2024-10-21T17:35:27","guid":{"rendered":"https:\/\/faberpet.ro\/stage\/produs\/herba-vital-sampon-pt-caini-si-pisici-200-ml\/"},"modified":"2025-08-05T10:27:53","modified_gmt":"2025-08-05T08:27:53","slug":"herba-vital-sampon-pt-caini-si-pisici-200-ml","status":"publish","type":"product","link":"https:\/\/faberpet.ro\/stage\/produs\/herba-vital-sampon-pt-caini-si-pisici-200-ml\/","title":{"rendered":"Herba-Vital Sampon pt caini si pisici 200 ml"},"content":{"rendered":"<p>\u0218ampon Herba- Vital pentru c\u00e2ini \u0219i pisici 200 ml Se recomand\u0103 pentru \u00eentre\u0163inerea \u015fi igienizarea bl\u0103nii la c\u00e2ini \u015fi pisici. \u015eamponul Herba- vital \u00eentre\u0163ine blana animalului, fiind un nutritiv pentru epiderm\u0103 \u015fi firul de p\u0103r. D\u0103 luciu \u015fi str\u0103lucire bl\u0103nii. Combate c\u0103derea p\u0103rului. Datorit\u0103 componen\u0163ilor \u00een lauriletersulfat de sodiu, cocoamidopropil- betain, cocodiethanolamid, (substan\u0163e tensioactive \u2013 detergen\u0163i), dizolv\u0103 \u015fi emulsific\u0103 murd\u0103ria \u00een lichidul de sp\u0103lare. Parfumul din \u015fampon are efect dezodorizant. Administrare uz extern: se umecteaz\u0103 blana cu ap\u0103 cald\u0103, apoi se aplic\u0103 \u015fi se disperseaz\u0103 \u015famponul pe \u00eentregul corp. Dup\u0103 5- 10 minute de ac\u0163iune, \u015famponul se \u00eendep\u0103rteaz\u0103 prin cl\u0103tire repetat\u0103 cu ap\u0103 cald\u0103. Se usuc\u0103 blana cu un prosop sau aer cald. Se p\u0103streaz\u0103 \u00een ambalaje bine \u00eenchise, ferit de surse de foc, soare \u015fi umezeal\u0103, la temperatura camerei (15- 25 C\u02da). Valabilitate 2 ani, p\u0103strat \u00een ambalajul original, \u00een condi\u0163iile de p\u0103strare prev\u0103zute. Con\u021bine extract de:o BRUSTURE (Arctium lappa \u2013 radix)o MESTEAC\u0102N (Betula pendula \u2013 folium)o COADA CALULUI (Equisetum arvense \u2013 folium)o NUC (Juglans regia \u2013 folium)o MU\u015eE\u0162EL (Matricaria chamomilla \u2013 flos)o JALE\u015e DE GR\u0102DIN\u0102 (Salvia officinalis &#8211; folium)o URZIC\u0102 (Urtica dioica \u2013 radix et folium). \u015eamponul mai con\u0163ine lauriletersulfat de sodiu, cocodiethanolamin, cocoamidopropilbetain, acrilamid- dimetil- diallyl- amonium clorid, conservant, parfum, clorur\u0103 de sodiu, ap\u0103. Precau\u021bii:A se evita contactul direct cu ochii \u015fi zonele sensibile (organele genitale). A nu se l\u0103sa la \u00eendem\u00e2na copiilor. A nu se \u00eenghi\u0163i. A nu se refolosi flaconul dup\u0103 golire.<\/p>\n","protected":false},"excerpt":{"rendered":"<p>\u0218ampon Herba- Vital pentru c\u00e2ini \u0219i pisici 200 ml Se recomand\u0103 pentru \u00eentre\u0163inerea \u015fi igienizarea bl\u0103nii la c\u00e2ini \u015fi pisici. \u015eamponul Herba- vital \u00eentre\u0163ine blana animalului, fiind un nutritiv pentru epiderm\u0103 \u015fi firul de p\u0103r. D\u0103 luciu \u015fi str\u0103lucire bl\u0103nii. Combate c\u0103derea p\u0103rului. Datorit\u0103 componen\u0163ilor \u00een lauriletersulfat de sodiu, cocoamidopropil- betain, cocodiethanolamid, (substan\u0163e tensioactive \u2013 [&hellip;]<\/p>\n","protected":false},"featured_media":10665,"template":"","meta":[],"product_brand":[],"product_cat":[168,169,172,171,2539,2540],"product_tag":[2555,2552,2553],"class_list":{"0":"post-5640","1":"product","2":"type-product","3":"status-publish","4":"has-post-thumbnail","6":"product_cat-caini","7":"product_cat-ingrijire-caini","8":"product_cat-ingrijire-pisici","9":"product_cat-pisici","10":"product_cat-sampon-si-balsam","11":"product_cat-sampon-si-balsam-ingrijire-pisici","12":"product_tag-herba-vital-sampon","13":"product_tag-sampon-caini","14":"product_tag-sampon-pisici","16":"first","17":"instock","18":"shipping-taxable","19":"purchasable","20":"product-type-simple"},"_links":{"self":[{"href":"https:\/\/faberpet.ro\/stage\/wp-json\/wp\/v2\/product\/5640","targetHints":{"allow":["GET"]}}],"collection":[{"href":"https:\/\/faberpet.ro\/stage\/wp-json\/wp\/v2\/product"}],"about":[{"href":"https:\/\/faberpet.ro\/stage\/wp-json\/wp\/v2\/types\/product"}],"wp:featuredmedia":[{"embeddable":true,"href":"https:\/\/faberpet.ro\/stage\/wp-json\/wp\/v2\/media\/10665"}],"wp:attachment":[{"href":"https:\/\/faberpet.ro\/stage\/wp-json\/wp\/v2\/media?parent=5640"}],"wp:term":[{"taxonomy":"product_brand","embeddable":true,"href":"https:\/\/faberpet.ro\/stage\/wp-json\/wp\/v2\/product_brand?post=5640"},{"taxonomy":"product_cat","embeddable":true,"href":"https:\/\/faberpet.ro\/stage\/wp-json\/wp\/v2\/product_cat?post=5640"},{"taxonomy":"product_tag","embeddable":true,"href":"https:\/\/faberpet.ro\/stage\/wp-json\/wp\/v2\/product_tag?post=5640"}],"curies":[{"name":"wp","href":"https:\/\/api.w.org\/{rel}","templated":true}]}}