{"id":5643,"date":"2024-10-21T20:35:28","date_gmt":"2024-10-21T17:35:28","guid":{"rendered":"https:\/\/faberpet.ro\/stage\/produs\/sampon-herba-vital-antimicotic-pt-caini-pisici-si-cabaline-200-ml\/"},"modified":"2025-08-05T10:29:18","modified_gmt":"2025-08-05T08:29:18","slug":"sampon-herba-vital-antimicotic-pt-caini-pisici-si-cabaline-200-ml","status":"publish","type":"product","link":"https:\/\/faberpet.ro\/stage\/produs\/sampon-herba-vital-antimicotic-pt-caini-pisici-si-cabaline-200-ml\/","title":{"rendered":"Sampon Herba-Vital Antimicotic pt caini, pisici si cabaline 200 ml"},"content":{"rendered":"<p>Propriet\u0103\u021bi: \u0218amponul este special coneput pentru pielea \u0219l blana animalelor cu rol antiseptic \u0219i ca adjuvant \u00een tratamentul dermatomicozelor produse de diferite specii de mice\u021bi \u00een special de Tricophyton spp. si Microsporum spp. este ideal pentru utlizarea zilnic\u0103 dup\u0103 plimb\u0103ri, \u00eendep\u0103rt\u00e2nd cu u\u0219urin\u021b\u0103 murd\u0103ria, cur\u0103\u021b\u00e2nd \u00een profunzime firul de p\u0103r f\u0103r\u0103 a afecta structura acestuia ac\u021bion\u00e2nd foarte delicat. Dup\u0103 sp\u0103lare blana c\u00e2inilor devine moale \u0219i u\u0219or parfumat\u0103. Blana va fi u\u0219or de periat \u0219i va avea o str\u0103lucire natural\u0103. Se poate utiliza la c\u00e2ini, pisici \u0219i cabaline. Mod de utilizare:Se umecteaz\u0103 p\u0103rul cu ap\u0103 cald\u0103, apoi se aplic\u0103 \u0219i se disperseaz\u0103 samponul. Dup\u0103 5- 10 minute de ac\u021biune, \u0219amponul se \u00eendep\u0103rteaz\u0103 prin cl\u0103tire repetat\u0103 cu ap\u0103 cald\u0103. Se \u021bine animalul sp\u0103lat \u00een \u00eenc\u0103pere cald\u0103, p\u00e2n\u0103 se usuc\u0103 blana sau p\u0103rul. Ingrediente:Pinus sylvestris, Gema populi, Salvia officinalis, Calendula officinalis, Artemisia absinthium, Mentha piperita \u015eamponul mai con\u0163ine Sodium laureth sulfate, Cocamide DEA, Cocoamidopropyl betaine, Sodium chloride, Phenoxyethanol Ethylhexylglycerin, Styrene\/Acrylates Copolymer, Polyquternium 7, Disodium EDTA, Aqua, Colorant ( CI 20285 ), Parfum ( Aloe Purity ). Precau\u021bii:A se evita contactul direct cu ochii \u015fi organele genitale! A nu se l\u0103sa la \u00eendem\u00e2na copiilor! A nu se \u00eenghi\u0163i! A nu se refolosi flaconul dup\u0103 golire! Prezentare:200 ml<\/p>\n","protected":false},"excerpt":{"rendered":"<p>Propriet\u0103\u021bi: \u0218amponul este special coneput pentru pielea \u0219l blana animalelor cu rol antiseptic \u0219i ca adjuvant \u00een tratamentul dermatomicozelor produse de diferite specii de mice\u021bi \u00een special de Tricophyton spp. si Microsporum spp. este ideal pentru utlizarea zilnic\u0103 dup\u0103 plimb\u0103ri, \u00eendep\u0103rt\u00e2nd cu u\u0219urin\u021b\u0103 murd\u0103ria, cur\u0103\u021b\u00e2nd \u00een profunzime firul de p\u0103r f\u0103r\u0103 a afecta structura acestuia [&hellip;]<\/p>\n","protected":false},"featured_media":10668,"template":"","meta":[],"product_brand":[],"product_cat":[167,168,169,172,171,2539,2540],"product_tag":[2555,2549,2552,2553],"class_list":{"0":"post-5643","1":"product","2":"type-product","3":"status-publish","4":"has-post-thumbnail","6":"product_cat-cai-si-vaci","7":"product_cat-caini","8":"product_cat-ingrijire-caini","9":"product_cat-ingrijire-pisici","10":"product_cat-pisici","11":"product_cat-sampon-si-balsam","12":"product_cat-sampon-si-balsam-ingrijire-pisici","13":"product_tag-herba-vital-sampon","14":"product_tag-sampon-cabaline","15":"product_tag-sampon-caini","16":"product_tag-sampon-pisici","18":"first","19":"instock","20":"shipping-taxable","21":"purchasable","22":"product-type-simple"},"_links":{"self":[{"href":"https:\/\/faberpet.ro\/stage\/wp-json\/wp\/v2\/product\/5643","targetHints":{"allow":["GET"]}}],"collection":[{"href":"https:\/\/faberpet.ro\/stage\/wp-json\/wp\/v2\/product"}],"about":[{"href":"https:\/\/faberpet.ro\/stage\/wp-json\/wp\/v2\/types\/product"}],"wp:featuredmedia":[{"embeddable":true,"href":"https:\/\/faberpet.ro\/stage\/wp-json\/wp\/v2\/media\/10668"}],"wp:attachment":[{"href":"https:\/\/faberpet.ro\/stage\/wp-json\/wp\/v2\/media?parent=5643"}],"wp:term":[{"taxonomy":"product_brand","embeddable":true,"href":"https:\/\/faberpet.ro\/stage\/wp-json\/wp\/v2\/product_brand?post=5643"},{"taxonomy":"product_cat","embeddable":true,"href":"https:\/\/faberpet.ro\/stage\/wp-json\/wp\/v2\/product_cat?post=5643"},{"taxonomy":"product_tag","embeddable":true,"href":"https:\/\/faberpet.ro\/stage\/wp-json\/wp\/v2\/product_tag?post=5643"}],"curies":[{"name":"wp","href":"https:\/\/api.w.org\/{rel}","templated":true}]}}