{"id":5650,"date":"2024-10-21T20:35:29","date_gmt":"2024-10-21T17:35:29","guid":{"rendered":"https:\/\/faberpet.ro\/stage\/produs\/sampon-pro-vital-normal-pt-caini-si-pisici-500-ml\/"},"modified":"2025-08-05T10:33:29","modified_gmt":"2025-08-05T08:33:29","slug":"sampon-pro-vital-normal-pt-caini-si-pisici-500-ml","status":"publish","type":"product","link":"https:\/\/faberpet.ro\/stage\/produs\/sampon-pro-vital-normal-pt-caini-si-pisici-500-ml\/","title":{"rendered":"Sampon PRO-VITAL Normal pt caini si pisici 500 ml"},"content":{"rendered":"<p>\u0218ampon Herba- Vital pentru c\u00e2ini \u0219i pisici Se recomand\u0103 pentru \u00eentre\u0163inerea \u015fi igienizarea bl\u0103nii la c\u00e2ini \u015fi pisici. Datorit\u0103 componen\u0163ilor \u00een lauriletersulfat de sodiu, cocoamidopropil- betain, cocodiethanolamid, (fiind substan\u0163e tensioactive \u2013 detergen\u0163i), dizolv\u0103 \u015fi emulsific\u0103 murd\u0103ria din lichidul de sp\u0103lare. Parfumul din \u015fampon are efect dezodorizant. Se umecteaz\u0103 blana cu ap\u0103 cald\u0103, apoi se aplic\u0103 \u015fi se disperseaz\u0103 \u015famponul pe \u00eentregul corp. Dup\u0103 5- 10 minute de ac\u0163iune, \u015famponul se \u00eendep\u0103rteaz\u0103 prin cl\u0103tire repetat\u0103 cu ap\u0103 cald\u0103. Se usuc\u0103 blana cu un prosop sau aer cald. Se p\u0103streaz\u0103 \u00een ambalaje bine \u00eenchise, ferit de surse de foc, soare \u015fi umezeal\u0103, la temperatura camerei (15- 25 C\u02da). Valabilitate 2 ani, p\u0103strat \u00een ambalajul original, \u00een condi\u0163iile de p\u0103strare prev\u0103zute. Con\u021bine extract de:\u015eamponul con\u0163ine lauriletersulfat de sodiu, cocodiethanolamin, cocoamidopropil- betain, acrilamid- dimetil- diallyl- amonium clorid, conservant, parfum, clorur\u0103 de sodiu, ap\u0103. Precau\u021bii:A se evita contactul direct cu ochii \u015fi zonele sensibile (organele genitale). A nu se l\u0103sa la \u00eendem\u00e2na copiilor. A nu se \u00eenghi\u0163i. A nu se refolosi flaconul dup\u0103 golire.<\/p>\n","protected":false},"excerpt":{"rendered":"<p>\u0218ampon Herba- Vital pentru c\u00e2ini \u0219i pisici Se recomand\u0103 pentru \u00eentre\u0163inerea \u015fi igienizarea bl\u0103nii la c\u00e2ini \u015fi pisici. Datorit\u0103 componen\u0163ilor \u00een lauriletersulfat de sodiu, cocoamidopropil- betain, cocodiethanolamid, (fiind substan\u0163e tensioactive \u2013 detergen\u0163i), dizolv\u0103 \u015fi emulsific\u0103 murd\u0103ria din lichidul de sp\u0103lare. Parfumul din \u015fampon are efect dezodorizant. Se umecteaz\u0103 blana cu ap\u0103 cald\u0103, apoi se aplic\u0103 [&hellip;]<\/p>\n","protected":false},"featured_media":10674,"template":"","meta":[],"product_brand":[],"product_cat":[168,169,172,171,2539,2540],"product_tag":[2552,2553,2557],"class_list":{"0":"post-5650","1":"product","2":"type-product","3":"status-publish","4":"has-post-thumbnail","6":"product_cat-caini","7":"product_cat-ingrijire-caini","8":"product_cat-ingrijire-pisici","9":"product_cat-pisici","10":"product_cat-sampon-si-balsam","11":"product_cat-sampon-si-balsam-ingrijire-pisici","12":"product_tag-sampon-caini","13":"product_tag-sampon-pisici","14":"product_tag-sampon-pro-vital","16":"first","17":"instock","18":"shipping-taxable","19":"purchasable","20":"product-type-simple"},"_links":{"self":[{"href":"https:\/\/faberpet.ro\/stage\/wp-json\/wp\/v2\/product\/5650","targetHints":{"allow":["GET"]}}],"collection":[{"href":"https:\/\/faberpet.ro\/stage\/wp-json\/wp\/v2\/product"}],"about":[{"href":"https:\/\/faberpet.ro\/stage\/wp-json\/wp\/v2\/types\/product"}],"wp:featuredmedia":[{"embeddable":true,"href":"https:\/\/faberpet.ro\/stage\/wp-json\/wp\/v2\/media\/10674"}],"wp:attachment":[{"href":"https:\/\/faberpet.ro\/stage\/wp-json\/wp\/v2\/media?parent=5650"}],"wp:term":[{"taxonomy":"product_brand","embeddable":true,"href":"https:\/\/faberpet.ro\/stage\/wp-json\/wp\/v2\/product_brand?post=5650"},{"taxonomy":"product_cat","embeddable":true,"href":"https:\/\/faberpet.ro\/stage\/wp-json\/wp\/v2\/product_cat?post=5650"},{"taxonomy":"product_tag","embeddable":true,"href":"https:\/\/faberpet.ro\/stage\/wp-json\/wp\/v2\/product_tag?post=5650"}],"curies":[{"name":"wp","href":"https:\/\/api.w.org\/{rel}","templated":true}]}}