{"id":5652,"date":"2024-10-21T20:35:29","date_gmt":"2024-10-21T17:35:29","guid":{"rendered":"https:\/\/faberpet.ro\/stage\/produs\/sampon-uscat-powder-vital-pt-caini-si-pisici-100-gr\/"},"modified":"2025-08-05T10:35:21","modified_gmt":"2025-08-05T08:35:21","slug":"sampon-uscat-powder-vital-pt-caini-si-pisici-100-gr","status":"publish","type":"product","link":"https:\/\/faberpet.ro\/stage\/produs\/sampon-uscat-powder-vital-pt-caini-si-pisici-100-gr\/","title":{"rendered":"Sampon uscat Powder Vital pt caini si pisici -100 gr"},"content":{"rendered":"<p>Propriet\u0103\u021bi: Se poate utiliza, pentru cur\u0103\u021barea murd\u0103riei acumulate pe bl\u0103ni\u021b\u0103 \u0219i piele. este potrivit, pentru cur\u0103\u021barea, \u00eengrijirea \u0219i dezodorizarea bl\u0103ni\u021bei. este perfect utilizarea \u00een cadrul animalelor de companie speriate de ap\u0103, care nu se pot sc\u0103lda din cauza unor boli sau \u00een timpul c\u0103l\u0103toriilor. Ideal \u0219i pentru re\u00eemprosp\u0103tarea bl\u0103ni\u021bei \u00eentre dou\u0103 sc\u0103ld\u0103ri. Cur\u0103\u021b\u0103 blana \u00een profunzime, confer\u0103 animalului o blan\u0103 curat\u0103, \u00eengrijit\u0103 cu un miros proasp\u0103t, pentru un timp \u00eendelungat. Cur\u0103\u021b\u0103 f\u0103r\u0103 ap\u0103, absoarbe murd\u0103ria. Dup\u0103 utilizare bl\u0103ni\u021ba devine curat\u0103, lucioas\u0103, \u00eengrijit\u0103 cu un miros pl\u0103cut. Mod de utilizare:Se utilizeaz\u0103 pe blan\u0103 uscat\u0103. Dup\u0103 agitarea flaconului, produsul se distribuie uniform pe blan\u0103 uscat\u0103, dup\u0103 care se maseaz\u0103 scalpul cu v\u00e2rful degetelor. Dup\u0103 5- 10 minute se piapt\u0103n\u0103 corespunz\u0103tor, p\u00e2n\u0103 la dispari\u021bia complet\u0103 a pudrei din blan\u0103. Ingrediente:Talc, elastomer siliconic, amidon de porumb, bicarbonat de sodiu, extract de mesteac\u0103n, coada calului, nuc, mu\u0219e\u021bel, salvie, brusture \u0219i urzic\u0103, parfum. Precau\u021bii:A nu se utiliza produsul dac\u0103 ave\u021bi cuno\u0219tin\u021b\u0103 despre sensibilitatea fa\u021b\u0103 de oricare dintre \u00eengredientele sale. A se evita contacul pudrei cu ochii, nasul sau pielea \u00een zone sensibile a animalului. Produsul se utilizeaz\u0103 doar pentru uz extern, pentru \u00eengrijirea animalelor. Dac\u0103 \u00eentr\u0103 \u00een contact cu ochii, se cl\u0103te\u0219te cu ap\u0103 curat\u0103 din abunden\u021b\u0103. Sp\u0103la\u021bi m\u00e2inile dup\u0103 utilizare. A nu se l\u0103sa la \u00eendem\u00e2na copiilor. Prezentare:100 gr<\/p>\n","protected":false},"excerpt":{"rendered":"<p>Propriet\u0103\u021bi: Se poate utiliza, pentru cur\u0103\u021barea murd\u0103riei acumulate pe bl\u0103ni\u021b\u0103 \u0219i piele. este potrivit, pentru cur\u0103\u021barea, \u00eengrijirea \u0219i dezodorizarea bl\u0103ni\u021bei. este perfect utilizarea \u00een cadrul animalelor de companie speriate de ap\u0103, care nu se pot sc\u0103lda din cauza unor boli sau \u00een timpul c\u0103l\u0103toriilor. Ideal \u0219i pentru re\u00eemprosp\u0103tarea bl\u0103ni\u021bei \u00eentre dou\u0103 sc\u0103ld\u0103ri. Cur\u0103\u021b\u0103 blana \u00een [&hellip;]<\/p>\n","protected":false},"featured_media":10676,"template":"","meta":[],"product_brand":[],"product_cat":[168,169,172,171,2540,2539],"product_tag":[623,624,2558],"class_list":{"0":"post-5652","1":"product","2":"type-product","3":"status-publish","4":"has-post-thumbnail","6":"product_cat-caini","7":"product_cat-ingrijire-caini","8":"product_cat-ingrijire-pisici","9":"product_cat-pisici","10":"product_cat-sampon-si-balsam-ingrijire-pisici","11":"product_cat-sampon-si-balsam","12":"product_tag-ingrijire-caini","13":"product_tag-ingrijire-pisici","14":"product_tag-sampon-pentru-animale","16":"first","17":"instock","18":"shipping-taxable","19":"purchasable","20":"product-type-simple"},"_links":{"self":[{"href":"https:\/\/faberpet.ro\/stage\/wp-json\/wp\/v2\/product\/5652","targetHints":{"allow":["GET"]}}],"collection":[{"href":"https:\/\/faberpet.ro\/stage\/wp-json\/wp\/v2\/product"}],"about":[{"href":"https:\/\/faberpet.ro\/stage\/wp-json\/wp\/v2\/types\/product"}],"wp:featuredmedia":[{"embeddable":true,"href":"https:\/\/faberpet.ro\/stage\/wp-json\/wp\/v2\/media\/10676"}],"wp:attachment":[{"href":"https:\/\/faberpet.ro\/stage\/wp-json\/wp\/v2\/media?parent=5652"}],"wp:term":[{"taxonomy":"product_brand","embeddable":true,"href":"https:\/\/faberpet.ro\/stage\/wp-json\/wp\/v2\/product_brand?post=5652"},{"taxonomy":"product_cat","embeddable":true,"href":"https:\/\/faberpet.ro\/stage\/wp-json\/wp\/v2\/product_cat?post=5652"},{"taxonomy":"product_tag","embeddable":true,"href":"https:\/\/faberpet.ro\/stage\/wp-json\/wp\/v2\/product_tag?post=5652"}],"curies":[{"name":"wp","href":"https:\/\/api.w.org\/{rel}","templated":true}]}}