{"id":5653,"date":"2024-10-21T20:35:29","date_gmt":"2024-10-21T17:35:29","guid":{"rendered":"https:\/\/faberpet.ro\/stage\/produs\/parfum-premium-pet-pt-caini-si-pisici-100-ml\/"},"modified":"2025-08-05T10:37:23","modified_gmt":"2025-08-05T08:37:23","slug":"parfum-premium-pet-pt-caini-si-pisici-100-ml","status":"publish","type":"product","link":"https:\/\/faberpet.ro\/stage\/produs\/parfum-premium-pet-pt-caini-si-pisici-100-ml\/","title":{"rendered":"Parfum Premium Pet pt caini si pisici -100 ml"},"content":{"rendered":"<p>Propriet\u0103\u021bi: Parfumul ofer\u0103 un miros proasp\u0103t \u0219i ajut\u0103 la eliminarea mirosurilor nepl\u0103cute din bl\u0103ni\u021ba animalului. Se poate utiliza de mai multe ori pe zi. Mod de utilizare:Se pulverizeaz\u0103 parfumul pe bl\u0103ni\u021ba uscat\u0103 a animalului \u0219i se maseaz\u0103 cu mi\u0219c\u0103ri circulante. Se poate utiliza \u0219i pentru eliminarea mirosurilor din culcu\u0219. Ingrediente:Alcool, parfum. Precau\u021bii:A nu se utiliza pe piele r\u0103nit\u0103! Sp\u0103la\u0163i m\u00e2inile dup\u0103 utilizare, a nu se \u00eenghi\u0163i! A nu se l\u0103sa la \u00eendem\u00e2na copiilor! A nu se refolosi flaconul dup\u0103 golire! Evita\u021bi contactul cu ochii \u0219i p\u0103r\u021bile mucoase! Se utilizeaz\u0103 doar pentru uz extern! A nu se utiliza \u00een prezen\u021ba focului! Prezentare:100 ml<\/p>\n","protected":false},"excerpt":{"rendered":"<p>Propriet\u0103\u021bi: Parfumul ofer\u0103 un miros proasp\u0103t \u0219i ajut\u0103 la eliminarea mirosurilor nepl\u0103cute din bl\u0103ni\u021ba animalului. Se poate utiliza de mai multe ori pe zi. Mod de utilizare:Se pulverizeaz\u0103 parfumul pe bl\u0103ni\u021ba uscat\u0103 a animalului \u0219i se maseaz\u0103 cu mi\u0219c\u0103ri circulante. Se poate utiliza \u0219i pentru eliminarea mirosurilor din culcu\u0219. Ingrediente:Alcool, parfum. Precau\u021bii:A nu se utiliza [&hellip;]<\/p>\n","protected":false},"featured_media":10677,"template":"","meta":[],"product_brand":[],"product_cat":[168,169,172,171,2539,2540],"product_tag":[2559,2561,2560],"class_list":{"0":"post-5653","1":"product","2":"type-product","3":"status-publish","4":"has-post-thumbnail","6":"product_cat-caini","7":"product_cat-ingrijire-caini","8":"product_cat-ingrijire-pisici","9":"product_cat-pisici","10":"product_cat-sampon-si-balsam","11":"product_cat-sampon-si-balsam-ingrijire-pisici","12":"product_tag-parfum-animale","13":"product_tag-parfum-caini","14":"product_tag-parfum-pisici","16":"first","17":"instock","18":"shipping-taxable","19":"purchasable","20":"product-type-simple"},"_links":{"self":[{"href":"https:\/\/faberpet.ro\/stage\/wp-json\/wp\/v2\/product\/5653","targetHints":{"allow":["GET"]}}],"collection":[{"href":"https:\/\/faberpet.ro\/stage\/wp-json\/wp\/v2\/product"}],"about":[{"href":"https:\/\/faberpet.ro\/stage\/wp-json\/wp\/v2\/types\/product"}],"wp:featuredmedia":[{"embeddable":true,"href":"https:\/\/faberpet.ro\/stage\/wp-json\/wp\/v2\/media\/10677"}],"wp:attachment":[{"href":"https:\/\/faberpet.ro\/stage\/wp-json\/wp\/v2\/media?parent=5653"}],"wp:term":[{"taxonomy":"product_brand","embeddable":true,"href":"https:\/\/faberpet.ro\/stage\/wp-json\/wp\/v2\/product_brand?post=5653"},{"taxonomy":"product_cat","embeddable":true,"href":"https:\/\/faberpet.ro\/stage\/wp-json\/wp\/v2\/product_cat?post=5653"},{"taxonomy":"product_tag","embeddable":true,"href":"https:\/\/faberpet.ro\/stage\/wp-json\/wp\/v2\/product_tag?post=5653"}],"curies":[{"name":"wp","href":"https:\/\/api.w.org\/{rel}","templated":true}]}}