{"id":5655,"date":"2024-10-21T20:35:29","date_gmt":"2024-10-21T17:35:29","guid":{"rendered":"https:\/\/faberpet.ro\/stage\/produs\/columbo-vit-antioxidant-pt-porumbei-1-l\/"},"modified":"2025-08-27T08:05:37","modified_gmt":"2025-08-27T06:05:37","slug":"columbo-vit-antioxidant-pt-porumbei-1-l","status":"publish","type":"product","link":"https:\/\/faberpet.ro\/stage\/produs\/columbo-vit-antioxidant-pt-porumbei-1-l\/","title":{"rendered":"Columbo-Vit antioxidant pt porumbei 1 L"},"content":{"rendered":"<p>Propriet\u0103\u021bi: Con\u0163ine extracte de plante medicinale cu un con\u021binut ridicat de antioxidan\u021bi \u0219i nutrien\u021bi esen\u021biali pentru porumbei care au probleme neurologice. Are rol \u00een detoxifierea organismului, contribuind la fortificarea \u00eentregului organism. Sus\u021bine func\u021bia mental\u0103 \u0219i reduce \u00eemb\u0103tr\u00e2nirea celulelor. Ajut\u0103 \u00een recuperare dup\u0103 anumite patologii. este recomandat \u0219i pentru porumbei \u00een v\u00e2rst\u0103. este recomandat pentru porumbei. Mod de utilizare:Se administreaz\u0103 la porumbei pe cale oral\u0103, 2- 3 ml\/1 L ap\u0103 de b\u0103ut, timp de 5- 7 zile. Se poate administra \u00een continuu \u00een caz de necesitate. Ingrediente:Hippophae rhamnoides (c\u0103tin\u0103), Rosa canina (m\u0103ce\u0219e), Calendula officinalis (g\u0103lbenele), Artemisia annua(pelini\u021b\u0103)Precau\u021bii:A nu se l\u0103sa la \u00eendem\u00e2na copiilor. A nu se refolosi flaconul dup\u0103 golire. Prezentare:1 L<\/p>\n","protected":false},"excerpt":{"rendered":"<p>Propriet\u0103\u021bi: Con\u0163ine extracte de plante medicinale cu un con\u021binut ridicat de antioxidan\u021bi \u0219i nutrien\u021bi esen\u021biali pentru porumbei care au probleme neurologice. Are rol \u00een detoxifierea organismului, contribuind la fortificarea \u00eentregului organism. Sus\u021bine func\u021bia mental\u0103 \u0219i reduce \u00eemb\u0103tr\u00e2nirea celulelor. Ajut\u0103 \u00een recuperare dup\u0103 anumite patologii. este recomandat \u0219i pentru porumbei \u00een v\u00e2rst\u0103. este recomandat pentru porumbei. [&hellip;]<\/p>\n","protected":false},"featured_media":10679,"template":"","meta":[],"product_brand":[],"product_cat":[174,628],"product_tag":[2562,2564,2563],"class_list":{"0":"post-5655","1":"product","2":"type-product","3":"status-publish","4":"has-post-thumbnail","6":"product_cat-pasari","7":"product_cat-porumbei","8":"product_tag-antioxidant-pentru-porumbei","9":"product_tag-ingrjire-porumbei","10":"product_tag-nutrienti-porumbei","12":"first","13":"instock","14":"shipping-taxable","15":"purchasable","16":"product-type-simple"},"_links":{"self":[{"href":"https:\/\/faberpet.ro\/stage\/wp-json\/wp\/v2\/product\/5655","targetHints":{"allow":["GET"]}}],"collection":[{"href":"https:\/\/faberpet.ro\/stage\/wp-json\/wp\/v2\/product"}],"about":[{"href":"https:\/\/faberpet.ro\/stage\/wp-json\/wp\/v2\/types\/product"}],"wp:featuredmedia":[{"embeddable":true,"href":"https:\/\/faberpet.ro\/stage\/wp-json\/wp\/v2\/media\/10679"}],"wp:attachment":[{"href":"https:\/\/faberpet.ro\/stage\/wp-json\/wp\/v2\/media?parent=5655"}],"wp:term":[{"taxonomy":"product_brand","embeddable":true,"href":"https:\/\/faberpet.ro\/stage\/wp-json\/wp\/v2\/product_brand?post=5655"},{"taxonomy":"product_cat","embeddable":true,"href":"https:\/\/faberpet.ro\/stage\/wp-json\/wp\/v2\/product_cat?post=5655"},{"taxonomy":"product_tag","embeddable":true,"href":"https:\/\/faberpet.ro\/stage\/wp-json\/wp\/v2\/product_tag?post=5655"}],"curies":[{"name":"wp","href":"https:\/\/api.w.org\/{rel}","templated":true}]}}