{"id":5657,"date":"2024-10-21T20:35:30","date_gmt":"2024-10-21T17:35:30","guid":{"rendered":"https:\/\/faberpet.ro\/stage\/produs\/columbo-vit-antistres-pt-porumbei-1-l\/"},"modified":"2025-08-27T08:06:16","modified_gmt":"2025-08-27T06:06:16","slug":"columbo-vit-antistres-pt-porumbei-1-l","status":"publish","type":"product","link":"https:\/\/faberpet.ro\/stage\/produs\/columbo-vit-antistres-pt-porumbei-1-l\/","title":{"rendered":"Columbo-Vit Antistres pt porumbei 1 L"},"content":{"rendered":"<p>Propriet\u0103\u021bi: Con\u0163ine extracte de plante medicinale cu propriet\u0103\u0163i care sus\u021bine sistemul nervos \u0219i func\u021bia psihic\u0103, contribuind la gestionarea situa\u021biilor stresante. Cre\u0219te capacitatea de adaptare la condi\u021biile schimb\u0103toare de mediu, sus\u021bine o bun\u0103 dispozi\u021bie, \u00eembun\u0103t\u0103\u021bind calitatea somnului. Ajut\u0103 porumbeiul s\u0103 se relaxeze \u0219i s\u0103 r\u0103m\u00e2ne calm \u00een situa\u021bii stresante, favoriz\u00e2nd recuperarea corpului dup\u0103 periode stresante. Reduce nivelul radicalilor liberi \u0219i a altor factori de stres care pot produce inflama\u021bii \u00een organisme. este recomandat pentru porumbei. Mod de utilizare:Se administreaz\u0103 la porumbei pe cale oral\u0103, 3- 5 ml\/1 L ap\u0103 de b\u0103ut, timp de 5- 7 zile. Se poate administra \u00een continuu \u00een caz de necesitate. Ingrediente:Radix valerianae (r\u0103d\u0103cin\u0103 de valerian\u0103), Melissa officinalis (roini\u021b\u0103), Salvia officinalis (salvie), Hypericum perforatum (sun\u0103toare), Humulus lupus (hamei), Acorus calamus (obligean\u0103), Viscum album (v\u00e2sc), Primula veris (ciubu\u021bica). Precau\u021bii:A nu se l\u0103sa la \u00eendem\u00e2na copiilor. A nu se refolosi flaconul dup\u0103 golire. Prezentare:1 L<\/p>\n","protected":false},"excerpt":{"rendered":"<p>Propriet\u0103\u021bi: Con\u0163ine extracte de plante medicinale cu propriet\u0103\u0163i care sus\u021bine sistemul nervos \u0219i func\u021bia psihic\u0103, contribuind la gestionarea situa\u021biilor stresante. Cre\u0219te capacitatea de adaptare la condi\u021biile schimb\u0103toare de mediu, sus\u021bine o bun\u0103 dispozi\u021bie, \u00eembun\u0103t\u0103\u021bind calitatea somnului. Ajut\u0103 porumbeiul s\u0103 se relaxeze \u0219i s\u0103 r\u0103m\u00e2ne calm \u00een situa\u021bii stresante, favoriz\u00e2nd recuperarea corpului dup\u0103 periode stresante. Reduce [&hellip;]<\/p>\n","protected":false},"featured_media":10681,"template":"","meta":[],"product_brand":[],"product_cat":[174,628],"product_tag":[2565,2564,2563],"class_list":{"0":"post-5657","1":"product","2":"type-product","3":"status-publish","4":"has-post-thumbnail","6":"product_cat-pasari","7":"product_cat-porumbei","8":"product_tag-antistres-pentru-porumbei","9":"product_tag-ingrjire-porumbei","10":"product_tag-nutrienti-porumbei","12":"first","13":"instock","14":"shipping-taxable","15":"purchasable","16":"product-type-simple"},"_links":{"self":[{"href":"https:\/\/faberpet.ro\/stage\/wp-json\/wp\/v2\/product\/5657","targetHints":{"allow":["GET"]}}],"collection":[{"href":"https:\/\/faberpet.ro\/stage\/wp-json\/wp\/v2\/product"}],"about":[{"href":"https:\/\/faberpet.ro\/stage\/wp-json\/wp\/v2\/types\/product"}],"wp:featuredmedia":[{"embeddable":true,"href":"https:\/\/faberpet.ro\/stage\/wp-json\/wp\/v2\/media\/10681"}],"wp:attachment":[{"href":"https:\/\/faberpet.ro\/stage\/wp-json\/wp\/v2\/media?parent=5657"}],"wp:term":[{"taxonomy":"product_brand","embeddable":true,"href":"https:\/\/faberpet.ro\/stage\/wp-json\/wp\/v2\/product_brand?post=5657"},{"taxonomy":"product_cat","embeddable":true,"href":"https:\/\/faberpet.ro\/stage\/wp-json\/wp\/v2\/product_cat?post=5657"},{"taxonomy":"product_tag","embeddable":true,"href":"https:\/\/faberpet.ro\/stage\/wp-json\/wp\/v2\/product_tag?post=5657"}],"curies":[{"name":"wp","href":"https:\/\/api.w.org\/{rel}","templated":true}]}}