{"id":5662,"date":"2024-10-21T20:35:30","date_gmt":"2024-10-21T17:35:30","guid":{"rendered":"https:\/\/faberpet.ro\/stage\/produs\/columbo-vit-entero-pt-porumbei-200-ml\/"},"modified":"2025-08-27T08:07:25","modified_gmt":"2025-08-27T06:07:25","slug":"columbo-vit-entero-pt-porumbei-200-ml","status":"publish","type":"product","link":"https:\/\/faberpet.ro\/stage\/produs\/columbo-vit-entero-pt-porumbei-200-ml\/","title":{"rendered":"Columbo-Vit Entero pt porumbei 200 ml"},"content":{"rendered":"<p>Propriet\u0103\u021bi: Con\u0163ine extracte de plante medicinale care au propriet\u0103\u0163i antiseptice, antiinflamatoare, hepatoprotectoare, coleretice, antidiareice, antihemoragice, antiemetice, analgezic local, antispastice \u015fi astringente, \u00een enterocolite, diaree cronice \u015fi acute, dizenterii, dureri abdominale cu crampe, balon\u0103ri intestinale, \u00een lipsa poftei de m\u00e2ncare, \u00een anemie, detoxific\u00e2nd organismul, elimin\u00e2nd bacteriile de putrefac\u0163ie din intestin, normaliz\u00e2nd flora intestinal\u0103, \u00een infec\u0163ii bacteriene, fungicide \u015fi virale ale tubului digestiv. Se recomand\u0103 folosirea la porumbei. Mod de utilizare:Se administreaz\u0103 la porumbei pe cale oral\u0103, 2- 3 ml\/1 L ap\u0103 de b\u0103ut, timp de 7- 10 zile. \u00cen cazurile grave doza se dubleaz\u0103. Se poate administra \u00een continuu \u00een caz de necesitate. Ingrediente:Urtica dioica (urzic\u0103 frunz\u0103)\u2022Agrimonia eupatoria (turita mare) \u2022 Calendula officinalis (g\u0103lbenele) \u2022 Lithrum salicaria (rachitan) \u2022 Hypericum perforatum (sun\u0103toare) \u2022 Mentha (ment\u0103) \u2022 Populus nigra(muguri de plop) \u2022 Plantago (patlagina)\u2022 Origanum vulgare (\u0219ov\u00e2rf) \u2022 Potentilla anserina (coada racului) \u2022 Salvia officinalis (salvie) \u2022 Achillea millefolium (coada \u0219oricelului)\u2022 Vaccinium myrtillus (afine frunze)\u2022 Angelica archangelica (angelica)\u2022 Foeniculum vulgare (fenicul)\u2022 Anethum graveolens (marar fructe) \u2022Coriandrum sativum (coriandru)\u2022 Cuminum (chimion)Precau\u021bii:A nu se l\u0103sa la \u00eendem\u00e2na copiilor. A nu se refolosi flaconul dup\u0103 golire. Prezentare:200 ml<\/p>\n","protected":false},"excerpt":{"rendered":"<p>Propriet\u0103\u021bi: Con\u0163ine extracte de plante medicinale care au propriet\u0103\u0163i antiseptice, antiinflamatoare, hepatoprotectoare, coleretice, antidiareice, antihemoragice, antiemetice, analgezic local, antispastice \u015fi astringente, \u00een enterocolite, diaree cronice \u015fi acute, dizenterii, dureri abdominale cu crampe, balon\u0103ri intestinale, \u00een lipsa poftei de m\u00e2ncare, \u00een anemie, detoxific\u00e2nd organismul, elimin\u00e2nd bacteriile de putrefac\u0163ie din intestin, normaliz\u00e2nd flora intestinal\u0103, \u00een infec\u0163ii bacteriene, [&hellip;]<\/p>\n","protected":false},"featured_media":10686,"template":"","meta":[],"product_brand":[],"product_cat":[174,628],"product_tag":[2568,2564,2563],"class_list":{"0":"post-5662","1":"product","2":"type-product","3":"status-publish","4":"has-post-thumbnail","6":"product_cat-pasari","7":"product_cat-porumbei","8":"product_tag-entero-pentru-porumbei","9":"product_tag-ingrjire-porumbei","10":"product_tag-nutrienti-porumbei","12":"first","13":"instock","14":"shipping-taxable","15":"purchasable","16":"product-type-simple"},"_links":{"self":[{"href":"https:\/\/faberpet.ro\/stage\/wp-json\/wp\/v2\/product\/5662","targetHints":{"allow":["GET"]}}],"collection":[{"href":"https:\/\/faberpet.ro\/stage\/wp-json\/wp\/v2\/product"}],"about":[{"href":"https:\/\/faberpet.ro\/stage\/wp-json\/wp\/v2\/types\/product"}],"wp:featuredmedia":[{"embeddable":true,"href":"https:\/\/faberpet.ro\/stage\/wp-json\/wp\/v2\/media\/10686"}],"wp:attachment":[{"href":"https:\/\/faberpet.ro\/stage\/wp-json\/wp\/v2\/media?parent=5662"}],"wp:term":[{"taxonomy":"product_brand","embeddable":true,"href":"https:\/\/faberpet.ro\/stage\/wp-json\/wp\/v2\/product_brand?post=5662"},{"taxonomy":"product_cat","embeddable":true,"href":"https:\/\/faberpet.ro\/stage\/wp-json\/wp\/v2\/product_cat?post=5662"},{"taxonomy":"product_tag","embeddable":true,"href":"https:\/\/faberpet.ro\/stage\/wp-json\/wp\/v2\/product_tag?post=5662"}],"curies":[{"name":"wp","href":"https:\/\/api.w.org\/{rel}","templated":true}]}}