{"id":5665,"date":"2024-10-21T20:35:30","date_gmt":"2024-10-21T17:35:30","guid":{"rendered":"https:\/\/faberpet.ro\/stage\/produs\/columbo-vit-pneumo-pt-porumbei-1-l\/"},"modified":"2025-08-27T08:09:25","modified_gmt":"2025-08-27T06:09:25","slug":"columbo-vit-pneumo-pt-porumbei-1-l","status":"publish","type":"product","link":"https:\/\/faberpet.ro\/stage\/produs\/columbo-vit-pneumo-pt-porumbei-1-l\/","title":{"rendered":"Columbo-Vit Pneumo pt porumbei 1 L"},"content":{"rendered":"<p>Propriet\u0103\u021bi: Con\u0163ine extracte de plante medicinale care au propriet\u0103\u0163i antiseptice, antiinflamatoare, expectorante, antitusive, \u00een broncho- pneumonii acute \u015fi cronice, pleurite, bron\u015fit\u0103 spastic\u0103, faringite, bron\u015fite acute \u015fi cronice, \u00een traheo- bron\u015fite acute, \u00een infec\u0163iile bacteriene, fungicide \u015fi virale ale aparatului respirator, \u00een convalescen\u0163\u0103 dup\u0103 afec\u0163iuni respiratorii \u015fi circulatorii, \u00eembun\u0103t\u0103\u0163ind circula\u0163ia sanguin\u0103, fluidific\u00e2nd secre\u0163iile bron\u015fice, degaj\u00e2nd sinusurile, bronhiile \u015fi pl\u0103m\u00e2nii. Se recomand\u0103 folosirea la porumbei. Mod de utilizare:Se administreaz\u0103 la porumbei pe cale oral\u0103, 3- 5 ml\/1 L ap\u0103 de b\u0103ut, timp de 5- 7 zile. Se poate administra \u00een continuu \u00een caz de necesitate. Ingrediente:\u2022 Pulmonar officinalis (plamanirca) \u2022Thymus serpyllum (cimbri\u0219or) \u2022 Agrimonia eupatoria (turia mare) \u2022 Foeniculum vulgare (fenicul)\u2022Chelidonium majus (rostpasc\u0103) \u2022 Hypericum perforatum(sun\u0103toare) \u2022 Pinus sylvestris (muguri pin) \u2022 Populus nigra(muguri de plop) \u2022 Plantago (p\u0103tlagin\u0103) \u2022 Rosmarinus officinalis (rozmarin) \u2022 Urtica dioica (urzica frunz\u0103) \u2022 Mentha (ment\u0103) \u2022 Angelica archangelica (angelica) \u2022 Allium cepa (ceapa galben\u0103) \u2022 Allium sativum (ustoro I)Precau\u021bii:A nu se l\u0103sa la \u00eendem\u00e2na copiilor. A nu se refolosi flaconul dup\u0103 golire. Prezentare:1 L<\/p>\n","protected":false},"excerpt":{"rendered":"<p>Propriet\u0103\u021bi: Con\u0163ine extracte de plante medicinale care au propriet\u0103\u0163i antiseptice, antiinflamatoare, expectorante, antitusive, \u00een broncho- pneumonii acute \u015fi cronice, pleurite, bron\u015fit\u0103 spastic\u0103, faringite, bron\u015fite acute \u015fi cronice, \u00een traheo- bron\u015fite acute, \u00een infec\u0163iile bacteriene, fungicide \u015fi virale ale aparatului respirator, \u00een convalescen\u0163\u0103 dup\u0103 afec\u0163iuni respiratorii \u015fi circulatorii, \u00eembun\u0103t\u0103\u0163ind circula\u0163ia sanguin\u0103, fluidific\u00e2nd secre\u0163iile bron\u015fice, degaj\u00e2nd sinusurile, [&hellip;]<\/p>\n","protected":false},"featured_media":10689,"template":"","meta":[],"product_brand":[],"product_cat":[174,628],"product_tag":[2564,2563,2569],"class_list":{"0":"post-5665","1":"product","2":"type-product","3":"status-publish","4":"has-post-thumbnail","6":"product_cat-pasari","7":"product_cat-porumbei","8":"product_tag-ingrjire-porumbei","9":"product_tag-nutrienti-porumbei","10":"product_tag-pneumo-pentru-porumbei","12":"first","13":"instock","14":"shipping-taxable","15":"purchasable","16":"product-type-simple"},"_links":{"self":[{"href":"https:\/\/faberpet.ro\/stage\/wp-json\/wp\/v2\/product\/5665","targetHints":{"allow":["GET"]}}],"collection":[{"href":"https:\/\/faberpet.ro\/stage\/wp-json\/wp\/v2\/product"}],"about":[{"href":"https:\/\/faberpet.ro\/stage\/wp-json\/wp\/v2\/types\/product"}],"wp:featuredmedia":[{"embeddable":true,"href":"https:\/\/faberpet.ro\/stage\/wp-json\/wp\/v2\/media\/10689"}],"wp:attachment":[{"href":"https:\/\/faberpet.ro\/stage\/wp-json\/wp\/v2\/media?parent=5665"}],"wp:term":[{"taxonomy":"product_brand","embeddable":true,"href":"https:\/\/faberpet.ro\/stage\/wp-json\/wp\/v2\/product_brand?post=5665"},{"taxonomy":"product_cat","embeddable":true,"href":"https:\/\/faberpet.ro\/stage\/wp-json\/wp\/v2\/product_cat?post=5665"},{"taxonomy":"product_tag","embeddable":true,"href":"https:\/\/faberpet.ro\/stage\/wp-json\/wp\/v2\/product_tag?post=5665"}],"curies":[{"name":"wp","href":"https:\/\/api.w.org\/{rel}","templated":true}]}}