{"id":5668,"date":"2024-10-21T20:35:31","date_gmt":"2024-10-21T17:35:31","guid":{"rendered":"https:\/\/faberpet.ro\/stage\/produs\/columbo-vit-digest-pt-porumbei-200-ml\/"},"modified":"2025-08-27T08:10:08","modified_gmt":"2025-08-27T06:10:08","slug":"columbo-vit-digest-pt-porumbei-200-ml","status":"publish","type":"product","link":"https:\/\/faberpet.ro\/stage\/produs\/columbo-vit-digest-pt-porumbei-200-ml\/","title":{"rendered":"Columbo-Vit Digest pt porumbei 200 ml"},"content":{"rendered":"<p>Propriet\u0103\u021bi: Con\u021bine extract de plante medicinale care au propriet\u0103\u0163i stomahice, digestive, stimul\u00e2nd activitatea hepato- biliar\u0103, \u00een dispepsii gastrointestinale, \u00een hipoaciditate gastric\u0103, \u00een meteoriza\u0163ii cronice, \u00een cazul constipa\u0163iei, \u00een afec\u0163iuni hepatice, la animalele sl\u0103bite, convalescente (m\u0103rind digestia \u015fi pofta de m\u00e2ncare). Se recomand\u0103 folosirea la porumbei. Mod de utilizare:Se administreaz\u0103 pe cale oral\u0103, 2- 3 ml\/1 L ap\u0103 de b\u0103ut, timp de 7- 10 zile. Se poate administra \u00een continuu \u00een caz de necesitate. Ingrediente:Sylibum marianum (armurariu)\u2022 Cynara scolymus (anghinare)\u2022 Foeniculum vulgare (fenicul)\u2022 Chelidonium majus (rostopasc\u0103)\u2022 Acorus calamus (obligean\u0103)\u2022Hypericum perforatum (sun\u0103toare)\u2022 Mentha (ment\u0103)\u2022 Achillea millefolium (coada \u0219oricelului)\u2022 Melissa officinalis (roini\u021b\u0103)\u2022 Hippophae rhamnoides (c\u0103tin\u0103 fructe m\u0103cinate)Precau\u021bii:A nu se l\u0103sa la \u00eendem\u00e2na copiilor. A nu se refolosi flaconul dup\u0103 golire. Prezentare:200 ml<\/p>\n","protected":false},"excerpt":{"rendered":"<p>Propriet\u0103\u021bi: Con\u021bine extract de plante medicinale care au propriet\u0103\u0163i stomahice, digestive, stimul\u00e2nd activitatea hepato- biliar\u0103, \u00een dispepsii gastrointestinale, \u00een hipoaciditate gastric\u0103, \u00een meteoriza\u0163ii cronice, \u00een cazul constipa\u0163iei, \u00een afec\u0163iuni hepatice, la animalele sl\u0103bite, convalescente (m\u0103rind digestia \u015fi pofta de m\u00e2ncare). Se recomand\u0103 folosirea la porumbei. Mod de utilizare:Se administreaz\u0103 pe cale oral\u0103, 2- 3 ml\/1 [&hellip;]<\/p>\n","protected":false},"featured_media":10692,"template":"","meta":[],"product_brand":[],"product_cat":[174,628],"product_tag":[2566,2564,2563],"class_list":{"0":"post-5668","1":"product","2":"type-product","3":"status-publish","4":"has-post-thumbnail","6":"product_cat-pasari","7":"product_cat-porumbei","8":"product_tag-digest-pentru-porumbei","9":"product_tag-ingrjire-porumbei","10":"product_tag-nutrienti-porumbei","12":"first","13":"instock","14":"shipping-taxable","15":"purchasable","16":"product-type-simple"},"_links":{"self":[{"href":"https:\/\/faberpet.ro\/stage\/wp-json\/wp\/v2\/product\/5668","targetHints":{"allow":["GET"]}}],"collection":[{"href":"https:\/\/faberpet.ro\/stage\/wp-json\/wp\/v2\/product"}],"about":[{"href":"https:\/\/faberpet.ro\/stage\/wp-json\/wp\/v2\/types\/product"}],"wp:featuredmedia":[{"embeddable":true,"href":"https:\/\/faberpet.ro\/stage\/wp-json\/wp\/v2\/media\/10692"}],"wp:attachment":[{"href":"https:\/\/faberpet.ro\/stage\/wp-json\/wp\/v2\/media?parent=5668"}],"wp:term":[{"taxonomy":"product_brand","embeddable":true,"href":"https:\/\/faberpet.ro\/stage\/wp-json\/wp\/v2\/product_brand?post=5668"},{"taxonomy":"product_cat","embeddable":true,"href":"https:\/\/faberpet.ro\/stage\/wp-json\/wp\/v2\/product_cat?post=5668"},{"taxonomy":"product_tag","embeddable":true,"href":"https:\/\/faberpet.ro\/stage\/wp-json\/wp\/v2\/product_tag?post=5668"}],"curies":[{"name":"wp","href":"https:\/\/api.w.org\/{rel}","templated":true}]}}