{"id":5670,"date":"2024-10-21T20:35:31","date_gmt":"2024-10-21T17:35:31","guid":{"rendered":"https:\/\/faberpet.ro\/stage\/produs\/columbo-vit-cocci-plus-pt-porumbei-200-ml\/"},"modified":"2025-08-27T08:10:53","modified_gmt":"2025-08-27T06:10:53","slug":"columbo-vit-cocci-plus-pt-porumbei-200-ml","status":"publish","type":"product","link":"https:\/\/faberpet.ro\/stage\/produs\/columbo-vit-cocci-plus-pt-porumbei-200-ml\/","title":{"rendered":"Columbo-Vit Cocci-Plus pt porumbei 200 ml"},"content":{"rendered":"<p>Propriet\u0103\u021bi: Con\u0163ine extracte de plante medicinale care au propriet\u0103\u0163i coccidiostatice, antiprotozoare, antiseptice, antiinflamatoare, antispastice, coleretice \u015fi astringente, imunomodulatoare, \u00een enterocolite, indigestii, diaree cronic\u0103 \u015fi acut\u0103, dureri abdominale cu crampe, balon\u0103ri intestinale, \u00een lipsa poftei de m\u00e2ncare, \u00een anemie, \u00een convalescen\u0163\u0103, \u00een afec\u0163iuni ale aparatului digestiv. Cre\u015fte sporul de greutate, distrug\u00e2nd oochi\u015ftii. Se poate asocia cu medicamente antiprotozoare. Se recomand\u0103 folosirea la porumbei. Mod de utilizare:Se administreaz\u0103 la porumbei pe cale oral\u0103, diluat \u00een ap\u0103 de b\u0103ut, \u00een urm\u0103toarele doze: Preventiv: 2- 3 ml\/1 L ap\u0103, timp de 7- 10 zile. Se recomand\u0103 cure lunare c\u00e2te 7- 10 zile. Curativ: 4- 5 ml\/1 L ap\u0103, timp de 7- 10 zile. Se poate administra \u00een continuu \u00een caz de necesitate. Ingrediente:Inula helenium (iarb\u0103 mare)\u2022Chelidonium majus (rostopasc\u0103)\u2022 Urtica dioica (urzic\u0103 r\u0103d\u0103cin\u0103) \u2022Glycyrrhiza glabra (lemn dulce) \u2022Coriandrum sativum (coriandru) \u2022Allium sativum (usturoi). Precau\u021bii:A nu se l\u0103sa la \u00eendem\u00e2na copiilor. A nu se refolosi flaconul dup\u0103 golire. Prezentare:200 ml<\/p>\n","protected":false},"excerpt":{"rendered":"<p>Propriet\u0103\u021bi: Con\u0163ine extracte de plante medicinale care au propriet\u0103\u0163i coccidiostatice, antiprotozoare, antiseptice, antiinflamatoare, antispastice, coleretice \u015fi astringente, imunomodulatoare, \u00een enterocolite, indigestii, diaree cronic\u0103 \u015fi acut\u0103, dureri abdominale cu crampe, balon\u0103ri intestinale, \u00een lipsa poftei de m\u00e2ncare, \u00een anemie, \u00een convalescen\u0163\u0103, \u00een afec\u0163iuni ale aparatului digestiv. Cre\u015fte sporul de greutate, distrug\u00e2nd oochi\u015ftii. Se poate asocia cu [&hellip;]<\/p>\n","protected":false},"featured_media":10694,"template":"","meta":[],"product_brand":[],"product_cat":[174,628],"product_tag":[2571,2572,2564,2563],"class_list":{"0":"post-5670","1":"product","2":"type-product","3":"status-publish","4":"has-post-thumbnail","6":"product_cat-pasari","7":"product_cat-porumbei","8":"product_tag-antiseptice-pentru-porumbei","9":"product_tag-cocci-plus","10":"product_tag-ingrjire-porumbei","11":"product_tag-nutrienti-porumbei","13":"first","14":"instock","15":"shipping-taxable","16":"purchasable","17":"product-type-simple"},"_links":{"self":[{"href":"https:\/\/faberpet.ro\/stage\/wp-json\/wp\/v2\/product\/5670","targetHints":{"allow":["GET"]}}],"collection":[{"href":"https:\/\/faberpet.ro\/stage\/wp-json\/wp\/v2\/product"}],"about":[{"href":"https:\/\/faberpet.ro\/stage\/wp-json\/wp\/v2\/types\/product"}],"wp:featuredmedia":[{"embeddable":true,"href":"https:\/\/faberpet.ro\/stage\/wp-json\/wp\/v2\/media\/10694"}],"wp:attachment":[{"href":"https:\/\/faberpet.ro\/stage\/wp-json\/wp\/v2\/media?parent=5670"}],"wp:term":[{"taxonomy":"product_brand","embeddable":true,"href":"https:\/\/faberpet.ro\/stage\/wp-json\/wp\/v2\/product_brand?post=5670"},{"taxonomy":"product_cat","embeddable":true,"href":"https:\/\/faberpet.ro\/stage\/wp-json\/wp\/v2\/product_cat?post=5670"},{"taxonomy":"product_tag","embeddable":true,"href":"https:\/\/faberpet.ro\/stage\/wp-json\/wp\/v2\/product_tag?post=5670"}],"curies":[{"name":"wp","href":"https:\/\/api.w.org\/{rel}","templated":true}]}}