{"id":5682,"date":"2024-10-21T20:35:34","date_gmt":"2024-10-21T17:35:34","guid":{"rendered":"https:\/\/faberpet.ro\/stage\/produs\/dynavit-pro-crestere-pentru-caini-cu-talie-mare-7505g\/"},"modified":"2025-08-05T08:40:52","modified_gmt":"2025-08-05T06:40:52","slug":"dynavit-pro-crestere-pentru-caini-cu-talie-mare-7505g","status":"publish","type":"product","link":"https:\/\/faberpet.ro\/stage\/produs\/dynavit-pro-crestere-pentru-caini-cu-talie-mare-7505g\/","title":{"rendered":"Dynavit-Pro Crestere pentru caini cu talie mare 750*5g"},"content":{"rendered":"<p>Propriet\u0103\u021bi: Dynavit- pro Crestere tablete palatabile, este un supliment nutritiv pentru caini. Contine o formula completa si echilibrata de vitamine si minerale, care impreuna ajuta la mentinerea sanatatii cainelui in perioada de crestere si\/sau pentru femele gestante sau in lactatie. Ajuta la cresterea si mineralizarea sistemului osos. Adjuvant in prevenirea si tratarea fracturilor. Contine un raport Ca\/P =2 pentru densitate corespunzatoare a osaturii. Contine un raport Ca\/Mg =2 pentru absorbtie si utilizare corespunzatoare. Vitamina A previne infectiile, mareste rezistenta organismului, stimuleaza cresterea. Vitamina D3 este indispensabila dezvoltarii scheletului, intervine in reglarea echilibrului calciu- fosfor si in metabolismul glucidic. Vitamina E previne oxidarea lipidelor din organism si a grasimilor din hrana. Stimuleaza fertilitatea si prolificitatea. Vitamina C mareste rezistenta organismului fata de infectii si are un important efect antistres. Favorizeaza formarea colagenului, a cartilajelor, a dentinei si oseinei, accelereaza procesul de cicatrizare al plagilor. Stimuleaza hematopoieza, absorbtia fierului din intestin, antitoxic, antiinfectios si tonifiant. Mod de utilizare:Se administreaz\u0103 pe cale oral\u0103, ca atare sau amestecat in hrana, \u00een urm\u0103toarele doze zilnice: \u2013 In tratamente initiale de 4- 6 saptamani: 1tableta zilnic pentru fiecare 5kg greutate corporala \u2013 Intretinere: 1 tableta zilnic pentru fiecare 10kg greutate corporala Se recomand\u0103 divizarea dozei zilnice \u00een dou\u0103 prize, diminea\u021ba \u0219i seara, inainte de administrarea hr\u0103nii. Ingrediente:100 g con\u0163ine: Calciu (carbonat) \u2026\u2026. 20. 000 mg Fosfor \u2026\u2026\u2026\u2026\u2026\u2026\u2026\u2026 10. 000 mg Magneziu \u2026\u2026\u2026\u2026\u2026\u2026. 10. 000 mg Vitamina A \u2026\u2026\u2026\u2026\u2026. 25. 000 U. I. Vitamina D3 \u2026\u2026\u2026\u2026\u2026. 2. 000 U. I. Vitamina C \u2026\u2026\u2026\u2026\u2026\u2026\u2026 350 mg Vitamina E \u2026\u2026\u2026\u2026\u2026\u2026\u2026. . 75 U. I. f\u0103inuri proteice, lactoz\u0103 \u015fi lian\u0163i ad 100 g. Precau\u021bii:A nu se l\u0103sa la \u00eendem\u00e2na copiilor. A nu se refolosi flaconul dup\u0103 golire. Prezentare:40*5 g<\/p>\n","protected":false},"excerpt":{"rendered":"<p>Propriet\u0103\u021bi: Dynavit- pro Crestere tablete palatabile, este un supliment nutritiv pentru caini. Contine o formula completa si echilibrata de vitamine si minerale, care impreuna ajuta la mentinerea sanatatii cainelui in perioada de crestere si\/sau pentru femele gestante sau in lactatie. Ajuta la cresterea si mineralizarea sistemului osos. Adjuvant in prevenirea si tratarea fracturilor. Contine un [&hellip;]<\/p>\n","protected":false},"featured_media":10705,"template":"","meta":[],"product_brand":[],"product_cat":[168,169,184],"product_tag":[2579,2576,2577],"class_list":{"0":"post-5682","1":"product","2":"type-product","3":"status-publish","4":"has-post-thumbnail","6":"product_cat-caini","7":"product_cat-ingrijire-caini","8":"product_cat-suplimente-si-vitamine","9":"product_tag-dynavit-pro-crestere","10":"product_tag-suplimente-pentru-caini","11":"product_tag-suplimente-pentru-pisici","13":"first","14":"instock","15":"shipping-taxable","16":"purchasable","17":"product-type-simple"},"_links":{"self":[{"href":"https:\/\/faberpet.ro\/stage\/wp-json\/wp\/v2\/product\/5682","targetHints":{"allow":["GET"]}}],"collection":[{"href":"https:\/\/faberpet.ro\/stage\/wp-json\/wp\/v2\/product"}],"about":[{"href":"https:\/\/faberpet.ro\/stage\/wp-json\/wp\/v2\/types\/product"}],"wp:featuredmedia":[{"embeddable":true,"href":"https:\/\/faberpet.ro\/stage\/wp-json\/wp\/v2\/media\/10705"}],"wp:attachment":[{"href":"https:\/\/faberpet.ro\/stage\/wp-json\/wp\/v2\/media?parent=5682"}],"wp:term":[{"taxonomy":"product_brand","embeddable":true,"href":"https:\/\/faberpet.ro\/stage\/wp-json\/wp\/v2\/product_brand?post=5682"},{"taxonomy":"product_cat","embeddable":true,"href":"https:\/\/faberpet.ro\/stage\/wp-json\/wp\/v2\/product_cat?post=5682"},{"taxonomy":"product_tag","embeddable":true,"href":"https:\/\/faberpet.ro\/stage\/wp-json\/wp\/v2\/product_tag?post=5682"}],"curies":[{"name":"wp","href":"https:\/\/api.w.org\/{rel}","templated":true}]}}