{"id":5683,"date":"2024-10-21T20:35:34","date_gmt":"2024-10-21T17:35:34","guid":{"rendered":"https:\/\/faberpet.ro\/stage\/produs\/dynavit-pro-crestere-pt-pisici-caini-cu-talie-medie-si-mica-2001g\/"},"modified":"2025-08-05T08:41:10","modified_gmt":"2025-08-05T06:41:10","slug":"dynavit-pro-crestere-pt-pisici-caini-cu-talie-medie-si-mica-2001g","status":"publish","type":"product","link":"https:\/\/faberpet.ro\/stage\/produs\/dynavit-pro-crestere-pt-pisici-caini-cu-talie-medie-si-mica-2001g\/","title":{"rendered":"Dynavit-Pro Crestere pt pisici, caini cu talie medie si mica 200*1g"},"content":{"rendered":"<p>Propriet\u0103\u021bi: Dynavit- pro Crestere tablete palatabile, este un supliment nutritiv pentru c\u00e2ini. Con\u021bine o formula complet\u0103 \u0219i echilibrat\u0103 de vitamine \u0219i minerale, care \u00eempreun\u0103 ajut\u0103 la men\u021binerea s\u0103n\u0103t\u0103\u021bii c\u00e2inelui \u00een perioada de cre\u0219tere \u0219i\/sau pentru femele gestante sau \u00een lacta\u021bie. Ajut\u0103 la cre\u0219terea \u0219i mineralizarea sistemului osos. Adjuvant \u00een prevenirea si tratarea fracturilor. Con\u021bine un raport Ca\/P =2 pentru densitate corespunz\u0103toare a os\u0103turii. Con\u021bine un raport Ca\/Mg =2 pentru absorb\u021bie \u0219i utilizare corespunz\u0103toare. Vitamina A previne infectiile, mareste rezistenta organismului, stimuleaza cresterea. Vitamina D3 este indispensabila dezvoltarii scheletului, intervine in reglarea echilibrului calciu- fosfor si in metabolismul glucidic. Vitamina E previne oxidarea lipidelor din organism si a grasimilor din hrana. Stimuleaza fertilitatea si prolificitatea. Vitamina C mareste rezistenta organismului fata de infectii si are un important efect antistres. Favorizeaza formarea colagenului, a cartilajelor, a dentinei si oseinei, accelereaza procesul de cicatrizare al plagilor. Stimuleaza hematopoieza, absorbtia fierului din intestin, antitoxic, antiinfectios si tonifiant. Mod de utilizare:Se administreaz\u0103 pe cale oral\u0103, ca atare sau amestecat \u00een hran\u0103, \u00eenainte de mas\u0103, 1 tablet\u0103 zilnic pentru fiecare 1, 5- 2 kg greutate corporal\u0103. Ingrediente:100 g con\u0163ine: Calciu (carbonat) \u2026\u2026. 20. 000 mg Fosfor \u2026\u2026\u2026\u2026\u2026\u2026\u2026\u2026 10. 000 mg Magneziu \u2026\u2026\u2026\u2026\u2026\u2026. 10. 000 mg Vitamina A \u2026\u2026\u2026\u2026\u2026. 25. 000 U. I. Vitamina D3 \u2026\u2026\u2026\u2026\u2026. 2. 000 U. I. Vitamina C \u2026\u2026\u2026\u2026\u2026\u2026\u2026 350 mg Vitamina E \u2026\u2026\u2026\u2026\u2026\u2026\u2026. . 75 U. I. f\u0103inuri proteice, lactoz\u0103 \u015fi lian\u0163i ad 100 g excipiente: stearat de magnesiu, fain\u0103 de carne, ludipress, gum\u0103 arabicum, dextroz\u0103Precau\u021bii:A nu se l\u0103sa la \u00eendem\u00e2na copiilor! A nu se refolosi flaconul dup\u0103 golire! Nu se recomand\u0103 administrarea dac\u0103 animalul este alergic la unul dintre componente! Prezentare:200*1 g<\/p>\n","protected":false},"excerpt":{"rendered":"<p>Propriet\u0103\u021bi: Dynavit- pro Crestere tablete palatabile, este un supliment nutritiv pentru c\u00e2ini. Con\u021bine o formula complet\u0103 \u0219i echilibrat\u0103 de vitamine \u0219i minerale, care \u00eempreun\u0103 ajut\u0103 la men\u021binerea s\u0103n\u0103t\u0103\u021bii c\u00e2inelui \u00een perioada de cre\u0219tere \u0219i\/sau pentru femele gestante sau \u00een lacta\u021bie. Ajut\u0103 la cre\u0219terea \u0219i mineralizarea sistemului osos. Adjuvant \u00een prevenirea si tratarea fracturilor. Con\u021bine un [&hellip;]<\/p>\n","protected":false},"featured_media":10706,"template":"","meta":[],"product_brand":[],"product_cat":[168,169,172,171,184,185],"product_tag":[2579,2576,2577],"class_list":{"0":"post-5683","1":"product","2":"type-product","3":"status-publish","4":"has-post-thumbnail","6":"product_cat-caini","7":"product_cat-ingrijire-caini","8":"product_cat-ingrijire-pisici","9":"product_cat-pisici","10":"product_cat-suplimente-si-vitamine","11":"product_cat-suplimente-si-vitamine-ingrijire-pisici","12":"product_tag-dynavit-pro-crestere","13":"product_tag-suplimente-pentru-caini","14":"product_tag-suplimente-pentru-pisici","16":"first","17":"instock","18":"shipping-taxable","19":"purchasable","20":"product-type-simple"},"_links":{"self":[{"href":"https:\/\/faberpet.ro\/stage\/wp-json\/wp\/v2\/product\/5683","targetHints":{"allow":["GET"]}}],"collection":[{"href":"https:\/\/faberpet.ro\/stage\/wp-json\/wp\/v2\/product"}],"about":[{"href":"https:\/\/faberpet.ro\/stage\/wp-json\/wp\/v2\/types\/product"}],"wp:featuredmedia":[{"embeddable":true,"href":"https:\/\/faberpet.ro\/stage\/wp-json\/wp\/v2\/media\/10706"}],"wp:attachment":[{"href":"https:\/\/faberpet.ro\/stage\/wp-json\/wp\/v2\/media?parent=5683"}],"wp:term":[{"taxonomy":"product_brand","embeddable":true,"href":"https:\/\/faberpet.ro\/stage\/wp-json\/wp\/v2\/product_brand?post=5683"},{"taxonomy":"product_cat","embeddable":true,"href":"https:\/\/faberpet.ro\/stage\/wp-json\/wp\/v2\/product_cat?post=5683"},{"taxonomy":"product_tag","embeddable":true,"href":"https:\/\/faberpet.ro\/stage\/wp-json\/wp\/v2\/product_tag?post=5683"}],"curies":[{"name":"wp","href":"https:\/\/api.w.org\/{rel}","templated":true}]}}