{"id":5686,"date":"2024-10-21T20:35:34","date_gmt":"2024-10-21T17:35:34","guid":{"rendered":"https:\/\/faberpet.ro\/stage\/produs\/dynavit-pro-multivit-pentru-caini-cu-talie-mare-7005g\/"},"modified":"2025-08-05T08:42:34","modified_gmt":"2025-08-05T06:42:34","slug":"dynavit-pro-multivit-pentru-caini-cu-talie-mare-7005g","status":"publish","type":"product","link":"https:\/\/faberpet.ro\/stage\/produs\/dynavit-pro-multivit-pentru-caini-cu-talie-mare-7005g\/","title":{"rendered":"Dynavit-Pro Multivit pentru caini cu talie mare 700*5g"},"content":{"rendered":"<p>Propriet\u0103\u021bi: Tablete Dynavit- pro Multivitamin, con\u021bin vitamine foarte importante care men\u021bin cre\u0219terea, s\u0103n\u0103tatea, imunitatea, memoria \u0219i activitatea sistemului cardiovascular. este un supliment nutri\u021bional complet \u0219i echilibrat\u0103 de vitamine, minerale, aminoacizi, antioxidan\u021bi \u0219i al\u021bi factori care impreun\u0103 ajut\u0103 la s\u0103n\u0103tatea c\u00e2inelui, pentru toate v\u00e2rstele \u0219i rasele, inclusiv perioda de cre\u0219tere, de gesta\u021bie sau de lacta\u021bie. Mod de utilizare:Se administreaz\u0103 pe cale oral\u0103, ca atare sau amestecat in hran\u0103, \u00een urm\u0103toarele doze zilnice:- \u00cen tratamente ini\u021biale timp de 4- 6 s\u0103pt\u0103m\u00e2ni: 1 tablet\u0103 zilnic pentru fiecare 5kg greutate corporal\u0103. \u2013 \u00centre\u021binere: 1 tablet\u0103 zilnic pentru fiecare 10kg greutate corporal\u0103. Se recomand\u0103 divizarea dozei zilnice \u00een dou\u0103 prize, diminea\u021ba \u0219i seara, \u00eenainte de administrarea hr\u0103nii. CONTRAINDICA\u021aII: Nu sunt. Ingrediente:5 g con\u0163ine:Vitamina A\u2026\u2026\u2026\u2026. . 0, 625 mg Vitamina D3\u2026\u2026\u2026\u20260, 75 mg Vitamina E\u2026\u2026\u2026\u2026\u20265 mg Vitamina K1\u2026\u2026\u2026\u2026. 0, 75 mg Vitamina B1\u2026\u2026\u2026\u2026. 0, 125 mg Vitamina B6\u2026\u2026\u2026\u2026. 0, 125 mg Vitamina B12\u2026\u2026\u2026. . 0, 125 mg Vitamina C\u2026\u2026\u2026\u2026\u202612, 5 mg Acid alpha lipoic\u2026\u20260, 125 mg Acid folic\u2026\u2026\u2026\u2026\u2026. . 0, 125 mg Niacinamid\u0103\u2026\u2026\u2026\u20260, 125 mg L- lysine\u2026\u2026\u2026\u2026\u2026\u2026. . 0, 125 mg Metionin\u0103\u2026\u2026\u2026\u2026\u2026. 0, 125 mg Lecitin\u0103\u2026\u2026\u2026\u2026\u2026\u2026. 0, 250 mg Cholin\u2026\u2026\u2026\u2026\u2026\u2026\u20260, 125 mg Betain\u2026\u2026\u2026\u2026\u2026\u2026\u20260, 125 mg Seleniu\u2026\u2026\u2026\u2026\u2026\u2026. . 0, 125 mg Ferozone\u2026\u2026\u2026\u2026\u2026\u20260, 125 mg Zinc\u2026\u2026\u2026\u2026\u2026\u2026\u2026\u2026. 0, 125 mg Potasiu\u2026\u2026\u2026\u2026\u2026\u2026. . 0, 125 mg Iod\u2026\u2026\u2026\u2026\u2026\u2026\u2026\u2026. . 0, 125 mg M\u0103ce\u0219e\u2026\u2026\u2026\u2026\u2026\u2026. 500 mg C\u0103tin\u0103\u2026\u2026\u2026\u2026\u2026\u2026\u2026 125 mg Precau\u021bii:A nu se l\u0103sa la \u00eendem\u00e2na copiilor. A nu se refolosi flaconul dup\u0103 golire. Prezentare:150*5 g<\/p>\n","protected":false},"excerpt":{"rendered":"<p>Propriet\u0103\u021bi: Tablete Dynavit- pro Multivitamin, con\u021bin vitamine foarte importante care men\u021bin cre\u0219terea, s\u0103n\u0103tatea, imunitatea, memoria \u0219i activitatea sistemului cardiovascular. este un supliment nutri\u021bional complet \u0219i echilibrat\u0103 de vitamine, minerale, aminoacizi, antioxidan\u021bi \u0219i al\u021bi factori care impreun\u0103 ajut\u0103 la s\u0103n\u0103tatea c\u00e2inelui, pentru toate v\u00e2rstele \u0219i rasele, inclusiv perioda de cre\u0219tere, de gesta\u021bie sau de lacta\u021bie. Mod [&hellip;]<\/p>\n","protected":false},"featured_media":10709,"template":"","meta":[],"product_brand":[],"product_cat":[168,169,184],"product_tag":[2580,2576,2577],"class_list":{"0":"post-5686","1":"product","2":"type-product","3":"status-publish","4":"has-post-thumbnail","6":"product_cat-caini","7":"product_cat-ingrijire-caini","8":"product_cat-suplimente-si-vitamine","9":"product_tag-dynavit-pro-multivitamin","10":"product_tag-suplimente-pentru-caini","11":"product_tag-suplimente-pentru-pisici","13":"first","14":"instock","15":"shipping-taxable","16":"purchasable","17":"product-type-simple"},"_links":{"self":[{"href":"https:\/\/faberpet.ro\/stage\/wp-json\/wp\/v2\/product\/5686","targetHints":{"allow":["GET"]}}],"collection":[{"href":"https:\/\/faberpet.ro\/stage\/wp-json\/wp\/v2\/product"}],"about":[{"href":"https:\/\/faberpet.ro\/stage\/wp-json\/wp\/v2\/types\/product"}],"wp:featuredmedia":[{"embeddable":true,"href":"https:\/\/faberpet.ro\/stage\/wp-json\/wp\/v2\/media\/10709"}],"wp:attachment":[{"href":"https:\/\/faberpet.ro\/stage\/wp-json\/wp\/v2\/media?parent=5686"}],"wp:term":[{"taxonomy":"product_brand","embeddable":true,"href":"https:\/\/faberpet.ro\/stage\/wp-json\/wp\/v2\/product_brand?post=5686"},{"taxonomy":"product_cat","embeddable":true,"href":"https:\/\/faberpet.ro\/stage\/wp-json\/wp\/v2\/product_cat?post=5686"},{"taxonomy":"product_tag","embeddable":true,"href":"https:\/\/faberpet.ro\/stage\/wp-json\/wp\/v2\/product_tag?post=5686"}],"curies":[{"name":"wp","href":"https:\/\/api.w.org\/{rel}","templated":true}]}}