{"id":5687,"date":"2024-10-21T20:35:34","date_gmt":"2024-10-21T17:35:34","guid":{"rendered":"https:\/\/faberpet.ro\/stage\/produs\/dynavit-pro-multivit-pt-pisici-caini-cu-talie-medie-si-mica-2001g\/"},"modified":"2025-08-05T08:43:02","modified_gmt":"2025-08-05T06:43:02","slug":"dynavit-pro-multivit-pt-pisici-caini-cu-talie-medie-si-mica-2001g","status":"publish","type":"product","link":"https:\/\/faberpet.ro\/stage\/produs\/dynavit-pro-multivit-pt-pisici-caini-cu-talie-medie-si-mica-2001g\/","title":{"rendered":"Dynavit-Pro Multivit pt pisici, caini cu talie medie si mica 200*1g"},"content":{"rendered":"<p>Propriet\u0103\u021bi: Dynavit- pro Crestere tablete palatabile, este un supliment nutritiv pentru caini. Contine o formula completa si echilibrata de vitamine si minerale, care impreuna ajuta la mentinerea sanatatii cainelui in perioada de crestere si\/sau pentru femele gestante sau in lactatie. Ajuta la cresterea si mineralizarea sistemului osos. Adjuvant in prevenirea si tratarea fracturilor. Contine un raport Ca\/P =2 pentru densitate corespunzatoare a osaturii. Contine un raport Ca\/Mg =2 pentru absorbtie si utilizare corespunzatoare. Vitamina A previne infectiile, mareste rezistenta organismului, stimuleaza cresterea. Vitamina D3 este indispensabila dezvoltarii scheletului, intervine in reglarea echilibrului calciu- fosfor si in metabolismul glucidic. Vitamina E previne oxidarea lipidelor din organism \u0219i a grasimilor din hrana. Stimuleaz\u0103 fertilitatea \u0219i prolificitatea. Vitamina C m\u0103re\u0219te rezisten\u021ba organismului fa\u021b\u0103 de infec\u021bii \u0219i are un important efect antistres. Favorizeaz\u0103 formarea colagenului, a cartilajelor, a dentinei si oseinei, accelereaza procesul de cicatrizare al plagilor. Stimuleaz\u0103 hematopoieza, absorb\u021bia fierului din intestin, antitoxic, antiinfec\u021bios \u0219i tonifiant. Mod de utilizare:Se administreaz\u0103 pe cale oral\u0103, ca atare sau amestecat \u00een hran\u0103, \u00eenainte de mas\u0103, 1 tablet\u0103 zilnic pentru fiecare 1, 5- 2 kg greutate corporal\u0103. Ingrediente:100 g con\u0163ine: Calciu (carbonat) \u2026\u2026. 20. 000 mg Fosfor \u2026\u2026\u2026\u2026\u2026\u2026\u2026\u2026 10. 000 mg Magneziu \u2026\u2026\u2026\u2026\u2026\u2026. 10. 000 mg Vitamina A \u2026\u2026\u2026\u2026\u2026. 25. 000 U. I. Vitamina D3 \u2026\u2026\u2026\u2026\u2026. 2. 000 U. I. Vitamina C \u2026\u2026\u2026\u2026\u2026\u2026\u2026 350 mg Vitamina E \u2026\u2026\u2026\u2026\u2026\u2026\u2026. . 75 U. I. f\u0103inuri proteice, lactoz\u0103 \u015fi lian\u0163i ad 100 g excipiente: stearat de magnesiu, fain\u0103 de carne, ludipress, gum\u0103 arabicum, dextroz\u0103Precau\u021bii:A nu se l\u0103sa la \u00eendem\u00e2na copiilor! A nu se refolosi flaconul dup\u0103 golire! Nu se recomand\u0103 administrarea dac\u0103 animalul este alergic la unul dintre componente! Prezentare:200*1 g<\/p>\n","protected":false},"excerpt":{"rendered":"<p>Propriet\u0103\u021bi: Dynavit- pro Crestere tablete palatabile, este un supliment nutritiv pentru caini. Contine o formula completa si echilibrata de vitamine si minerale, care impreuna ajuta la mentinerea sanatatii cainelui in perioada de crestere si\/sau pentru femele gestante sau in lactatie. Ajuta la cresterea si mineralizarea sistemului osos. Adjuvant in prevenirea si tratarea fracturilor. Contine un [&hellip;]<\/p>\n","protected":false},"featured_media":10710,"template":"","meta":[],"product_brand":[],"product_cat":[168,169,172,171,185,184],"product_tag":[2581,2576,2577],"class_list":{"0":"post-5687","1":"product","2":"type-product","3":"status-publish","4":"has-post-thumbnail","6":"product_cat-caini","7":"product_cat-ingrijire-caini","8":"product_cat-ingrijire-pisici","9":"product_cat-pisici","10":"product_cat-suplimente-si-vitamine-ingrijire-pisici","11":"product_cat-suplimente-si-vitamine","12":"product_tag-dynavit-pro-multivit","13":"product_tag-suplimente-pentru-caini","14":"product_tag-suplimente-pentru-pisici","16":"first","17":"instock","18":"shipping-taxable","19":"purchasable","20":"product-type-simple"},"_links":{"self":[{"href":"https:\/\/faberpet.ro\/stage\/wp-json\/wp\/v2\/product\/5687","targetHints":{"allow":["GET"]}}],"collection":[{"href":"https:\/\/faberpet.ro\/stage\/wp-json\/wp\/v2\/product"}],"about":[{"href":"https:\/\/faberpet.ro\/stage\/wp-json\/wp\/v2\/types\/product"}],"wp:featuredmedia":[{"embeddable":true,"href":"https:\/\/faberpet.ro\/stage\/wp-json\/wp\/v2\/media\/10710"}],"wp:attachment":[{"href":"https:\/\/faberpet.ro\/stage\/wp-json\/wp\/v2\/media?parent=5687"}],"wp:term":[{"taxonomy":"product_brand","embeddable":true,"href":"https:\/\/faberpet.ro\/stage\/wp-json\/wp\/v2\/product_brand?post=5687"},{"taxonomy":"product_cat","embeddable":true,"href":"https:\/\/faberpet.ro\/stage\/wp-json\/wp\/v2\/product_cat?post=5687"},{"taxonomy":"product_tag","embeddable":true,"href":"https:\/\/faberpet.ro\/stage\/wp-json\/wp\/v2\/product_tag?post=5687"}],"curies":[{"name":"wp","href":"https:\/\/api.w.org\/{rel}","templated":true}]}}