{"id":5691,"date":"2024-10-21T20:35:35","date_gmt":"2024-10-21T17:35:35","guid":{"rendered":"https:\/\/faberpet.ro\/stage\/produs\/pro-vit-complex-vitaminic-solutie-animale-ferma-100-ml\/"},"modified":"2025-08-05T08:44:32","modified_gmt":"2025-08-05T06:44:32","slug":"pro-vit-complex-vitaminic-solutie-animale-ferma-100-ml","status":"publish","type":"product","link":"https:\/\/faberpet.ro\/stage\/produs\/pro-vit-complex-vitaminic-solutie-animale-ferma-100-ml\/","title":{"rendered":"Pro-Vit complex vitaminic solutie animale ferma 100 ml"},"content":{"rendered":"<p>Propriet\u0103\u021bi: Ajut\u0103 la \u00eent\u0103rirea sistemului imunitar, protejeaz\u0103 \u00een perioada de stres, \u00eembun\u0103t\u0103\u0163e\u015fte sporul \u00een greutate \u015fi capacitatea reproductiv\u0103. Mod de utilizare:Pui, G\u0103ini, Curci, Porci, Vi\u0163ei, Miei: 1ml \/ 1L ap\u0103 de b\u0103ut, timp de 3- 5 zile. Ingrediente:Vitamina A 5. 000. 000 UI, Vitamina D3 50. 000 UI, Vitamina E 1. 250 mg, Vitamina K 200 mg, Vitamina B1 300 mg, Vitamina B2 625 mg, Vitamina B6 300 mg, Vitamina B12 3. 000 \u00b5g, Acid folic 19 mg, Nicotinamida 3. 000 mg, Viamina C 1250 mg, Calciu Pantotenat 750 mg. Precau\u021bii:A nu se l\u0103sa la \u00eendem\u00e2na copiilor. A nu se refolosi flaconul dup\u0103 golire. Prezentare:100 ml<\/p>\n","protected":false},"excerpt":{"rendered":"<p>Propriet\u0103\u021bi: Ajut\u0103 la \u00eent\u0103rirea sistemului imunitar, protejeaz\u0103 \u00een perioada de stres, \u00eembun\u0103t\u0103\u0163e\u015fte sporul \u00een greutate \u015fi capacitatea reproductiv\u0103. Mod de utilizare:Pui, G\u0103ini, Curci, Porci, Vi\u0163ei, Miei: 1ml \/ 1L ap\u0103 de b\u0103ut, timp de 3- 5 zile. Ingrediente:Vitamina A 5. 000. 000 UI, Vitamina D3 50. 000 UI, Vitamina E 1. 250 mg, Vitamina K [&hellip;]<\/p>\n","protected":false},"featured_media":10954,"template":"","meta":[],"product_brand":[],"product_cat":[2694,166,167,174,628],"product_tag":[2582,2513,2583],"class_list":{"0":"post-5691","1":"product","2":"type-product","3":"status-publish","4":"has-post-thumbnail","6":"product_cat-alte-animale","7":"product_cat-animale-ferma","8":"product_cat-cai-si-vaci","9":"product_cat-pasari","10":"product_cat-porumbei","11":"product_tag-complex-vitaminic","12":"product_tag-ingrijire-animale-ferma","13":"product_tag-pro-vit","15":"first","16":"instock","17":"shipping-taxable","18":"purchasable","19":"product-type-simple"},"_links":{"self":[{"href":"https:\/\/faberpet.ro\/stage\/wp-json\/wp\/v2\/product\/5691","targetHints":{"allow":["GET"]}}],"collection":[{"href":"https:\/\/faberpet.ro\/stage\/wp-json\/wp\/v2\/product"}],"about":[{"href":"https:\/\/faberpet.ro\/stage\/wp-json\/wp\/v2\/types\/product"}],"wp:featuredmedia":[{"embeddable":true,"href":"https:\/\/faberpet.ro\/stage\/wp-json\/wp\/v2\/media\/10954"}],"wp:attachment":[{"href":"https:\/\/faberpet.ro\/stage\/wp-json\/wp\/v2\/media?parent=5691"}],"wp:term":[{"taxonomy":"product_brand","embeddable":true,"href":"https:\/\/faberpet.ro\/stage\/wp-json\/wp\/v2\/product_brand?post=5691"},{"taxonomy":"product_cat","embeddable":true,"href":"https:\/\/faberpet.ro\/stage\/wp-json\/wp\/v2\/product_cat?post=5691"},{"taxonomy":"product_tag","embeddable":true,"href":"https:\/\/faberpet.ro\/stage\/wp-json\/wp\/v2\/product_tag?post=5691"}],"curies":[{"name":"wp","href":"https:\/\/api.w.org\/{rel}","templated":true}]}}