{"id":5693,"date":"2024-10-21T20:35:35","date_gmt":"2024-10-21T17:35:35","guid":{"rendered":"https:\/\/faberpet.ro\/stage\/produs\/pro-vit-ad3e-animale-ferma-100-ml\/"},"modified":"2025-08-05T08:46:45","modified_gmt":"2025-08-05T06:46:45","slug":"pro-vit-ad3e-animale-ferma-100-ml","status":"publish","type":"product","link":"https:\/\/faberpet.ro\/stage\/produs\/pro-vit-ad3e-animale-ferma-100-ml\/","title":{"rendered":"Pro-Vit AD3E animale ferma 100 ml"},"content":{"rendered":"<p>Propriet\u0103\u021bi: Solu\u021bie pentru controlul \u0219i tratamentul deficientelor vitaminice, rahit- ismului \u0219i osteomalaciior precum \u0219i \u00een ameliorarea ra\u021biilor furajere deficitare. Pro- vit AD3E ac\u021bioneaz\u0103 ca biostimulator, m\u0103rind rezisten\u021ba organismului fa\u021ba de microorganismele patogene \u0219i reduce stresul de transport. Vitamina A previne infec\u021biile, m\u0103re\u0219te rezisten\u021ba organismului, stimuleaz\u0103 cre\u0219terea. Vitamina D3 este indispensabil\u0103 dezvolt\u0103rii scheletului \u0219i \u00een formarea cojii oului, intervine in reglarea echilibrului calciu- fosfor \u0219i \u00een metabolismul glucidic. Vitamina E previne oxidarea lipidelor din organism \u0219i a gr\u0103similor din hran\u0103. Stimuleaz\u0103 ou\u0103tul \u0219i cre\u0219te fertilitatea \u0219i prolificitatea. Se recomand\u0103 folosirea la cabaline, rumeg\u0103toare mari \u015fi mici, porcine, c\u0103ini, iepuri, p\u0103s\u0103ri, porumbei. Mod de utilizare:Se administreaz\u0103 \u00een ap\u0103 de b\u0103ut, timp de 3 \u2013 5 zile. Cabaline, bovine: 10 \u2013 14 ml\/zi. Ovine, caprine, suine: 2 \u2013 6 ml\/zi. Iepuri, c\u00e2ini: 2 \u2013 4 ml\/zi. P\u0103s\u0103ri, porumbei: 1 \u2013 2 ml\/1 L ap\u0103 de b\u0103ut. Se va utiliza zilnic solutii proasp\u0103t preparate. A se agita produsul \u00eenainte de utilizare. Ingrediente:Vitamina A 5. 000. 000 UI, \u2013 Vitamina D3 500. 000 UI, \u2013 Vitamina E 2. 000 mg, Precau\u021bii:A nu se l\u0103sa la \u00eendem\u00e2na copiilor. A nu se refolosi flaconul dup\u0103 golire. Prezentare:100 ml<\/p>\n","protected":false},"excerpt":{"rendered":"<p>Propriet\u0103\u021bi: Solu\u021bie pentru controlul \u0219i tratamentul deficientelor vitaminice, rahit- ismului \u0219i osteomalaciior precum \u0219i \u00een ameliorarea ra\u021biilor furajere deficitare. Pro- vit AD3E ac\u021bioneaz\u0103 ca biostimulator, m\u0103rind rezisten\u021ba organismului fa\u021ba de microorganismele patogene \u0219i reduce stresul de transport. Vitamina A previne infec\u021biile, m\u0103re\u0219te rezisten\u021ba organismului, stimuleaz\u0103 cre\u0219terea. Vitamina D3 este indispensabil\u0103 dezvolt\u0103rii scheletului \u0219i \u00een formarea [&hellip;]<\/p>\n","protected":false},"featured_media":10715,"template":"","meta":[],"product_brand":[],"product_cat":[2694,166,167,168,169,174,628,184],"product_tag":[2582,2513,2583],"class_list":{"0":"post-5693","1":"product","2":"type-product","3":"status-publish","4":"has-post-thumbnail","6":"product_cat-alte-animale","7":"product_cat-animale-ferma","8":"product_cat-cai-si-vaci","9":"product_cat-caini","10":"product_cat-ingrijire-caini","11":"product_cat-pasari","12":"product_cat-porumbei","13":"product_cat-suplimente-si-vitamine","14":"product_tag-complex-vitaminic","15":"product_tag-ingrijire-animale-ferma","16":"product_tag-pro-vit","18":"first","19":"instock","20":"shipping-taxable","21":"purchasable","22":"product-type-simple"},"_links":{"self":[{"href":"https:\/\/faberpet.ro\/stage\/wp-json\/wp\/v2\/product\/5693","targetHints":{"allow":["GET"]}}],"collection":[{"href":"https:\/\/faberpet.ro\/stage\/wp-json\/wp\/v2\/product"}],"about":[{"href":"https:\/\/faberpet.ro\/stage\/wp-json\/wp\/v2\/types\/product"}],"wp:featuredmedia":[{"embeddable":true,"href":"https:\/\/faberpet.ro\/stage\/wp-json\/wp\/v2\/media\/10715"}],"wp:attachment":[{"href":"https:\/\/faberpet.ro\/stage\/wp-json\/wp\/v2\/media?parent=5693"}],"wp:term":[{"taxonomy":"product_brand","embeddable":true,"href":"https:\/\/faberpet.ro\/stage\/wp-json\/wp\/v2\/product_brand?post=5693"},{"taxonomy":"product_cat","embeddable":true,"href":"https:\/\/faberpet.ro\/stage\/wp-json\/wp\/v2\/product_cat?post=5693"},{"taxonomy":"product_tag","embeddable":true,"href":"https:\/\/faberpet.ro\/stage\/wp-json\/wp\/v2\/product_tag?post=5693"}],"curies":[{"name":"wp","href":"https:\/\/api.w.org\/{rel}","templated":true}]}}