{"id":5697,"date":"2024-10-21T20:35:36","date_gmt":"2024-10-21T17:35:36","guid":{"rendered":"https:\/\/faberpet.ro\/stage\/produs\/pro-vit-camg-animale-ferma-100-ml\/"},"modified":"2025-08-05T08:48:05","modified_gmt":"2025-08-05T06:48:05","slug":"pro-vit-camg-animale-ferma-100-ml","status":"publish","type":"product","link":"https:\/\/faberpet.ro\/stage\/produs\/pro-vit-camg-animale-ferma-100-ml\/","title":{"rendered":"Pro-Vit Ca+Mg animale ferma 100 ml"},"content":{"rendered":"<p>Propriet\u0103\u021bi: Solu\u021bie pentru controlul \u0219i tratamentul deficientelor vitaminice, rahitismului \u0219i osteomalaciior precum \u0219i \u00een ameliorarea ra\u021biilor furajere deficitare. Ajut\u0103 la \u00eent\u0103rirea sistemului imunitar, protejeaz\u0103 \u00een perioada de stres, \u00eembun\u0103t\u0103\u0163e\u015fte sporul \u00een greutate \u015fi capacitatea reproductiv\u0103. M\u0103re\u0219te rezisten\u021ba organismului fa\u021b\u0103 de infec\u021bii \u0219i are un important efect anti\u0219tres. Favorizeaz\u0103 formarea colagenului, a cartilajelor, a dentinei \u0219i oseinei, accelereaz\u0103 procesul de cicatrizare al pl\u0103gilor. Stimuleaz\u0103 hematopoieza, antitoxic, antiinfectios \u0219i tonifiant. Se recomand\u0103 folosirea la cabaline, rumeg\u0103toare mari \u015fi mici, porcine, iepuri, p\u0103s\u0103ri, porumbei. Mod de utilizare:Se administreaz\u0103 la toate speciile in ap\u0103 de b\u0103ut, doza general\u0103 1 ml\/L ap\u0103, preventiv o zi pe saptaman\u0103, curativ timp de 3 \u2013 7 zile. Se va utiliza zilnic solutii proasp\u0103t preparate. A se agita produsul \u00eenainte de utilizare. Ingrediente:- Vitamina D3 \u2026\u2026\u2026\u2026\u2026\u2026\u2026\u2026\u2026\u2026\u2026\u2026. . 2. 000. 000 UI, \u2013 Magneziu\u2026\u2026\u2026\u2026\u2026\u2026\u2026\u2026\u2026\u2026\u2026\u2026\u2026\u2026\u2026\u2026. 3. 000 mg, \u2013 Calciu pantotenat\u2026\u2026\u2026\u2026\u2026\u2026\u2026\u2026\u2026\u202635. 000 mg, Precau\u021bii:A nu se l\u0103sa la \u00eendem\u00e2na copiilor. A nu se refolosi flaconul dup\u0103 golire. Prezentare:100 ml<\/p>\n","protected":false},"excerpt":{"rendered":"<p>Propriet\u0103\u021bi: Solu\u021bie pentru controlul \u0219i tratamentul deficientelor vitaminice, rahitismului \u0219i osteomalaciior precum \u0219i \u00een ameliorarea ra\u021biilor furajere deficitare. Ajut\u0103 la \u00eent\u0103rirea sistemului imunitar, protejeaz\u0103 \u00een perioada de stres, \u00eembun\u0103t\u0103\u0163e\u015fte sporul \u00een greutate \u015fi capacitatea reproductiv\u0103. M\u0103re\u0219te rezisten\u021ba organismului fa\u021b\u0103 de infec\u021bii \u0219i are un important efect anti\u0219tres. Favorizeaz\u0103 formarea colagenului, a cartilajelor, a dentinei \u0219i [&hellip;]<\/p>\n","protected":false},"featured_media":10718,"template":"","meta":[],"product_brand":[],"product_cat":[2694,166,167,174,628],"product_tag":[2582,2513,2583],"class_list":{"0":"post-5697","1":"product","2":"type-product","3":"status-publish","4":"has-post-thumbnail","6":"product_cat-alte-animale","7":"product_cat-animale-ferma","8":"product_cat-cai-si-vaci","9":"product_cat-pasari","10":"product_cat-porumbei","11":"product_tag-complex-vitaminic","12":"product_tag-ingrijire-animale-ferma","13":"product_tag-pro-vit","15":"first","16":"instock","17":"shipping-taxable","18":"purchasable","19":"product-type-simple"},"_links":{"self":[{"href":"https:\/\/faberpet.ro\/stage\/wp-json\/wp\/v2\/product\/5697","targetHints":{"allow":["GET"]}}],"collection":[{"href":"https:\/\/faberpet.ro\/stage\/wp-json\/wp\/v2\/product"}],"about":[{"href":"https:\/\/faberpet.ro\/stage\/wp-json\/wp\/v2\/types\/product"}],"wp:featuredmedia":[{"embeddable":true,"href":"https:\/\/faberpet.ro\/stage\/wp-json\/wp\/v2\/media\/10718"}],"wp:attachment":[{"href":"https:\/\/faberpet.ro\/stage\/wp-json\/wp\/v2\/media?parent=5697"}],"wp:term":[{"taxonomy":"product_brand","embeddable":true,"href":"https:\/\/faberpet.ro\/stage\/wp-json\/wp\/v2\/product_brand?post=5697"},{"taxonomy":"product_cat","embeddable":true,"href":"https:\/\/faberpet.ro\/stage\/wp-json\/wp\/v2\/product_cat?post=5697"},{"taxonomy":"product_tag","embeddable":true,"href":"https:\/\/faberpet.ro\/stage\/wp-json\/wp\/v2\/product_tag?post=5697"}],"curies":[{"name":"wp","href":"https:\/\/api.w.org\/{rel}","templated":true}]}}