{"id":5708,"date":"2024-10-21T20:35:37","date_gmt":"2024-10-21T17:35:37","guid":{"rendered":"https:\/\/faberpet.ro\/stage\/produs\/calciu-furajer-vitaminizat-1-kg\/"},"modified":"2025-08-05T08:58:32","modified_gmt":"2025-08-05T06:58:32","slug":"calciu-furajer-vitaminizat-1-kg","status":"publish","type":"product","link":"https:\/\/faberpet.ro\/stage\/produs\/calciu-furajer-vitaminizat-1-kg\/","title":{"rendered":"Calciu furajer vitaminizat 1 kg"},"content":{"rendered":"<p>Propriet\u0103\u021bi: Pentru zootehnie. Se administreaz\u0103 pe cale oral\u0103. Se pune la discre\u021bie \u00een mai multe locuri, \u00een habitatul animalelor, ele vor consuma at\u00e2t c\u00e2t vor avea nevoie \u0219i \u00een special c\u00e2nd vor sim\u021bi o caren\u021b\u0103. Sus\u021bine digestia fiziologic\u0103, reduce num\u0103rul bacteriilor \u00een sistemul digestiv, \u00eenbun\u0103t\u0103\u021be\u0219te calitatea ou\u0103lor, reduce mortalitatea la pui. Mod de utilizare:Pentru zootehnie \u2013 amestecat \u00een furajul concentrat. Dozaj recomandat: \u2013 p\u0103s\u0103ri: \u2013 pui de \u00eenlocuire, ra\u0163e 1, 5 % \u2013 pui de carne 1, 9 % \u2013 g\u0103ini ou\u0103toare 9, 5 % \u2013 purcei, porci cre\u015ftere 1 %, scroafe 2 % \u2013 miei, iezi 2, 2 %, ovine, caprine adulte 2, 7 % \u2013 vi\u0163ei 2, 7 %, vaci 2, 5 %Ingrediente:1 Kg Calciu Vitaminizat con\u021bine: Ca CO3 &#8211; 980g, Mg O &#8211; 8g, Vit. A 10 000 UI, Vit. D3 100 UI, Vit. E 2, 5mg, Vit. K 0, 4mg, Vit. B1 0, 6mg, Vit. B2 1, 25mg, Vit. B6 0, 6mg, Vit. B12 6mg Nicotinamid\u0103 6mg, Calciu pantotenat 1, 5mg, Vit. C 2, 5mg, E 102. Precau\u021bii:Se p\u0103streaz\u0103 \u00een ambalaje bine \u00eenchise, ferit de umezeal\u0103, la temperatura camerei (15- 25 C\u02da). A nu l\u0103sa la \u00eendem\u00e2na copiilor. Prezentare:1kg<\/p>\n","protected":false},"excerpt":{"rendered":"<p>Propriet\u0103\u021bi: Pentru zootehnie. Se administreaz\u0103 pe cale oral\u0103. Se pune la discre\u021bie \u00een mai multe locuri, \u00een habitatul animalelor, ele vor consuma at\u00e2t c\u00e2t vor avea nevoie \u0219i \u00een special c\u00e2nd vor sim\u021bi o caren\u021b\u0103. Sus\u021bine digestia fiziologic\u0103, reduce num\u0103rul bacteriilor \u00een sistemul digestiv, \u00eenbun\u0103t\u0103\u021be\u0219te calitatea ou\u0103lor, reduce mortalitatea la pui. Mod de utilizare:Pentru zootehnie [&hellip;]<\/p>\n","protected":false},"featured_media":10729,"template":"","meta":[],"product_brand":[],"product_cat":[2694,166],"product_tag":[2448,2588,2587],"class_list":{"0":"post-5708","1":"product","2":"type-product","3":"status-publish","4":"has-post-thumbnail","6":"product_cat-alte-animale","7":"product_cat-animale-ferma","8":"product_tag-calciu-furajer","9":"product_tag-calciu-furajer-animale-ferma","10":"product_tag-suplimente-pentru-animale","12":"first","13":"instock","14":"shipping-taxable","15":"purchasable","16":"product-type-simple"},"_links":{"self":[{"href":"https:\/\/faberpet.ro\/stage\/wp-json\/wp\/v2\/product\/5708","targetHints":{"allow":["GET"]}}],"collection":[{"href":"https:\/\/faberpet.ro\/stage\/wp-json\/wp\/v2\/product"}],"about":[{"href":"https:\/\/faberpet.ro\/stage\/wp-json\/wp\/v2\/types\/product"}],"wp:featuredmedia":[{"embeddable":true,"href":"https:\/\/faberpet.ro\/stage\/wp-json\/wp\/v2\/media\/10729"}],"wp:attachment":[{"href":"https:\/\/faberpet.ro\/stage\/wp-json\/wp\/v2\/media?parent=5708"}],"wp:term":[{"taxonomy":"product_brand","embeddable":true,"href":"https:\/\/faberpet.ro\/stage\/wp-json\/wp\/v2\/product_brand?post=5708"},{"taxonomy":"product_cat","embeddable":true,"href":"https:\/\/faberpet.ro\/stage\/wp-json\/wp\/v2\/product_cat?post=5708"},{"taxonomy":"product_tag","embeddable":true,"href":"https:\/\/faberpet.ro\/stage\/wp-json\/wp\/v2\/product_tag?post=5708"}],"curies":[{"name":"wp","href":"https:\/\/api.w.org\/{rel}","templated":true}]}}