{"id":5711,"date":"2024-10-21T20:35:38","date_gmt":"2024-10-21T17:35:38","guid":{"rendered":"https:\/\/faberpet.ro\/stage\/produs\/sulfat-de-magneziu-pt-animale-uz-veterinar-1-kg\/"},"modified":"2025-08-05T09:04:59","modified_gmt":"2025-08-05T07:04:59","slug":"sulfat-de-magneziu-pt-animale-uz-veterinar-1-kg","status":"publish","type":"product","link":"https:\/\/faberpet.ro\/stage\/produs\/sulfat-de-magneziu-pt-animale-uz-veterinar-1-kg\/","title":{"rendered":"Sulfat de Magneziu pt animale, uz veterinar 1 Kg"},"content":{"rendered":"<p>Propriet\u0103\u021bi: Are ac\u0163iune purgativ\u0103 (purgativ- osmotic\u0103) \u015fi colagog\u0103. Se utilizeaz\u0103 \u00een constipa\u0163ii cronice, indigestii, atonia prestomacelor. Mod de utilizare:Per os, sub form\u0103 de breuvaj sau cu sonda (la cabaline cu sonda nasoesofagian\u0103) Bovine 500- 800g, Cabaline 250- 500g, Ovine, Porcine 25- 50g, C\u00e2ini 10- 25g, Pisici adulte 2g . Precau\u021bii:Se p\u0103streaz\u0103 la temperatura camerei, ferit de umezeal\u0103. A nu se l\u0103sa la \u00eendem\u00e2na copiilor! Prezentare:1 Kg<\/p>\n","protected":false},"excerpt":{"rendered":"<p>Propriet\u0103\u021bi: Are ac\u0163iune purgativ\u0103 (purgativ- osmotic\u0103) \u015fi colagog\u0103. Se utilizeaz\u0103 \u00een constipa\u0163ii cronice, indigestii, atonia prestomacelor. Mod de utilizare:Per os, sub form\u0103 de breuvaj sau cu sonda (la cabaline cu sonda nasoesofagian\u0103) Bovine 500- 800g, Cabaline 250- 500g, Ovine, Porcine 25- 50g, C\u00e2ini 10- 25g, Pisici adulte 2g . Precau\u021bii:Se p\u0103streaz\u0103 la temperatura camerei, ferit [&hellip;]<\/p>\n","protected":false},"featured_media":10732,"template":"","meta":[],"product_brand":[],"product_cat":[167,168,169,172,171,185,184],"product_tag":[165,2591,2589],"class_list":{"0":"post-5711","1":"product","2":"type-product","3":"status-publish","4":"has-post-thumbnail","6":"product_cat-cai-si-vaci","7":"product_cat-caini","8":"product_cat-ingrijire-caini","9":"product_cat-ingrijire-pisici","10":"product_cat-pisici","11":"product_cat-suplimente-si-vitamine-ingrijire-pisici","12":"product_cat-suplimente-si-vitamine","13":"product_tag-ingrijire-animale","14":"product_tag-sulfat-de-magneziu-animale","15":"product_tag-supliment-uz-veterinar","17":"first","18":"instock","19":"shipping-taxable","20":"purchasable","21":"product-type-simple"},"_links":{"self":[{"href":"https:\/\/faberpet.ro\/stage\/wp-json\/wp\/v2\/product\/5711","targetHints":{"allow":["GET"]}}],"collection":[{"href":"https:\/\/faberpet.ro\/stage\/wp-json\/wp\/v2\/product"}],"about":[{"href":"https:\/\/faberpet.ro\/stage\/wp-json\/wp\/v2\/types\/product"}],"wp:featuredmedia":[{"embeddable":true,"href":"https:\/\/faberpet.ro\/stage\/wp-json\/wp\/v2\/media\/10732"}],"wp:attachment":[{"href":"https:\/\/faberpet.ro\/stage\/wp-json\/wp\/v2\/media?parent=5711"}],"wp:term":[{"taxonomy":"product_brand","embeddable":true,"href":"https:\/\/faberpet.ro\/stage\/wp-json\/wp\/v2\/product_brand?post=5711"},{"taxonomy":"product_cat","embeddable":true,"href":"https:\/\/faberpet.ro\/stage\/wp-json\/wp\/v2\/product_cat?post=5711"},{"taxonomy":"product_tag","embeddable":true,"href":"https:\/\/faberpet.ro\/stage\/wp-json\/wp\/v2\/product_tag?post=5711"}],"curies":[{"name":"wp","href":"https:\/\/api.w.org\/{rel}","templated":true}]}}