{"id":5712,"date":"2024-10-21T20:35:38","date_gmt":"2024-10-21T17:35:38","guid":{"rendered":"https:\/\/faberpet.ro\/stage\/produs\/aci-fort-acidifiant-uz-veterinar-100-ml\/"},"modified":"2025-08-05T09:07:27","modified_gmt":"2025-08-05T07:07:27","slug":"aci-fort-acidifiant-uz-veterinar-100-ml","status":"publish","type":"product","link":"https:\/\/faberpet.ro\/stage\/produs\/aci-fort-acidifiant-uz-veterinar-100-ml\/","title":{"rendered":"Aci-fort, acidifiant uz veterinar 100 ml"},"content":{"rendered":"<p>Propriet\u0103\u021bi: Mediul acid din tubul digestiv \u00eempiedic\u0103 dezvoltarea unor bacterii patogene \u00een tubul digestiv \u0219i favorizeaz\u0103 digestia furajelor \u0219i viteza de cre\u0219tere. Mod de utilizare:0, 5 \u2013 1 ml\/1L ap\u0103 de b\u0103ut. Ingrediente:100 ml con\u0163ine: Acid formic (E 236) 31g, Acid lactic (E 270) 6 g, Acid propionic (E 280) 3, 5 g, Acid citric (E 330) 1 g, ap\u0103 ad 100 ml. Precau\u021bii:Caustic \u00een forma concentrat\u0103. Provoac\u0103 arsuri grave ale pielii \u015fi lezarea ochiilor. A nu se las\u0103 la \u00eendem\u00e2na copiilor. \u2013 P\u0103stra\u0163i recipientul \u00eenchis etans. \u00cen caz de contact cu ochii: cl\u0103ti\u0163i cu aten\u0163ie cu ap\u0103, timp de mai multe minute. Scoate\u0163i lentilele de contact, dac\u0103 este cazul \u015fi dac\u0103 acest lucru se poate face cu u\u015furin\u0163\u0103. Continua\u0163i s\u0103 cl\u0103ti\u0163i. Dac\u0103 iritarea ochilor persist\u0103: consulta\u0163i medicul. Purta\u0163i m\u0103nu\u015fi de protec\u0163ie\/ \u00eembr\u0103c\u0103minte de protec\u0163ie\/echipament de protec\u0163ie a ochiilor\/ echipament de protec\u0163ie a fe\u0163ei. Prezentare:100 ml<\/p>\n","protected":false},"excerpt":{"rendered":"<p>Propriet\u0103\u021bi: Mediul acid din tubul digestiv \u00eempiedic\u0103 dezvoltarea unor bacterii patogene \u00een tubul digestiv \u0219i favorizeaz\u0103 digestia furajelor \u0219i viteza de cre\u0219tere. Mod de utilizare:0, 5 \u2013 1 ml\/1L ap\u0103 de b\u0103ut. Ingrediente:100 ml con\u0163ine: Acid formic (E 236) 31g, Acid lactic (E 270) 6 g, Acid propionic (E 280) 3, 5 g, Acid citric [&hellip;]<\/p>\n","protected":false},"featured_media":10733,"template":"","meta":[],"product_brand":[],"product_cat":[2694,166],"product_tag":[2593,2592,178],"class_list":{"0":"post-5712","1":"product","2":"type-product","3":"status-publish","4":"has-post-thumbnail","6":"product_cat-alte-animale","7":"product_cat-animale-ferma","8":"product_tag-aci-fort","9":"product_tag-acidifiant-uz-veterinar","10":"product_tag-uz-veterinar","12":"first","13":"instock","14":"shipping-taxable","15":"purchasable","16":"product-type-simple"},"_links":{"self":[{"href":"https:\/\/faberpet.ro\/stage\/wp-json\/wp\/v2\/product\/5712","targetHints":{"allow":["GET"]}}],"collection":[{"href":"https:\/\/faberpet.ro\/stage\/wp-json\/wp\/v2\/product"}],"about":[{"href":"https:\/\/faberpet.ro\/stage\/wp-json\/wp\/v2\/types\/product"}],"wp:featuredmedia":[{"embeddable":true,"href":"https:\/\/faberpet.ro\/stage\/wp-json\/wp\/v2\/media\/10733"}],"wp:attachment":[{"href":"https:\/\/faberpet.ro\/stage\/wp-json\/wp\/v2\/media?parent=5712"}],"wp:term":[{"taxonomy":"product_brand","embeddable":true,"href":"https:\/\/faberpet.ro\/stage\/wp-json\/wp\/v2\/product_brand?post=5712"},{"taxonomy":"product_cat","embeddable":true,"href":"https:\/\/faberpet.ro\/stage\/wp-json\/wp\/v2\/product_cat?post=5712"},{"taxonomy":"product_tag","embeddable":true,"href":"https:\/\/faberpet.ro\/stage\/wp-json\/wp\/v2\/product_tag?post=5712"}],"curies":[{"name":"wp","href":"https:\/\/api.w.org\/{rel}","templated":true}]}}