{"id":5714,"date":"2024-10-21T20:35:38","date_gmt":"2024-10-21T17:35:38","guid":{"rendered":"https:\/\/faberpet.ro\/stage\/produs\/herba-top-antioxidant-pt-animale-ferma-100-ml\/"},"modified":"2025-08-27T07:42:40","modified_gmt":"2025-08-27T05:42:40","slug":"herba-top-antioxidant-pt-animale-ferma-100-ml","status":"publish","type":"product","link":"https:\/\/faberpet.ro\/stage\/produs\/herba-top-antioxidant-pt-animale-ferma-100-ml\/","title":{"rendered":"Herba-Top Antioxidant pt. animale ferma 100 ml"},"content":{"rendered":"<p>Propriet\u0103\u021bi: Con\u0163ine extracte de plante medicinale cu un con\u021binut ridicat de antioxidan\u021bi \u0219i nutrien\u021bi esen\u021biali pentru animale care au probleme neurologice. Are rol \u00een detoxifierea organismului, contribuind la fortificarea \u00eentregului organism. Sus\u021bine func\u021bia mental\u0103 \u0219i reduce \u00eemb\u0103tr\u00e2nirea celulelor. Ajut\u0103 \u00een recuperare dup\u0103 anumite patologii. este recomandat \u0219i pentru animale \u00een v\u00e2rst\u0103. Cre\u015fte sporul de greutate. Se recomand\u0103 la toate speciile de animale. Mod de utilizare:Se administreaz\u0103 pe cale oral\u0103, diluat \u00een ap\u0103 de b\u0103ut, \u00een urm\u0103toarele doze : Cabaline: 40- 60 ml de 2- 3 ori pe zi \u00een ap\u0103 de b\u0103ut. Bovine adulte: 40- 60 ml de 2- 3 ori pe zi (\u00een ap\u0103 de b\u0103ut sau breuvaj). Vi\u0163ei, oi \u015fi capre: 15- 25 ml de 2- 3 ori pe zi (\u00een ap\u0103 de b\u0103ut sau breuvaj). Porcine: 5- 15 ml (\u00een func\u0163ie de greutate), de 2- 3 ori pe zi, \u00een ap\u0103 sau \u00een hran\u0103. P\u0103s\u0103ri, porumbei, curci, iepuri : \u00een ap\u0103 de b\u0103ut 2- 3 ml\/1 L ap\u0103, timp de 7- 10 zile. \u00cen cazurile grave doza se dubleaz\u0103. Se poate administra \u00een continuu \u00een caz de necesitate. Se poate folosi p\u00e2n\u0103 la sacrificare. Ingrediente:Hippophae rhamnoides (c\u0103tin\u0103), Rosa canina (m\u0103ce\u0219e), Calendula officinalis (g\u0103lbenele), Artemisia annua(pelini\u021b\u0103. Precau\u021bii:A nu se l\u0103sa la \u00eendem\u00e2na copiilor. A nu se refolosi flaconul dup\u0103 golire. Prezentare:100 ml<\/p>\n","protected":false},"excerpt":{"rendered":"<p>Propriet\u0103\u021bi: Con\u0163ine extracte de plante medicinale cu un con\u021binut ridicat de antioxidan\u021bi \u0219i nutrien\u021bi esen\u021biali pentru animale care au probleme neurologice. Are rol \u00een detoxifierea organismului, contribuind la fortificarea \u00eentregului organism. Sus\u021bine func\u021bia mental\u0103 \u0219i reduce \u00eemb\u0103tr\u00e2nirea celulelor. Ajut\u0103 \u00een recuperare dup\u0103 anumite patologii. este recomandat \u0219i pentru animale \u00een v\u00e2rst\u0103. Cre\u015fte sporul de greutate. [&hellip;]<\/p>\n","protected":false},"featured_media":10735,"template":"","meta":[],"product_brand":[],"product_cat":[2694,166],"product_tag":[2595,2513,2594],"class_list":{"0":"post-5714","1":"product","2":"type-product","3":"status-publish","4":"has-post-thumbnail","6":"product_cat-alte-animale","7":"product_cat-animale-ferma","8":"product_tag-herba-top-antioxidant","9":"product_tag-ingrijire-animale-ferma","10":"product_tag-proprietati-antioxidant","12":"first","13":"instock","14":"shipping-taxable","15":"purchasable","16":"product-type-simple"},"_links":{"self":[{"href":"https:\/\/faberpet.ro\/stage\/wp-json\/wp\/v2\/product\/5714","targetHints":{"allow":["GET"]}}],"collection":[{"href":"https:\/\/faberpet.ro\/stage\/wp-json\/wp\/v2\/product"}],"about":[{"href":"https:\/\/faberpet.ro\/stage\/wp-json\/wp\/v2\/types\/product"}],"wp:featuredmedia":[{"embeddable":true,"href":"https:\/\/faberpet.ro\/stage\/wp-json\/wp\/v2\/media\/10735"}],"wp:attachment":[{"href":"https:\/\/faberpet.ro\/stage\/wp-json\/wp\/v2\/media?parent=5714"}],"wp:term":[{"taxonomy":"product_brand","embeddable":true,"href":"https:\/\/faberpet.ro\/stage\/wp-json\/wp\/v2\/product_brand?post=5714"},{"taxonomy":"product_cat","embeddable":true,"href":"https:\/\/faberpet.ro\/stage\/wp-json\/wp\/v2\/product_cat?post=5714"},{"taxonomy":"product_tag","embeddable":true,"href":"https:\/\/faberpet.ro\/stage\/wp-json\/wp\/v2\/product_tag?post=5714"}],"curies":[{"name":"wp","href":"https:\/\/api.w.org\/{rel}","templated":true}]}}