{"id":5721,"date":"2024-10-21T20:35:39","date_gmt":"2024-10-21T17:35:39","guid":{"rendered":"https:\/\/faberpet.ro\/stage\/produs\/herba-top-antihelmintic-pt-animale-ferma-1-l\/"},"modified":"2025-08-27T07:45:30","modified_gmt":"2025-08-27T05:45:30","slug":"herba-top-antihelmintic-pt-animale-ferma-1-l","status":"publish","type":"product","link":"https:\/\/faberpet.ro\/stage\/produs\/herba-top-antihelmintic-pt-animale-ferma-1-l\/","title":{"rendered":"Herba-Top Antihelmintic pt. animale ferma 1 L"},"content":{"rendered":"<p>Propriet\u0103\u021bi: Con\u0163ine extracte de plante medicinale care au propriet\u0103\u0163i antihelmintice, antiseptice, antiinflamatoare, antispastice, hepatoprotectoare, coleretice \u015fi astringente, \u00een infec\u021bii cu helmin\u021bi. Se poate asocia cu medicamente antihelmintice. Cre\u015fte sporul de greutate. Se recomand\u0103 folosirea la cabaline, rumeg\u0103toare mari \u015fi mici, porcine, p\u0103s\u0103ri, curci, porumbei, iepuri. Mod de utilizare:Se administreaz\u0103 pe cale oral\u0103, diluat \u00een ap\u0103 de b\u0103ut, timp de 5- 7 zile, \u00een urm\u0103toarele doze: Preventiv: M\u00e2nji, vi\u0163ei, purcei, miei: 1- 2 ml\/10 kg de 2- 3 ori pe zi . P\u0103s\u0103ri, curci, porumbei, iepuri: \u00een ap\u0103 de b\u0103ut 2- 3 ml\/1 L ap\u0103, timp de 7- 10 zile. Se recomand\u0103 cure lunare a c\u00e2te 7- 10 zile. Curativ: M\u00e2nji, vi\u0163ei, purcei, miei: 1- 2 ml\/5 kg de 2- 3 ori pe zi P\u0103s\u0103ri, curci, porumbei, iepuri: \u00een ap\u0103 de b\u0103ut 4- 5 ml\/1 L ap\u0103, timp de 7- 10 zile. Se poate administra \u00een continu \u00een caz de necesitate. Se poate folosi p\u00e2n\u0103 la sacrificare. Ingrediente:Calendula officinalis (g\u0103lbenele)\u2022Inula helenium (iarb\u0103 mare)\u2022Origanum vulgare (sov\u00e2rf)\u2022 Artemisia annua (pelini\u021b\u0103). Precau\u021bii:A nu se l\u0103sa la \u00eendem\u00e2na copiilor. A nu se refolosi flaconul dup\u0103 golire. Prezentare:1 L<\/p>\n","protected":false},"excerpt":{"rendered":"<p>Propriet\u0103\u021bi: Con\u0163ine extracte de plante medicinale care au propriet\u0103\u0163i antihelmintice, antiseptice, antiinflamatoare, antispastice, hepatoprotectoare, coleretice \u015fi astringente, \u00een infec\u021bii cu helmin\u021bi. Se poate asocia cu medicamente antihelmintice. Cre\u015fte sporul de greutate. Se recomand\u0103 folosirea la cabaline, rumeg\u0103toare mari \u015fi mici, porcine, p\u0103s\u0103ri, curci, porumbei, iepuri. Mod de utilizare:Se administreaz\u0103 pe cale oral\u0103, diluat \u00een ap\u0103 [&hellip;]<\/p>\n","protected":false},"featured_media":10742,"template":"","meta":[],"product_brand":[],"product_cat":[2694,166],"product_tag":[2515,2600,2513],"class_list":{"0":"post-5721","1":"product","2":"type-product","3":"status-publish","4":"has-post-thumbnail","6":"product_cat-alte-animale","7":"product_cat-animale-ferma","8":"product_tag-afectiuni-respiratorii","9":"product_tag-herba-top-antihelmintic","10":"product_tag-ingrijire-animale-ferma","12":"first","13":"instock","14":"shipping-taxable","15":"purchasable","16":"product-type-simple"},"_links":{"self":[{"href":"https:\/\/faberpet.ro\/stage\/wp-json\/wp\/v2\/product\/5721","targetHints":{"allow":["GET"]}}],"collection":[{"href":"https:\/\/faberpet.ro\/stage\/wp-json\/wp\/v2\/product"}],"about":[{"href":"https:\/\/faberpet.ro\/stage\/wp-json\/wp\/v2\/types\/product"}],"wp:featuredmedia":[{"embeddable":true,"href":"https:\/\/faberpet.ro\/stage\/wp-json\/wp\/v2\/media\/10742"}],"wp:attachment":[{"href":"https:\/\/faberpet.ro\/stage\/wp-json\/wp\/v2\/media?parent=5721"}],"wp:term":[{"taxonomy":"product_brand","embeddable":true,"href":"https:\/\/faberpet.ro\/stage\/wp-json\/wp\/v2\/product_brand?post=5721"},{"taxonomy":"product_cat","embeddable":true,"href":"https:\/\/faberpet.ro\/stage\/wp-json\/wp\/v2\/product_cat?post=5721"},{"taxonomy":"product_tag","embeddable":true,"href":"https:\/\/faberpet.ro\/stage\/wp-json\/wp\/v2\/product_tag?post=5721"}],"curies":[{"name":"wp","href":"https:\/\/api.w.org\/{rel}","templated":true}]}}