{"id":5724,"date":"2024-10-21T20:35:39","date_gmt":"2024-10-21T17:35:39","guid":{"rendered":"https:\/\/faberpet.ro\/stage\/produs\/herba-top-ecto-plus-pt-animale-ferma-100-ml\/"},"modified":"2025-08-27T07:46:17","modified_gmt":"2025-08-27T05:46:17","slug":"herba-top-ecto-plus-pt-animale-ferma-100-ml","status":"publish","type":"product","link":"https:\/\/faberpet.ro\/stage\/produs\/herba-top-ecto-plus-pt-animale-ferma-100-ml\/","title":{"rendered":"Herba-Top Ecto-Plus pt. animale ferma 100 ml"},"content":{"rendered":"<p>Propriet\u0103\u021bi: este un produs concentrat natural, utilizat \u00een ap\u0103 de b\u0103ut, care con\u0163ine extracte de plante medicinale care au propriet\u0103\u0163i \u00een infesta\u0163ii cu pureci \u015fi p\u0103duchi la toate speciile de animale, reduc\u00e2nd stresul colectiv la p\u0103s\u0103ri. Plantele din con\u021binut con\u021bin uleiuri esen\u021biale liposolubile (linalol, thuion, thimol, naftachinon\u0103, azulen\u0103, geraniol, piretroizi naturali) cu propriet\u0103\u021bi insecticide \u0219i repelente asupra insectelor, afect\u00e2nd sistemul nervos al insectelor, efectul insecticid instal\u00e2ndu- se treptat. Substan\u021bele active se dizolv\u0103 \u00een gr\u0103simi \u0219i se elimin\u0103 treptat din organism. S\u00e2ngele devine neatractiv, toxic pentru parazi\u021bi. Con\u021bin\u00e2nd un amestec complex de substan\u021be din plante, nu se instaleaz\u0103 rezisten\u021ba insectelor la efectul produsului. Produsul nu este toxic pentru mamifere \u0219i p\u0103s\u0103ri. Nu modific\u0103 gustul c\u0103rnii \u0219i a ou\u0103lor (la p\u0103s\u0103ri). Se recomand\u0103 folosirea la cabaline, rumeg\u0103toare mari \u015fi mici, porcine, p\u0103s\u0103ri, curci, porumbei, iepuri. Mod de utilizare:Se administreaz\u0103 pe cale oral\u0103, diluat \u00een ap\u0103 de b\u0103ut, timp de 5- 7 zile, \u00een urm\u0103toarele doze: M\u00e2nji, vi\u0163ei, purcei, miei: 1 ml\/10 kg de 2 ori pe zi . P\u0103s\u0103ri, curci, porumbei, iepuri: \u00een ap\u0103 de b\u0103ut 5 ml\/1 L ap\u0103, timp de 7- 10 zile. Se recomand\u0103 cure lunare a c\u00e2te 7- 10 zile. Se poate administra \u00een continuu \u00een caz de necesitate. Se poate folosi p\u00e2n\u0103 la sacrificare. Se deparaziteaz\u0103 ad\u0103posturile cu Ectocid Forte. Ingrediente:Geranium robertanum (n\u0103prasnic)\u2022Mentha aquatica(ment\u0103 aquatic\u0103)\u2022Tilia europea (flori de tei)\u2022Juglans regia(nuc frunz\u0103)\u2022Origanum vulgare (sov\u00e2rf). Precau\u021bii:A nu se l\u0103sa la \u00eendem\u00e2na copiilor. A nu se refolosi flaconul dup\u0103 golire. Prezentare:100 ml<\/p>\n","protected":false},"excerpt":{"rendered":"<p>Propriet\u0103\u021bi: este un produs concentrat natural, utilizat \u00een ap\u0103 de b\u0103ut, care con\u0163ine extracte de plante medicinale care au propriet\u0103\u0163i \u00een infesta\u0163ii cu pureci \u015fi p\u0103duchi la toate speciile de animale, reduc\u00e2nd stresul colectiv la p\u0103s\u0103ri. Plantele din con\u021binut con\u021bin uleiuri esen\u021biale liposolubile (linalol, thuion, thimol, naftachinon\u0103, azulen\u0103, geraniol, piretroizi naturali) cu propriet\u0103\u021bi insecticide \u0219i [&hellip;]<\/p>\n","protected":false},"featured_media":10745,"template":"","meta":[],"product_brand":[],"product_cat":[2694,166],"product_tag":[2515,2603,2513],"class_list":{"0":"post-5724","1":"product","2":"type-product","3":"status-publish","4":"has-post-thumbnail","6":"product_cat-alte-animale","7":"product_cat-animale-ferma","8":"product_tag-afectiuni-respiratorii","9":"product_tag-herba-top-ecto-plus","10":"product_tag-ingrijire-animale-ferma","12":"first","13":"instock","14":"shipping-taxable","15":"purchasable","16":"product-type-simple"},"_links":{"self":[{"href":"https:\/\/faberpet.ro\/stage\/wp-json\/wp\/v2\/product\/5724","targetHints":{"allow":["GET"]}}],"collection":[{"href":"https:\/\/faberpet.ro\/stage\/wp-json\/wp\/v2\/product"}],"about":[{"href":"https:\/\/faberpet.ro\/stage\/wp-json\/wp\/v2\/types\/product"}],"wp:featuredmedia":[{"embeddable":true,"href":"https:\/\/faberpet.ro\/stage\/wp-json\/wp\/v2\/media\/10745"}],"wp:attachment":[{"href":"https:\/\/faberpet.ro\/stage\/wp-json\/wp\/v2\/media?parent=5724"}],"wp:term":[{"taxonomy":"product_brand","embeddable":true,"href":"https:\/\/faberpet.ro\/stage\/wp-json\/wp\/v2\/product_brand?post=5724"},{"taxonomy":"product_cat","embeddable":true,"href":"https:\/\/faberpet.ro\/stage\/wp-json\/wp\/v2\/product_cat?post=5724"},{"taxonomy":"product_tag","embeddable":true,"href":"https:\/\/faberpet.ro\/stage\/wp-json\/wp\/v2\/product_tag?post=5724"}],"curies":[{"name":"wp","href":"https:\/\/api.w.org\/{rel}","templated":true}]}}