{"id":5728,"date":"2024-10-21T20:35:39","date_gmt":"2024-10-21T17:35:39","guid":{"rendered":"https:\/\/faberpet.ro\/stage\/produs\/herba-top-broncho-cabaline-1-l\/"},"modified":"2025-08-27T07:47:26","modified_gmt":"2025-08-27T05:47:26","slug":"herba-top-broncho-cabaline-1-l","status":"publish","type":"product","link":"https:\/\/faberpet.ro\/stage\/produs\/herba-top-broncho-cabaline-1-l\/","title":{"rendered":"Herba-Top Broncho cabaline 1 L"},"content":{"rendered":"<p>Propriet\u0103\u021bi: Con\u0163ine extract de plante medicinale care au propriet\u0103\u0163i expectorante, antiinflamatoare, antialergice, antitusive, calm\u00e2nd tusea \u015fi cur\u0103\u0163\u00e2nd c\u0103ile respiratorii, fluidific\u00e2nd secre\u021biile bron\u0219ice, mucusul, \u00een faringite, \u00een bron\u0219ite acute \u0219i cronice, \u00een traheo- bron\u0219ite acute \u0219i astm bron\u0219ic. Se recomand\u0103 folosirea la cabaline. Mod de utilizare:Se administreaz\u0103 pe cale oral\u0103, diluat \u00een ap\u0103 de b\u0103ut, timp de 5- 7 zile, \u00een urm\u0103toarele doze: Cabaline: 40- 60 ml de 2- 3 ori pe zi \u00een ap\u0103 de b\u0103ut. Curativ \u00een emfizem pulmonar o dat\u0103 pe zii. Se poate administra \u00een continuu \u00een caz de necesitate. Pentru o administrare mai u\u0219oar\u0103 se poate adauga \u00een furaj concentrat. Ingrediente:Plantago (p\u0103tlagin\u0103)\u2022 Primula veris (ciubotica cucului) \u2022 Pinus sylvestris (muguri pin)\u2022 Thymus serpyllum (cimbri\u0219or) \u2022 Origanum vulgare (\u0219ov\u00e2rf)\u2022 Glyrrhiza glabra (lemn dulce) \u2022 Tilia europea (tei floare)Precau\u021bii:A nu se l\u0103sa la \u00eendem\u00e2na copiilor. A nu se refolosi flaconul dup\u0103 golire. Prezentare:1 L<\/p>\n","protected":false},"excerpt":{"rendered":"<p>Propriet\u0103\u021bi: Con\u0163ine extract de plante medicinale care au propriet\u0103\u0163i expectorante, antiinflamatoare, antialergice, antitusive, calm\u00e2nd tusea \u015fi cur\u0103\u0163\u00e2nd c\u0103ile respiratorii, fluidific\u00e2nd secre\u021biile bron\u0219ice, mucusul, \u00een faringite, \u00een bron\u0219ite acute \u0219i cronice, \u00een traheo- bron\u0219ite acute \u0219i astm bron\u0219ic. Se recomand\u0103 folosirea la cabaline. Mod de utilizare:Se administreaz\u0103 pe cale oral\u0103, diluat \u00een ap\u0103 de b\u0103ut, timp [&hellip;]<\/p>\n","protected":false},"featured_media":10749,"template":"","meta":[],"product_brand":[],"product_cat":[167],"product_tag":[2599,2597,1759],"class_list":{"0":"post-5728","1":"product","2":"type-product","3":"status-publish","4":"has-post-thumbnail","6":"product_cat-cai-si-vaci","7":"product_tag-antistres-cabaline","8":"product_tag-herba-top-cabaline","9":"product_tag-ingrijire-cabaline","11":"first","12":"instock","13":"shipping-taxable","14":"purchasable","15":"product-type-simple"},"_links":{"self":[{"href":"https:\/\/faberpet.ro\/stage\/wp-json\/wp\/v2\/product\/5728","targetHints":{"allow":["GET"]}}],"collection":[{"href":"https:\/\/faberpet.ro\/stage\/wp-json\/wp\/v2\/product"}],"about":[{"href":"https:\/\/faberpet.ro\/stage\/wp-json\/wp\/v2\/types\/product"}],"wp:featuredmedia":[{"embeddable":true,"href":"https:\/\/faberpet.ro\/stage\/wp-json\/wp\/v2\/media\/10749"}],"wp:attachment":[{"href":"https:\/\/faberpet.ro\/stage\/wp-json\/wp\/v2\/media?parent=5728"}],"wp:term":[{"taxonomy":"product_brand","embeddable":true,"href":"https:\/\/faberpet.ro\/stage\/wp-json\/wp\/v2\/product_brand?post=5728"},{"taxonomy":"product_cat","embeddable":true,"href":"https:\/\/faberpet.ro\/stage\/wp-json\/wp\/v2\/product_cat?post=5728"},{"taxonomy":"product_tag","embeddable":true,"href":"https:\/\/faberpet.ro\/stage\/wp-json\/wp\/v2\/product_tag?post=5728"}],"curies":[{"name":"wp","href":"https:\/\/api.w.org\/{rel}","templated":true}]}}