{"id":5729,"date":"2024-10-21T20:35:39","date_gmt":"2024-10-21T17:35:39","guid":{"rendered":"https:\/\/faberpet.ro\/stage\/produs\/herba-top-entero-pt-animale-ferma-100-ml\/"},"modified":"2025-08-27T07:47:46","modified_gmt":"2025-08-27T05:47:46","slug":"herba-top-entero-pt-animale-ferma-100-ml","status":"publish","type":"product","link":"https:\/\/faberpet.ro\/stage\/produs\/herba-top-entero-pt-animale-ferma-100-ml\/","title":{"rendered":"Herba-Top Entero pt. animale ferma 100 ml"},"content":{"rendered":"<p>Propriet\u0103\u021bi: Con\u0163ine extracte de plante medicinale care au propriet\u0103\u0163i antiseptice, antiinflamatoare, hepatoprotectoare, coleretice, antidiareice, antihemoragice, antiemetice, analgezic local, antispastice \u015fi astringente, \u00een enterocolite, diaree cronice \u015fi acute, dizenterii, dureri abdominale cu crampe, balon\u0103ri intestinale, \u00een lipsa poftei de m\u00e2ncare, \u00een anemie, detoxific\u00e2nd organismul, elimin\u00e2nd bacteriile de putrefac\u0163ie din intestin, normaliz\u00e2nd flora intestinal\u0103, \u00een infec\u0163ii bacteriene, fungicide \u015fi virale ale tubului digestiv. Se recomand\u0103 folosirea la cabaline, rumeg\u0103toare mari \u015fi mici, porcine, p\u0103s\u0103ri, porumbei, curci, iepuri. Mod de utilizare:Se administreaz\u0103 pe cale oral\u0103, diluat \u00een ap\u0103 de b\u0103ut, \u00een urm\u0103toarele doze : Cabaline: 40- 60 ml de 2- 3 ori pe zi \u00een ap\u0103 de b\u0103ut. Bovine adulte: 40- 60 ml de 2- 3 ori pe zi (\u00een ap\u0103 de b\u0103ut sau breuvaj). Vi\u0163ei, oi \u015fi capre: 15- 25 ml de 2- 3 ori pe zi (\u00een ap\u0103 de b\u0103ut sau breuvaj). Porcine: 5- 15 ml (\u00een func\u0163ie de greutate), de 2- 3 ori pe zi, \u00een ap\u0103 sau \u00een hran\u0103. P\u0103s\u0103ri, porumbei, curci, iepuri: \u00een ap\u0103 de b\u0103ut 2- 3 ml\/1 L ap\u0103, timp de 7- 10 zile. \u00cen cazurile grave doza se dubleaz\u0103. Se poate administra \u00een continuu \u00een caz de necesitate. Se poate folosi p\u00e2n\u0103 la sacrificare. Ingrediente:Urtica dioica (urzic\u0103 frunz\u0103)\u2022Agrimonia eupatoria (turita mare)\u2022Calendula officinalis (g\u0103lbenele)\u2022Lithrum salicaria (rachitan)\u2022Hypericum perforatum (sun\u0103toare)\u2022Mentha (ment\u0103)\u2022Populus nigra(muguri de plop)\u2022Plantago (patlagina)\u2022Origanum vulgare (\u0219ov\u00e2rf)\u2022Potentilla anserina (coada racului)\u2022Salvia officinalis (salvie)\u2022 Achillea millefolium (coada \u0219oricelului)\u2022Vaccinium myrtillus (afine frunze)\u2022Angelica archangelica (angelica)\u2022Foeniculum vulgare (fenicul)\u2022Anethum graveolens (marar fructe)\u2022Coriandrum sativum (coriandru)\u2022Cuminum (chimion)Precau\u021bii:A nu se l\u0103sa la \u00eendem\u00e2na copiilor. A nu se refolosi flaconul dup\u0103 golire. Prezentare:100 ml<\/p>\n","protected":false},"excerpt":{"rendered":"<p>Propriet\u0103\u021bi: Con\u0163ine extracte de plante medicinale care au propriet\u0103\u0163i antiseptice, antiinflamatoare, hepatoprotectoare, coleretice, antidiareice, antihemoragice, antiemetice, analgezic local, antispastice \u015fi astringente, \u00een enterocolite, diaree cronice \u015fi acute, dizenterii, dureri abdominale cu crampe, balon\u0103ri intestinale, \u00een lipsa poftei de m\u00e2ncare, \u00een anemie, detoxific\u00e2nd organismul, elimin\u00e2nd bacteriile de putrefac\u0163ie din intestin, normaliz\u00e2nd flora intestinal\u0103, \u00een infec\u0163ii bacteriene, [&hellip;]<\/p>\n","protected":false},"featured_media":10750,"template":"","meta":[],"product_brand":[],"product_cat":[2694,166],"product_tag":[2606,2513,2605],"class_list":{"0":"post-5729","1":"product","2":"type-product","3":"status-publish","4":"has-post-thumbnail","6":"product_cat-alte-animale","7":"product_cat-animale-ferma","8":"product_tag-herba-top-entero","9":"product_tag-ingrijire-animale-ferma","10":"product_tag-proprietati-antiseptice","12":"first","13":"instock","14":"shipping-taxable","15":"purchasable","16":"product-type-simple"},"_links":{"self":[{"href":"https:\/\/faberpet.ro\/stage\/wp-json\/wp\/v2\/product\/5729","targetHints":{"allow":["GET"]}}],"collection":[{"href":"https:\/\/faberpet.ro\/stage\/wp-json\/wp\/v2\/product"}],"about":[{"href":"https:\/\/faberpet.ro\/stage\/wp-json\/wp\/v2\/types\/product"}],"wp:featuredmedia":[{"embeddable":true,"href":"https:\/\/faberpet.ro\/stage\/wp-json\/wp\/v2\/media\/10750"}],"wp:attachment":[{"href":"https:\/\/faberpet.ro\/stage\/wp-json\/wp\/v2\/media?parent=5729"}],"wp:term":[{"taxonomy":"product_brand","embeddable":true,"href":"https:\/\/faberpet.ro\/stage\/wp-json\/wp\/v2\/product_brand?post=5729"},{"taxonomy":"product_cat","embeddable":true,"href":"https:\/\/faberpet.ro\/stage\/wp-json\/wp\/v2\/product_cat?post=5729"},{"taxonomy":"product_tag","embeddable":true,"href":"https:\/\/faberpet.ro\/stage\/wp-json\/wp\/v2\/product_tag?post=5729"}],"curies":[{"name":"wp","href":"https:\/\/api.w.org\/{rel}","templated":true}]}}