{"id":5733,"date":"2024-10-21T20:35:40","date_gmt":"2024-10-21T17:35:40","guid":{"rendered":"https:\/\/faberpet.ro\/stage\/produs\/herba-top-imuno-pt-animale-ferma-100-ml\/"},"modified":"2025-08-27T07:48:45","modified_gmt":"2025-08-27T05:48:45","slug":"herba-top-imuno-pt-animale-ferma-100-ml","status":"publish","type":"product","link":"https:\/\/faberpet.ro\/stage\/produs\/herba-top-imuno-pt-animale-ferma-100-ml\/","title":{"rendered":"Herba-Top Imuno pt. animale ferma 100 ml"},"content":{"rendered":"<p>Propriet\u0103\u021bi: Con\u0163ine extract de plante medicinale care au propriet\u0103\u0163i \u00een \u00eent\u0103rirea sistemului imunitar, imunostimulatoare, cresc\u00e2nd imunitatea nespecific\u0103 a organismului, stimul\u00e2nd activitatea hepatobiliar\u0103, depurativ\u0103, \u00een cre\u015fterea rezisten\u0163ei organismului fa\u0163\u0103 de diferite afec\u0163iuni bacteriene, virale, micotice sau parazitare, scurt\u00e2nd convalescen\u0163a. Se recomand\u0103 folosirea la cabaline, rumeg\u0103toare mari \u015fi mici, porcine, p\u0103s\u0103ri, curci, porumbei, iepuri. Mod de utilizare:Se administreaz\u0103 pe cale oral\u0103, diluat \u00een ap\u0103 de b\u0103ut, \u00een urm\u0103toarele doze : Cabaline: 40- 60 ml de 2- 3 ori pe zi \u00een ap\u0103 de b\u0103ut. Bovine adulte: 40- 60 ml de 2- 3 ori pe zi (\u00een ap\u0103 de b\u0103ut sau breuvaj). Vi\u0163ei, oi \u015fi capre: 15- 25 ml de 2- 3 ori pe zi (\u00een ap\u0103 de b\u0103ut sau breuvaj). Porcine: 5- 15 ml (\u00een func\u0163ie de greutate), de 2- 3 ori pe zi, \u00een ap\u0103 sau \u00een hran\u0103. P\u0103s\u0103ri, porumbei, curci, iepuri : \u00een ap\u0103 de b\u0103ut 2- 3 ml\/1 L ap\u0103, timp de 7- 10 zile. \u00cen cazurile grave doza se dubleaz\u0103. Se poate administra \u00een continuu \u00een caz de necesitate. Se poate folosi p\u00e2n\u0103 la sacrificare. Ingrediente:Lamium (urzic\u0103 moart\u0103 alb\u0103)\u2022Echinaceea (echinacea)\u2022Calendula officinalis (g\u0103lbenele)\u2022Achillea millefolium (coada \u0219oricelului)\u2022Solidago virgaurea (splinu\u021b\u0103)\u2022Eupatoria cannabium (c\u00e2nepa codrului)\u2022Hippophae rhamnoides (c\u0103tin\u0103 fructe m\u0103cinate)\u2022 Artemisia annua (pelini\u021b\u0103)\u2022 Allium sativum (usturoi)Contraindica\u021bii:Contraindicat \u00een cazul tratamentelor cu imunosupresoare, \u015fi \u00een boli autoimune. Nu se indic\u0103 folosirea ne\u00eentrerupt\u0103 mai mult de 6 luni (stimuleaz\u0103 func\u021biile timusului). Precau\u021bii:A nu se l\u0103sa la \u00eendem\u00e2na copiilor. A nu se refolosi flaconul dup\u0103 golire. Prezentare:100 ml<\/p>\n","protected":false},"excerpt":{"rendered":"<p>Propriet\u0103\u021bi: Con\u0163ine extract de plante medicinale care au propriet\u0103\u0163i \u00een \u00eent\u0103rirea sistemului imunitar, imunostimulatoare, cresc\u00e2nd imunitatea nespecific\u0103 a organismului, stimul\u00e2nd activitatea hepatobiliar\u0103, depurativ\u0103, \u00een cre\u015fterea rezisten\u0163ei organismului fa\u0163\u0103 de diferite afec\u0163iuni bacteriene, virale, micotice sau parazitare, scurt\u00e2nd convalescen\u0163a. Se recomand\u0103 folosirea la cabaline, rumeg\u0103toare mari \u015fi mici, porcine, p\u0103s\u0103ri, curci, porumbei, iepuri. Mod de utilizare:Se [&hellip;]<\/p>\n","protected":false},"featured_media":10753,"template":"","meta":[],"product_brand":[],"product_cat":[2694,166],"product_tag":[2609,2513,2608],"class_list":{"0":"post-5733","1":"product","2":"type-product","3":"status-publish","4":"has-post-thumbnail","6":"product_cat-alte-animale","7":"product_cat-animale-ferma","8":"product_tag-herba-top-imuno","9":"product_tag-ingrijire-animale-ferma","10":"product_tag-proprietati-in-intarirea-sistemului-imunitar","12":"first","13":"instock","14":"shipping-taxable","15":"purchasable","16":"product-type-simple"},"_links":{"self":[{"href":"https:\/\/faberpet.ro\/stage\/wp-json\/wp\/v2\/product\/5733","targetHints":{"allow":["GET"]}}],"collection":[{"href":"https:\/\/faberpet.ro\/stage\/wp-json\/wp\/v2\/product"}],"about":[{"href":"https:\/\/faberpet.ro\/stage\/wp-json\/wp\/v2\/types\/product"}],"wp:featuredmedia":[{"embeddable":true,"href":"https:\/\/faberpet.ro\/stage\/wp-json\/wp\/v2\/media\/10753"}],"wp:attachment":[{"href":"https:\/\/faberpet.ro\/stage\/wp-json\/wp\/v2\/media?parent=5733"}],"wp:term":[{"taxonomy":"product_brand","embeddable":true,"href":"https:\/\/faberpet.ro\/stage\/wp-json\/wp\/v2\/product_brand?post=5733"},{"taxonomy":"product_cat","embeddable":true,"href":"https:\/\/faberpet.ro\/stage\/wp-json\/wp\/v2\/product_cat?post=5733"},{"taxonomy":"product_tag","embeddable":true,"href":"https:\/\/faberpet.ro\/stage\/wp-json\/wp\/v2\/product_tag?post=5733"}],"curies":[{"name":"wp","href":"https:\/\/api.w.org\/{rel}","templated":true}]}}