{"id":5735,"date":"2024-10-21T20:35:40","date_gmt":"2024-10-21T17:35:40","guid":{"rendered":"https:\/\/faberpet.ro\/stage\/produs\/herba-top-digest-pt-animale-ferma-100-ml\/"},"modified":"2025-08-27T07:49:36","modified_gmt":"2025-08-27T05:49:36","slug":"herba-top-digest-pt-animale-ferma-100-ml","status":"publish","type":"product","link":"https:\/\/faberpet.ro\/stage\/produs\/herba-top-digest-pt-animale-ferma-100-ml\/","title":{"rendered":"Herba-Top Digest pt. animale ferma 100 ml"},"content":{"rendered":"<p>Propriet\u0103\u021bi: Con\u021bine extract de plante medicinale care au propriet\u0103\u0163i stomahice, digestive, stimul\u00e2nd activitatea hepato- biliar\u0103, \u00een dispepsii gastrointestinale, \u00een hipoaciditate gastric\u0103, \u00een meteoriza\u0163ii cronice, \u00een cazul constipa\u0163iei, \u00een afec\u0163iuni hepatice, la animalele sl\u0103bite, convalescente (m\u0103rind digestia \u015fi pofta de m\u00e2ncare). Se recomand\u0103 folosirea la cabaline, rumeg\u0103toare mari \u015fi mici, porcine, p\u0103s\u0103ri, curci, porumbei, iepuri. Mod de utilizare:Se administreaz\u0103 pe cale oral\u0103, diluat \u00een ap\u0103 de b\u0103ut, timp de 5- 7 zile, \u00een urm\u0103toarele doze \u2013 Cabaline: 40- 60 ml de 2- 3 ori pe zi \u00een ap\u0103 de b\u0103ut. Bovine adulte: 40- 60 ml de 2- 3 ori pe zi (\u00een ap\u0103 de b\u0103ut sau breuvaj). Vi\u0163ei, oi \u015fi capre: 15- 25 ml de 2- 3 ori pe zi (\u00een ap\u0103 de b\u0103ut sau breuvaj). Porcine: 5- 15 ml (\u00een func\u0163ie de greutate), de 2- 3 ori pe zi, \u00een ap\u0103 sau \u00een hran\u0103. P\u0103s\u0103ri, curci, porumbei, iepuri: \u00een ap\u0103 de b\u0103ut 2- 3 ml\/1 L ap\u0103, timp de 7- 10 zile. Se poate administra \u00een continuu \u00een caz de necesitate. Se poate folosi p\u00e2n\u0103 la sacrificare. Ingrediente:Sylibum marianum (armurariu)\u2022 Cynara scolymus (anghinare)\u2022 Foeniculum vulgare (fenicul)\u2022 Chelidonium majus (rostopasc\u0103)\u2022 Acorus calamus (obligean\u0103)\u2022 Hypericum perforatum (sun\u0103toare)\u2022 Mentha (ment\u0103)\u2022 Achillea millefolium (coada \u0219oricelului)\u2022 Melissa officinalis (roini\u021b\u0103)\u2022 Hippophae rhamnoides (c\u0103tin\u0103 fructe m\u0103cinate). Precau\u021bii:A nu se l\u0103sa la \u00eendem\u00e2na copiilor. A nu se refolosi flaconul dup\u0103 golire. Prezentare:100 ml<\/p>\n","protected":false},"excerpt":{"rendered":"<p>Propriet\u0103\u021bi: Con\u021bine extract de plante medicinale care au propriet\u0103\u0163i stomahice, digestive, stimul\u00e2nd activitatea hepato- biliar\u0103, \u00een dispepsii gastrointestinale, \u00een hipoaciditate gastric\u0103, \u00een meteoriza\u0163ii cronice, \u00een cazul constipa\u0163iei, \u00een afec\u0163iuni hepatice, la animalele sl\u0103bite, convalescente (m\u0103rind digestia \u015fi pofta de m\u00e2ncare). Se recomand\u0103 folosirea la cabaline, rumeg\u0103toare mari \u015fi mici, porcine, p\u0103s\u0103ri, curci, porumbei, iepuri. Mod [&hellip;]<\/p>\n","protected":false},"featured_media":10755,"template":"","meta":[],"product_brand":[],"product_cat":[2694,166],"product_tag":[2515,2610,2513],"class_list":{"0":"post-5735","1":"product","2":"type-product","3":"status-publish","4":"has-post-thumbnail","6":"product_cat-alte-animale","7":"product_cat-animale-ferma","8":"product_tag-afectiuni-respiratorii","9":"product_tag-herba-top-digest","10":"product_tag-ingrijire-animale-ferma","12":"first","13":"instock","14":"shipping-taxable","15":"purchasable","16":"product-type-simple"},"_links":{"self":[{"href":"https:\/\/faberpet.ro\/stage\/wp-json\/wp\/v2\/product\/5735","targetHints":{"allow":["GET"]}}],"collection":[{"href":"https:\/\/faberpet.ro\/stage\/wp-json\/wp\/v2\/product"}],"about":[{"href":"https:\/\/faberpet.ro\/stage\/wp-json\/wp\/v2\/types\/product"}],"wp:featuredmedia":[{"embeddable":true,"href":"https:\/\/faberpet.ro\/stage\/wp-json\/wp\/v2\/media\/10755"}],"wp:attachment":[{"href":"https:\/\/faberpet.ro\/stage\/wp-json\/wp\/v2\/media?parent=5735"}],"wp:term":[{"taxonomy":"product_brand","embeddable":true,"href":"https:\/\/faberpet.ro\/stage\/wp-json\/wp\/v2\/product_brand?post=5735"},{"taxonomy":"product_cat","embeddable":true,"href":"https:\/\/faberpet.ro\/stage\/wp-json\/wp\/v2\/product_cat?post=5735"},{"taxonomy":"product_tag","embeddable":true,"href":"https:\/\/faberpet.ro\/stage\/wp-json\/wp\/v2\/product_tag?post=5735"}],"curies":[{"name":"wp","href":"https:\/\/api.w.org\/{rel}","templated":true}]}}