{"id":5737,"date":"2024-10-21T20:35:41","date_gmt":"2024-10-21T17:35:41","guid":{"rendered":"https:\/\/faberpet.ro\/stage\/produs\/herba-top-cocci-plus-pt-animale-ferma-100-ml\/"},"modified":"2025-08-27T07:50:20","modified_gmt":"2025-08-27T05:50:20","slug":"herba-top-cocci-plus-pt-animale-ferma-100-ml","status":"publish","type":"product","link":"https:\/\/faberpet.ro\/stage\/produs\/herba-top-cocci-plus-pt-animale-ferma-100-ml\/","title":{"rendered":"Herba-Top Cocci-PLus pt. animale ferma 100 ml"},"content":{"rendered":"<p>Propriet\u0103\u021bi: Con\u0163ine extracte de plante medicinale care au propriet\u0103\u0163i coccidiostatice, antiprotozoare, antiseptice, antiinflamatoare, antispastice, coleretice \u015fi astringente, imunomodulatoare, \u00een enterocolite, indigestii, diaree cronic\u0103 \u015fi acut\u0103, dureri abdominale cu crampe, balon\u0103ri intestinale, \u00een lipsa poftei de m\u00e2ncare, \u00een anemie, \u00een convalescen\u0163\u0103, \u00een afec\u0163iuni ale aparatului digestiv. Cre\u015fte sporul de greutate, distrug\u00e2nd oochi\u015ftii. Se poate asocia cu medicamente antiprotozoare. Se recomand\u0103 folosirea la cabaline, rumeg\u0103toare mari \u015fi mici, porcine, p\u0103s\u0103ri, curci, porumbei, iepuri. Mod de utilizare:Se administreaz\u0103 pe cale oral\u0103, diluat \u00een ap\u0103 de b\u0103ut, timp de 5- 7 zile, \u00een urm\u0103toarele doze: Preventiv: M\u00e2nji, vi\u0163ei, purcei, miei: 1- 2 ml\/10 kg de 2- 3 ori pe zi. P\u0103s\u0103ri, curci, porumbei, iepuri: \u00een ap\u0103 de b\u0103ut 2- 3 ml\/1 L ap\u0103, timp de 7- 10 zile. Se recomand\u0103 cure lunare a c\u00e2te 7- 10 zile. Curativ: M\u00e2nji, vi\u0163ei, purcei, miei: 1- 2 ml\/5 kg de 2- 3 ori pe zi. P\u0103s\u0103ri, curci, porumbei, iepuri: \u00een ap\u0103 de b\u0103ut 4- 5 ml\/1 L ap\u0103, timp de 7- 10 zile. Se poate administra \u00een continuu \u00een caz de necesitate. Se poate folosi p\u00e2n\u0103 la sacrificare. Ingrediente:Inula helenium (iarb\u0103 mare)\u2022Chelidonium majus (rostopasc\u0103)\u2022 Urtica dioica (urzic\u0103 r\u0103d\u0103cin\u0103)\u2022Glycyrrhiza glabra (lemn dulce)\u2022Coriandrum sativum (coriandru)\u2022Allium sativum (usturoi). Precau\u021bii:A nu se l\u0103sa la \u00eendem\u00e2na copiilor. A nu se refolosi flaconul dup\u0103 golire. Prezentare:100 ml<\/p>\n","protected":false},"excerpt":{"rendered":"<p>Propriet\u0103\u021bi: Con\u0163ine extracte de plante medicinale care au propriet\u0103\u0163i coccidiostatice, antiprotozoare, antiseptice, antiinflamatoare, antispastice, coleretice \u015fi astringente, imunomodulatoare, \u00een enterocolite, indigestii, diaree cronic\u0103 \u015fi acut\u0103, dureri abdominale cu crampe, balon\u0103ri intestinale, \u00een lipsa poftei de m\u00e2ncare, \u00een anemie, \u00een convalescen\u0163\u0103, \u00een afec\u0163iuni ale aparatului digestiv. Cre\u015fte sporul de greutate, distrug\u00e2nd oochi\u015ftii. Se poate asocia cu [&hellip;]<\/p>\n","protected":false},"featured_media":10757,"template":"","meta":[],"product_brand":[],"product_cat":[2694,166],"product_tag":[2515,2611,2513],"class_list":{"0":"post-5737","1":"product","2":"type-product","3":"status-publish","4":"has-post-thumbnail","6":"product_cat-alte-animale","7":"product_cat-animale-ferma","8":"product_tag-afectiuni-respiratorii","9":"product_tag-herba-top-cocci-plus","10":"product_tag-ingrijire-animale-ferma","12":"first","13":"instock","14":"shipping-taxable","15":"purchasable","16":"product-type-simple"},"_links":{"self":[{"href":"https:\/\/faberpet.ro\/stage\/wp-json\/wp\/v2\/product\/5737","targetHints":{"allow":["GET"]}}],"collection":[{"href":"https:\/\/faberpet.ro\/stage\/wp-json\/wp\/v2\/product"}],"about":[{"href":"https:\/\/faberpet.ro\/stage\/wp-json\/wp\/v2\/types\/product"}],"wp:featuredmedia":[{"embeddable":true,"href":"https:\/\/faberpet.ro\/stage\/wp-json\/wp\/v2\/media\/10757"}],"wp:attachment":[{"href":"https:\/\/faberpet.ro\/stage\/wp-json\/wp\/v2\/media?parent=5737"}],"wp:term":[{"taxonomy":"product_brand","embeddable":true,"href":"https:\/\/faberpet.ro\/stage\/wp-json\/wp\/v2\/product_brand?post=5737"},{"taxonomy":"product_cat","embeddable":true,"href":"https:\/\/faberpet.ro\/stage\/wp-json\/wp\/v2\/product_cat?post=5737"},{"taxonomy":"product_tag","embeddable":true,"href":"https:\/\/faberpet.ro\/stage\/wp-json\/wp\/v2\/product_tag?post=5737"}],"curies":[{"name":"wp","href":"https:\/\/api.w.org\/{rel}","templated":true}]}}