{"id":5739,"date":"2024-10-21T20:35:41","date_gmt":"2024-10-21T17:35:41","guid":{"rendered":"https:\/\/faberpet.ro\/stage\/produs\/herba-top-tricho-plus-pt-animale-ferma-100-ml\/"},"modified":"2025-08-27T07:50:56","modified_gmt":"2025-08-27T05:50:56","slug":"herba-top-tricho-plus-pt-animale-ferma-100-ml","status":"publish","type":"product","link":"https:\/\/faberpet.ro\/stage\/produs\/herba-top-tricho-plus-pt-animale-ferma-100-ml\/","title":{"rendered":"Herba-Top Tricho-PLus pt. animale ferma 100 ml"},"content":{"rendered":"<p>Propriet\u0103\u021bi: Con\u0163ine extracte de plante medicinale care au propriet\u0103\u0163i antiprotozoare, antiseptice, antiinflamatoare, antispastice, hepatoprotectoare, coleretice \u015fi astringente, imunomodulatoare, \u00een profilaxia trichomonozei, histomonozei \u015fi giardiozei, preventiv \u00een coccidioz\u0103, \u00een lipsa poftei de m\u00e2ncare, \u00een anemie, \u00een convalescen\u0163\u0103, \u00een afec\u0163iuni ale aparatului digestiv. Cre\u015fte sporul de greutate, Se poate asocia cu medicamente antiprotozoare. Se recomand\u0103 folosirea la p\u0103s\u0103ri, curci, porumbei, iepuri. Cre\u015fte sporul de greutate. Mod de utilizare:Se administreaz\u0103 pe cale oral\u0103, diluat \u00een ap\u0103 de b\u0103ut, timp de 7- 10 zile, \u00een urm\u0103toarele doze: Preventiv: P\u0103s\u0103ri, curci, porumbei, iepuri: \u00een 2- 3 ml\/1 L ap\u0103. Se recomand\u0103 cure lunare a c\u00e2te 7- 10 zile. Curativ: P\u0103s\u0103ri, curci, porumbei, iepuri: \u00een ap\u0103 de b\u0103ut 4- 5 ml\/1 L ap\u0103, timp de 7- 10 zile. Se poate administra \u00een continuu \u00een caz de necesitate. Se poate folosi p\u00e2n\u0103 la sacrificare. Ingrediente:Inula helenium (iarb\u0103 mare)\u2022Calendula officinalis (g\u0103lbenele)\u2022Chelidonium majus (rostopasc\u0103)\u2022Coriandrum sativum (coriandru). Precau\u021bii:A nu se l\u0103sa la \u00eendem\u00e2na copiilor. A nu se refolosi flaconul dup\u0103 golire. Prezentare:100 ml<\/p>\n","protected":false},"excerpt":{"rendered":"<p>Propriet\u0103\u021bi: Con\u0163ine extracte de plante medicinale care au propriet\u0103\u0163i antiprotozoare, antiseptice, antiinflamatoare, antispastice, hepatoprotectoare, coleretice \u015fi astringente, imunomodulatoare, \u00een profilaxia trichomonozei, histomonozei \u015fi giardiozei, preventiv \u00een coccidioz\u0103, \u00een lipsa poftei de m\u00e2ncare, \u00een anemie, \u00een convalescen\u0163\u0103, \u00een afec\u0163iuni ale aparatului digestiv. Cre\u015fte sporul de greutate, Se poate asocia cu medicamente antiprotozoare. Se recomand\u0103 folosirea la [&hellip;]<\/p>\n","protected":false},"featured_media":10759,"template":"","meta":[],"product_brand":[],"product_cat":[2694,166],"product_tag":[2515,2612,2513],"class_list":{"0":"post-5739","1":"product","2":"type-product","3":"status-publish","4":"has-post-thumbnail","6":"product_cat-alte-animale","7":"product_cat-animale-ferma","8":"product_tag-afectiuni-respiratorii","9":"product_tag-herba-top-tricho-plus","10":"product_tag-ingrijire-animale-ferma","12":"first","13":"instock","14":"shipping-taxable","15":"purchasable","16":"product-type-simple"},"_links":{"self":[{"href":"https:\/\/faberpet.ro\/stage\/wp-json\/wp\/v2\/product\/5739","targetHints":{"allow":["GET"]}}],"collection":[{"href":"https:\/\/faberpet.ro\/stage\/wp-json\/wp\/v2\/product"}],"about":[{"href":"https:\/\/faberpet.ro\/stage\/wp-json\/wp\/v2\/types\/product"}],"wp:featuredmedia":[{"embeddable":true,"href":"https:\/\/faberpet.ro\/stage\/wp-json\/wp\/v2\/media\/10759"}],"wp:attachment":[{"href":"https:\/\/faberpet.ro\/stage\/wp-json\/wp\/v2\/media?parent=5739"}],"wp:term":[{"taxonomy":"product_brand","embeddable":true,"href":"https:\/\/faberpet.ro\/stage\/wp-json\/wp\/v2\/product_brand?post=5739"},{"taxonomy":"product_cat","embeddable":true,"href":"https:\/\/faberpet.ro\/stage\/wp-json\/wp\/v2\/product_cat?post=5739"},{"taxonomy":"product_tag","embeddable":true,"href":"https:\/\/faberpet.ro\/stage\/wp-json\/wp\/v2\/product_tag?post=5739"}],"curies":[{"name":"wp","href":"https:\/\/api.w.org\/{rel}","templated":true}]}}