{"id":5743,"date":"2024-10-21T20:35:41","date_gmt":"2024-10-21T17:35:41","guid":{"rendered":"https:\/\/faberpet.ro\/stage\/produs\/procum-pelet-cutie-150-gr\/"},"modified":"2025-08-05T11:22:04","modified_gmt":"2025-08-05T09:22:04","slug":"procum-pelet-cutie-150-gr","status":"publish","type":"product","link":"https:\/\/faberpet.ro\/stage\/produs\/procum-pelet-cutie-150-gr\/","title":{"rendered":"PROCUM pelet cutie 150 gr"},"content":{"rendered":"<p>PROCUM pelet cutie SUBSTAN\u0162A ACTIV\u0102: Brodifacoum 0, 0025%(nr. CAS: 56073- 10- 0, NR. CE: 259- 980- 5), con\u0163ine benzoat de denatoniu Indica\u0163ii: Se folose\u015fte pentru combaterea \u015fobolanilor \u015fi \u015foarecilor \u00een locuin\u0163e, grajduri \u015fi cl\u0103diri agricole, gr\u0103dini, depozite de de\u015feuri, caz\u0103rmi, magazii, vagoane, containere, etc. INSTRUC\u0162IUNI DE UTILIZARE: Se va purta m\u0103nu\u015fi de protec\u0163ie rezistente la produse chimice \u00een timpul fazei de manipulare a produsului (EN347). \u00cen timpul utiliz\u0103rii produsului nu se m\u00e2nc\u0103, nu se bea \u015fi nu se fumeaz\u0103. Sp\u0103larea m\u00e2inilor este obligatorie dup\u0103 manipulare, con\u0163inutul\/recipientul se arunc\u0103 dup\u0103 utilizare \u00een conformitate cu reglement\u0103rile na\u0163ionale. Se folose\u015fte pentru combaterea \u015fobolanilor \u00een locuin\u0163e, grajduri \u015fi cl\u0103diri agricole, gr\u0103dini, depozite de de\u015feuri, caz\u0103rmi, magazii, vagoane, containere, etc. Timp de ac\u0163iune: \u00centre 4- 10 zile de la ingerare. Restric\u0163ii: Acest produs trebuie plasat \u00een sta\u0163ii de intoxicare saun \u00een puncte de momeal\u0103 acoperite. Produsul nu trebuie niciodat\u0103 plasat la \u00eent\u00e2mplare. A nu se utiliza \u00een zone unde exist\u0103 risc de otr\u0103vire primar\u0103 sau secundar\u0103 a copiilor, animalelor de cas\u0103 sau a altor animale non- \u0163int\u0103. O momeal\u0103 de pelet gr\u00e2u gata de utilizare pe baz\u0103 de anticoagulant. Pentru a fi utilizat\u0103 ca rodenticid pentru controlul \u015fobolanilor \u015fi \u015foarecilor de cas\u0103, \u00een interior, \u00een aer liber \u00een jurul cl\u0103dirilor, de c\u0103tre publicul general. Doze recomandate: \u015fobolani \u2013 public general, utiliza\u0163i 10- 60 g de momeal\u0103 \u00een sta\u0163iile de intoxicare inviolabile, a\u015fezate la o distan\u0163\u0103 de 10 m (la distan\u0163\u0103 de 5 m \u00een zonele cu infest\u0103ri mari) \u00een zonele \u00een care \u015fobolanii sunt activi. Controla\u0163i regulat consumul de momeal\u0103 \u015fi \u00eenlocui\u0163i momeala consumat\u0103 sau stricat\u0103 p\u00e2n\u0103 c\u00e2nd consumul acesteia s- a oprit. Repeta\u0163i tratamentul \u00een situa\u0163iile \u00een care exist\u0103 dovezi de infestare nou\u0103 (de exemplu, urme proaspete sau fecale). Nu mi\u015fca\u0163i sau deranja\u0163i punctele de momeal\u0103 timp de mai multe zile dup\u0103 plasarea momelii. Dac\u0103 nu se observ\u0103 semne de activitate a \u015fobolanilor \u00een apropierea momelii dup\u0103 7- 10 zile, muta\u0163i momeala \u00eentr- o zon\u0103 cu activitate mai mare a \u015fobolanilor. Sta\u0163iile de intoxicare trebuie vizitate numai dup\u0103 5- 7 zile de la \u00eenceperea tratamentului \u015fi cel pu\u0163in s\u0103pt\u0103m\u00e2nal ulterior, pentru a verifica dac\u0103 momeala este acceptat\u0103, sta\u0163iile de intoxicare sunt intacte \u015fi pentru a elimina cadavrele roz\u0103toarelor. Reaplica\u0163i momeala c\u00e2nd este necesar. Statutul de rezisten\u0163\u0103 al popula\u0163iei \u0163int\u0103 ar trebui luat \u00een eviden\u0163\u0103 atunci c\u00e2nd se ia \u00een considerare alegerea rodenticidului care trebuie utilizat. \u00cen zonele \u00een care exist\u0103 suspiciuni de rezisten\u0163\u0103 la anumite ingrediente active, evita\u0163i utilizarea acestora. Pentru a controla r\u0103sp\u00e2ndirea rezisten\u0163ei, se recomand\u0103 alternarea momelilor care con\u0163in diferite active anticoagulante. Nu utiliza\u0163i acest produs pentru momirea permanent\u0103 sau prin impulsuri. \u00cendep\u0103rta\u0163i momeala r\u0103mas\u0103 sau sta\u0163iile de intoxicare la sf\u00e2r\u015fitul perioadei de tratament. Utilizarea acestui produs ar trebui s\u0103 elimine roz\u0103toarele \u00een termen de 35 de zile, \u00een cazul unei suspiciuni de lips\u0103 a eficacit\u0103\u0163ii p\u00e2n\u0103 la sf\u00e2r\u015fitul tratamentului (de exemplu, activitatea roz\u0103toarelor este \u00eenc\u0103 observat\u0103), utilizatorul ar trebui s\u0103 solicite sfatul furnizorului de produs sau s\u0103 apeleze la un serviciu de control al d\u0103un\u0103torilor. Nu sp\u0103la\u0163i cu ap\u0103 sta\u0163iile de intoxicare \u00eentre aplic\u0103ri. Atunci c\u00e2nd introduce\u0163i sta\u0163iile de intoxicare \u00een apropierea sistemelor de scurgere a apei, asigura\u0163i- v\u0103 c\u0103 se evit\u0103 contactul momelii cu apa. Proteja\u0163i momeala de condi\u0163iile atmosferice (de exemplu, ploaie, z\u0103pad\u0103 etc. ). Plasa\u0163i sta\u0163iile de intoxicare \u00een zone care nu sunt supuse inunda\u0163iilor. Nu aplica\u0163i acest produs direct \u00een vizuine. PRECAU\u0162II:P102- A nu se l\u0103sa la \u00eendem\u00e2na copiilor. P103- Cititi eticheta \u00eenainte de utilizare. P220- A se p\u0103stra \/depozita departe de \u00eembr\u0103c\u0103minte \/ materiale combustibile. P262- Evita\u0163i orice contact cu pielea. P270- A nu m\u00e2nca, bea sau fuma \u00een timpul utiliz\u0103rii produsului. P273 \u2013 Evitati dispersare in mediu. P280- Purta\u0163i m\u0103nu\u015fi de protec\u0163ie. P404- A se depozita \u00eentr- un recipient \u00eenchis. P405 \u2013 A se depozita sub cheie. P501- Aruncati recipientul conform dispozi\u0163iilor locale. P301+P310- \u00ceN CAZ DE \u00ceNGHI\u0162IRE: suna\u0163i imediat la un CENTRU DE INFORMARE TOXICOLOGIC\u0102 sau un medic. TELEFON DE URGEN\u0162\u0102:021\/318 36 06 sau 021 318 36 20\/interior 235 (Luni- Vineri, 8:00- 15:00); Institutul Na\u0163ional de S\u0103n\u0103tate Public\u0103, Bucure\u015fti<\/p>\n","protected":false},"excerpt":{"rendered":"<p>PROCUM pelet cutie SUBSTAN\u0162A ACTIV\u0102: Brodifacoum 0, 0025%(nr. CAS: 56073- 10- 0, NR. CE: 259- 980- 5), con\u0163ine benzoat de denatoniu Indica\u0163ii: Se folose\u015fte pentru combaterea \u015fobolanilor \u015fi \u015foarecilor \u00een locuin\u0163e, grajduri \u015fi cl\u0103diri agricole, gr\u0103dini, depozite de de\u015feuri, caz\u0103rmi, magazii, vagoane, containere, etc. INSTRUC\u0162IUNI DE UTILIZARE: Se va purta m\u0103nu\u015fi de protec\u0163ie rezistente la [&hellip;]<\/p>\n","protected":false},"featured_media":10763,"template":"","meta":[],"product_brand":[],"product_cat":[2616],"product_tag":[2620,2618,2617],"class_list":{"0":"post-5743","1":"product","2":"type-product","3":"status-publish","4":"has-post-thumbnail","6":"product_cat-insecticide-si-raticide","7":"product_tag-combaterea-sobolanilor","8":"product_tag-produse-raticide","9":"product_tag-substante-rozatoare","11":"first","12":"instock","13":"shipping-taxable","14":"purchasable","15":"product-type-simple"},"_links":{"self":[{"href":"https:\/\/faberpet.ro\/stage\/wp-json\/wp\/v2\/product\/5743","targetHints":{"allow":["GET"]}}],"collection":[{"href":"https:\/\/faberpet.ro\/stage\/wp-json\/wp\/v2\/product"}],"about":[{"href":"https:\/\/faberpet.ro\/stage\/wp-json\/wp\/v2\/types\/product"}],"wp:featuredmedia":[{"embeddable":true,"href":"https:\/\/faberpet.ro\/stage\/wp-json\/wp\/v2\/media\/10763"}],"wp:attachment":[{"href":"https:\/\/faberpet.ro\/stage\/wp-json\/wp\/v2\/media?parent=5743"}],"wp:term":[{"taxonomy":"product_brand","embeddable":true,"href":"https:\/\/faberpet.ro\/stage\/wp-json\/wp\/v2\/product_brand?post=5743"},{"taxonomy":"product_cat","embeddable":true,"href":"https:\/\/faberpet.ro\/stage\/wp-json\/wp\/v2\/product_cat?post=5743"},{"taxonomy":"product_tag","embeddable":true,"href":"https:\/\/faberpet.ro\/stage\/wp-json\/wp\/v2\/product_tag?post=5743"}],"curies":[{"name":"wp","href":"https:\/\/api.w.org\/{rel}","templated":true}]}}