{"id":5744,"date":"2024-10-21T20:35:41","date_gmt":"2024-10-21T17:35:41","guid":{"rendered":"https:\/\/faberpet.ro\/stage\/produs\/procum-cub-parafinat-punga-300-gr\/"},"modified":"2025-08-05T11:22:25","modified_gmt":"2025-08-05T09:22:25","slug":"procum-cub-parafinat-punga-300-gr","status":"publish","type":"product","link":"https:\/\/faberpet.ro\/stage\/produs\/procum-cub-parafinat-punga-300-gr\/","title":{"rendered":"PROCUM cub parafinat punga 300 gr"},"content":{"rendered":"<p>PROCUM cub parafinat SUBSTAN\u0162\u0102 ACTIV\u0102: Brodifacoum 0, 0025%(nr. CAS: 56073- 10- 0, NR. CE: 259- 980- 5), con\u0163ine benzoat de denatoniu INDICA\u0162II: Se folose\u015fte pentru combaterea \u015fobolanilor \u015fi \u015foarecilor \u00een spa\u0163ii \u00eenchise cu grad ridicat de umiditate, ex. locuin\u0163e, grajduri \u015fi cl\u0103diri agricole, caz\u0103rmi, magazii, vagoane, containere, etc. , respectiv \u00een spa\u0163ii deschise ex. canaliz\u0103ri, scurgeri de ap\u0103, maluri de ap\u0103, locuri de depozitare a gunoaielor. Se amplaseaz\u0103 mai ales \u00een zone umede, unde celelalte tipuri de raticide nu pot fi utilizate. INSTRUC\u0162IUNI \u015eI DOZELE DE APLICARE:Purta\u0163i m\u0103nu\u015fi de protec\u0163ie chimice \u00een timpul fazei de manipulare a produsului (EN374). \u00cen timpul utiliz\u0103rii produsului nu se m\u00e2nc\u0103, nu se bea \u015fi nu se fumeaz\u0103. Sp\u0103larea m\u00e2inilor este obligatorie dup\u0103 manipulare, con\u0163inutul\/recipientul se arunc\u0103 dup\u0103 utilizare \u00een conformitate cu reglement\u0103rile na\u0163ionale. M\u00e2inile \u015fi pielea expus\u0103 direct dup\u0103 utilizarea produsului se spal\u0103 cu ap\u0103 din abunden\u0163\u0103. Indica\u0163ii: Se folose\u015fte pentru combaterea \u015fobolanilor \u00een spa\u0163ii \u00eenchise cu grad ridicat de umiditate, ex. locuin\u0163e, grajduri \u015fi cl\u0103diri agricole, caz\u0103rmi, magazii, vagoane, containere, etc. , respectiv \u00een spa\u0163ii deschise ex. canaliz\u0103ri, scurgeri de ap\u0103, maluri de ap\u0103, locuri de depozitare a gunoaielor. Se amplaseaz\u0103 mai ales \u00een zone umede, unde celelalte tipuri de raticide nu pot fi utilizate. \u015fobolani \u2013 public general \u2013 interior, \u00een aer liber\/ \u00een exterior \u00een jurul cl\u0103dirilor: Fixa\u0163i 10- 60 g de blocuri \u00een sta\u0163ii de momeal\u0103 rezistente la manipul\u0103ri la distan\u0163e de 10 m (5m \u00een zone de infesta\u0163ie \u00eenalt\u0103) acolo unde \u015fobolanii sunt activi. Verifica\u0163i regulat consumul de momeal\u0103 \u015fi \u00eenlocui\u0163i momeala consumat\u0103 sau stricat\u0103 p\u00e2n\u0103 la terminarea consumului. Repeta\u0163i tratamentul \u00een situa\u0163ii unde exist\u0103 dovada unei noi infesta\u0163ii (de exemplu urme sau excremente proaspete). Nu muta\u0163i sau deranja\u0163i punctele de momeal\u0103 pentru c\u00e2teva zile dup\u0103 plasarea lor. Dac\u0103 nu este nici un semn de activitate de \u015fobolani \u00een jurul momelii dup\u0103 7- 10 zile, muta\u0163i momeala \u00eentr- un loc cu activitate de \u015fobolani mai mare. Dac\u0103 toat\u0103 momeala a fost consumat\u0103 din anumite locuri, cre\u015fte\u0163i cantitatea momelii prin plasarea mai multor puncte de momeal\u0103. Nu cre\u015fte\u0163i m\u0103rimea punctului de momeal\u0103. Repeta\u0163i tratamentul \u00een situa\u0163ii unde exist\u0103 dovada unei noi infest\u0103ri. Nu utiliza\u0163i acest produs ca momeal\u0103 permanent\u0103 pentru prevenirea infesta\u0163iilor de roz\u0103toare sau monitorizarea activit\u0103\u0163iilor rodenticide. \u00cenlocui\u0163i orice momeal\u0103 consumat\u0103 de roz\u0103toare sau cea care a fost deteriorat\u0103 de ap\u0103 sau contaminat\u0103 de p\u0103m\u00e2nt. Sta\u0163iile de momeal\u0103 trebuie vizitate doar dup\u0103 5- 7 zile dup\u0103 \u00eenceputul perioadei de tratament \u015fi cel pu\u0163in s\u0103pt\u0103m\u00e2nal dup\u0103 acesta, pentru a verifica dac\u0103 momeala este acceptat\u0103, sta\u0163iile de momeal\u0103 sunt intacte \u015fi de a \u00eendep\u0103rta roz\u0103toarele moarte. Re\u00eenc\u0103rca\u0163i c\u00e2nd este necesar. Proteja\u0163i momeala de la condi\u0163iile atmosferice (de exemplu ploaie, z\u0103pad\u0103, etc. ). Plasa\u0163i sta\u0163iile de momeal\u0103 \u00een locurile care nu sunt predispuse inunda\u0163iilor. Utilizarea acestui produs trebuie s\u0103 elimine roz\u0103toarele \u00een 35 de zile. \u00cen cazul lipsei de eficien\u0163\u0103 suspectate, p\u00e2n\u0103 la sf\u00e2r\u015fitul tratamentului (de exemplu activitatea de roz\u0103toare mai poate fi observat\u0103), utilizatorul trebuie s\u0103 consulte v\u00e2nz\u0103torul produsului sau s\u0103 apeleze un serviciu de control al roz\u0103toarelor. PRECAU\u0162II:Fraze de pericol (H): H373 \u2013 Poate provoca leziuni ale organelor \u00een caz de expunere prelungit\u0103 sau repetat\u0103. EUH 208 \u2013 Con\u0163ine: 1, 2 benzisothiazolin- 3- one. Poate provoca o reac\u0163ie alergic\u0103. EUH 401 \u2013 Pentru a evita riscurile pentru s\u0103n\u0103tatea uman\u0103 \u015fi mediu, a se respecta instruc\u0163iunile de utilizare. Fraze de pruden\u0163\u0103 (P): P102 \u2013 A nu se l\u0103sa la \u00eendem\u00e2na copiilor. P103 \u2013 Citi\u0163i eticheta \u00eenainte de utilizare. P220 \u2013 A se p\u0103stra\/depozita departe de \u00eembr\u0103c\u0103minte\/. . . \/materiale combustibile. P262 \u2013 Evita\u0163i orice contact cu ochii, pielea sau \u00eembr\u0103c\u0103mintea. P270 \u2013 A nu m\u00e2nca, bea sau fuma \u00een timpul utiliz\u0103rii produsului. P273 \u2013 Evita\u0163i dispersarea \u00een mediu. P280 \u2013 Purta\u0163i m\u0103nu\u015fi de protec\u0163ie\/\u00eembr\u0103c\u0103minte de protec\u0163ie\/echipament de protec\u0163ie a ochilor\/echipament de protec\u0163ie a fe\u0163ei. P301+P310 \u2013 \u00ceN CAZ DE \u00ceNGHI\u0163IRE: suna\u0163i imediat la un CENTRU DE INFORMARE TOXICOLOGIC\u0102 sau un medic. P404+P405 \u2013 A se depozita \u00eentr- un recipient \u00eenchis. A se depozita sub cheie. P501 \u2013 Arunca\u0163i con\u0163inutul\/recipientul \u00een conformitate cu prevederile hot\u0103r\u00e2rilor municipale. De accidentele ap\u0103rute prin nerespectarea instruc\u0163iunilor de utilizare se face r\u0103spunz\u0103toare persoana care a folosit momeala toxic\u0103. TELEFON DE URGEN\u0162\u0102:021\/318 36 06 sau 021 318 36 20\/interior 235 (Luni- Vineri, 8:00- 15:00); Institutul Na\u0163ional de S\u0103n\u0103tate Public\u0103, Bucure\u015fti<\/p>\n","protected":false},"excerpt":{"rendered":"<p>PROCUM cub parafinat SUBSTAN\u0162\u0102 ACTIV\u0102: Brodifacoum 0, 0025%(nr. CAS: 56073- 10- 0, NR. CE: 259- 980- 5), con\u0163ine benzoat de denatoniu INDICA\u0162II: Se folose\u015fte pentru combaterea \u015fobolanilor \u015fi \u015foarecilor \u00een spa\u0163ii \u00eenchise cu grad ridicat de umiditate, ex. locuin\u0163e, grajduri \u015fi cl\u0103diri agricole, caz\u0103rmi, magazii, vagoane, containere, etc. , respectiv \u00een spa\u0163ii deschise ex. canaliz\u0103ri, [&hellip;]<\/p>\n","protected":false},"featured_media":10764,"template":"","meta":[],"product_brand":[],"product_cat":[2616],"product_tag":[2622,2623,2621],"class_list":{"0":"post-5744","1":"product","2":"type-product","3":"status-publish","4":"has-post-thumbnail","6":"product_cat-insecticide-si-raticide","7":"product_tag-combaterea-rozatoarelor","8":"product_tag-procum-cub","9":"product_tag-substante-anti-sobolani","11":"first","12":"instock","13":"shipping-taxable","14":"purchasable","15":"product-type-simple"},"_links":{"self":[{"href":"https:\/\/faberpet.ro\/stage\/wp-json\/wp\/v2\/product\/5744","targetHints":{"allow":["GET"]}}],"collection":[{"href":"https:\/\/faberpet.ro\/stage\/wp-json\/wp\/v2\/product"}],"about":[{"href":"https:\/\/faberpet.ro\/stage\/wp-json\/wp\/v2\/types\/product"}],"wp:featuredmedia":[{"embeddable":true,"href":"https:\/\/faberpet.ro\/stage\/wp-json\/wp\/v2\/media\/10764"}],"wp:attachment":[{"href":"https:\/\/faberpet.ro\/stage\/wp-json\/wp\/v2\/media?parent=5744"}],"wp:term":[{"taxonomy":"product_brand","embeddable":true,"href":"https:\/\/faberpet.ro\/stage\/wp-json\/wp\/v2\/product_brand?post=5744"},{"taxonomy":"product_cat","embeddable":true,"href":"https:\/\/faberpet.ro\/stage\/wp-json\/wp\/v2\/product_cat?post=5744"},{"taxonomy":"product_tag","embeddable":true,"href":"https:\/\/faberpet.ro\/stage\/wp-json\/wp\/v2\/product_tag?post=5744"}],"curies":[{"name":"wp","href":"https:\/\/api.w.org\/{rel}","templated":true}]}}