{"id":5745,"date":"2024-10-21T20:35:41","date_gmt":"2024-10-21T17:35:41","guid":{"rendered":"https:\/\/faberpet.ro\/stage\/produs\/procum-cub-parafinat-cutie-300-gr\/"},"modified":"2025-08-05T11:22:49","modified_gmt":"2025-08-05T09:22:49","slug":"procum-cub-parafinat-cutie-300-gr","status":"publish","type":"product","link":"https:\/\/faberpet.ro\/stage\/produs\/procum-cub-parafinat-cutie-300-gr\/","title":{"rendered":"PROCUM cub parafinat cutie 300 gr"},"content":{"rendered":"<p>PROCUM cub parafinat SUBSTAN\u0162\u0102 ACTIV\u0102: 0, 005% Brodifacoum Nr. CAS 56073- 10- 0 Nr. CE 259- 980- 5 \u2013 anticoagulant de sintez\u0103 pe suport de cereale m\u0103run\u0163ite \u015fi parafinate. Produsul este protejat cu BITREX. Antidot specific: Vitamina K1. INDICA\u0162II: Se folose\u015fte pentru combaterea \u015fobolanilor \u015fi \u015foarecilor \u00een spa\u0163ii \u00eenchise cu grad ridicat de umiditate, ex. locuin\u0163e, grajduri \u015fi cl\u0103diri agricole, caz\u0103rmi, magazii, vagoane, containere, etc. , respectiv \u00een spa\u0163ii deschise ex. canaliz\u0103ri, scurgeri de ap\u0103, maluri de ap\u0103, locuri de depozitare a gunoaielor. Se amplaseaz\u0103 mai ales \u00een zone umede, unde celelalte tipuri de raticide nu pot fi utilizate. INSTRUC\u0162IUNI \u015eI DOZELE DE APLICARE:Se plaseaz\u0103 momeal\u0103 sub form\u0103 de cuburi \u00een galeriile active \u015fi locurile frecventate de \u015foareci \u015fi \u015fobolani. Amplasarea se face \u00een sta\u0163ii de intoxicare. Pentru combaterea \u015fobolanilor produsul se amplaseaz\u0103 \u00een cantitate de 10- 60 g momeal\u0103 la distan\u0163e de 10 m (5 m pentru infestarea mare), iar \u00een cazul \u015foarecilor c\u00e2te 5- 20 g momeal\u0103 la distan\u0163e de 5 m (2 m pentru infestarea mare). Se verific\u0103 regulat \u015fi se \u00eenlocuie\u015fte momeal\u0103 consumat\u0103 sau distrus\u0103 de ap\u0103 sau alt\u0103 murd\u0103rii p\u00e2n\u0103 c\u00e2nd \u00eenceteaz\u0103 consumul. Se repet\u0103 tratamentul \u00een cazul unei noi \u00eenfest\u0103ri. Dac\u0103 toate momelile au fost m\u00e2ncate s\u0103 se creasc\u0103 cantitate de momeal\u0103 prin plasarea mai multor puncte de momeal\u0103. A nu se cre\u015fte cantitatea de momeal\u0103 intr- un singur punct de lucru. PRECAU\u0162II:P102- A nu se l\u0103sa la \u00eendem\u00e2na copiilor. P103- Citi\u0163i eticheta \u00eenainte de utilizare. P220- A se p\u0103stra\/depozita departe de \u00eembr\u0103c\u0103minte \/ materiale combustibile. P262- Evita\u0163i orice contact cu pielea. P270- A nu m\u00e2nca, bea sau fuma \u00een timpul utiliz\u0103rii produsului. P273- Evita\u0163i dispersarea \u00een mediu. P280- Purta\u0163i m\u0103nu\u015fi de protec\u0163ie. P404- A se depozita \u00eentr- un recipient \u00eenchis. P405- A se depozita sub cheie. P501- Arunca\u0163i con\u0163inutul recipientul conform dispozi\u0163iilor locale. P301+P310- \u00ceN CAZ DE \u00ceNGHI\u0162IRE: Suna\u0163i imediat la un CENTRU DE INFORMARE TOXICOLOGIC\u0102 sau un medic. De accidentele ap\u0103rute prin nerespectarea instruc\u0163iunilor de utilizare se face r\u0103spunz\u0103toare persoana care a folosit momeala toxic\u0103. TELEFON DE URGEN\u0162\u0102:021\/318 36 06 sau 021 318 36 20\/interior 235 (Luni- Vineri, 8:00- 15:00); Institutul Na\u0163ional de S\u0103n\u0103tate Public\u0103, Bucure\u015fti<\/p>\n","protected":false},"excerpt":{"rendered":"<p>PROCUM cub parafinat SUBSTAN\u0162\u0102 ACTIV\u0102: 0, 005% Brodifacoum Nr. CAS 56073- 10- 0 Nr. CE 259- 980- 5 \u2013 anticoagulant de sintez\u0103 pe suport de cereale m\u0103run\u0163ite \u015fi parafinate. Produsul este protejat cu BITREX. Antidot specific: Vitamina K1. INDICA\u0162II: Se folose\u015fte pentru combaterea \u015fobolanilor \u015fi \u015foarecilor \u00een spa\u0163ii \u00eenchise cu grad ridicat de umiditate, ex. [&hellip;]<\/p>\n","protected":false},"featured_media":10765,"template":"","meta":[],"product_brand":[],"product_cat":[2616],"product_tag":[2622,2623,2621],"class_list":{"0":"post-5745","1":"product","2":"type-product","3":"status-publish","4":"has-post-thumbnail","6":"product_cat-insecticide-si-raticide","7":"product_tag-combaterea-rozatoarelor","8":"product_tag-procum-cub","9":"product_tag-substante-anti-sobolani","11":"first","12":"instock","13":"shipping-taxable","14":"purchasable","15":"product-type-simple"},"_links":{"self":[{"href":"https:\/\/faberpet.ro\/stage\/wp-json\/wp\/v2\/product\/5745","targetHints":{"allow":["GET"]}}],"collection":[{"href":"https:\/\/faberpet.ro\/stage\/wp-json\/wp\/v2\/product"}],"about":[{"href":"https:\/\/faberpet.ro\/stage\/wp-json\/wp\/v2\/types\/product"}],"wp:featuredmedia":[{"embeddable":true,"href":"https:\/\/faberpet.ro\/stage\/wp-json\/wp\/v2\/media\/10765"}],"wp:attachment":[{"href":"https:\/\/faberpet.ro\/stage\/wp-json\/wp\/v2\/media?parent=5745"}],"wp:term":[{"taxonomy":"product_brand","embeddable":true,"href":"https:\/\/faberpet.ro\/stage\/wp-json\/wp\/v2\/product_brand?post=5745"},{"taxonomy":"product_cat","embeddable":true,"href":"https:\/\/faberpet.ro\/stage\/wp-json\/wp\/v2\/product_cat?post=5745"},{"taxonomy":"product_tag","embeddable":true,"href":"https:\/\/faberpet.ro\/stage\/wp-json\/wp\/v2\/product_tag?post=5745"}],"curies":[{"name":"wp","href":"https:\/\/api.w.org\/{rel}","templated":true}]}}