{"id":5748,"date":"2024-10-21T20:35:42","date_gmt":"2024-10-21T17:35:42","guid":{"rendered":"https:\/\/faberpet.ro\/stage\/produs\/procum-grau-violet-punga-150-gr\/"},"modified":"2025-08-05T11:15:51","modified_gmt":"2025-08-05T09:15:51","slug":"procum-grau-violet-punga-150-gr","status":"publish","type":"product","link":"https:\/\/faberpet.ro\/stage\/produs\/procum-grau-violet-punga-150-gr\/","title":{"rendered":"PROCUM grau violet punga 150 gr"},"content":{"rendered":"<p>INSTRUC\u021aIUNILE \u0218I DOZELE DE APLICARE:Se va purta m\u0103nu\u0219i de protec\u021bie rezistente la produse chimice \u00een timpul fazei de manipulare a produsului (EN 374). \u00cen timpul utiliz\u0103rii produsului, nu se m\u0103n\u00e2nc\u0103, nu se bea \u0219i nu se fumeaz\u0103. Sp\u0103larea m\u00e2inilor este obligatorie dup\u0103 manipulare, con\u021binutul\/recipientul se arunc\u0103 dup\u0103 utilizare \u00een conformitate cu reglement\u0103rile na\u021bionale. \u0218obolani &#8211; public general \u2013 interior, exterior \u00een jurul cl\u0103dirilor: Fixa\u021bi 10- 60 g de momeal\u0103 \u00een sta\u021bii de momeal\u0103 rezistente la manipul\u0103ri, separate la distan\u021be de 10 metri (5 metri \u00een zone de infesta\u021bie \u00eenalte). Verifica\u021bi regulat consumul de momeal\u0103 \u0219i schimba\u021bi momeala consumat\u0103 sau stricat\u0103 p\u00e2n\u0103 la terminarea consumului. Repeta\u021bi tratamentul \u00een situa\u021bii unde exist\u0103 dovada unei noi infesta\u021bii (de exemplu urme proaspete sau excremente). Nu mi\u0219ca\u021bi sau tulbura\u021bi punctele de momeal\u0103 pentru c\u00e2teva zile dup\u0103 a\u0219ezarea momelii. Dac\u0103 nu se observ\u0103 activitatea de \u0219obolani \u00een jurul momelii dup\u0103 7- 10 zile dup\u0103 \u00eenceputul tratamentului, mi\u0219ca\u021bi momeala \u00eentr- o zon\u0103 cu activitate mai mare de \u0219obolani. Dac\u0103 toat\u0103 momeala a fost consumat\u0103 din anumite zone, m\u0103ri\u021bi cantitatea de momeal\u0103 prin amplasarea mai multor puncte de momeal\u0103. S\u0103 nu cre\u0219te\u021bi m\u0103rimea punctului de momeal\u0103. \u00cenlocui\u021bi orice momeal\u0103 consumat\u0103 de roz\u0103toare sau care a fost deteriorat\u0103 de ap\u0103 sau contaminat\u0103 de p\u0103m\u00e2nt. Sta\u021biile de momeal\u0103 trebuie vizitate doar dup\u0103 5- 7 zile dup\u0103 \u00eenceputul tratamentului \u0219i cel pu\u021bin s\u0103pt\u0103m\u00e2nal dup\u0103 acesta, pentru a verifica dac\u0103 momeala este acceptat\u0103, sta\u021biile de momeal\u0103 sunt intacte \u0219i de a \u00eendep\u0103rta roz\u0103toarele moarte. Reumple\u021bi momeala c\u00e2nd este necesar. Utilizarea acestui produs ar trebui s\u0103 elimine roz\u0103toarele \u00een 35 de zile. \u00cen cazul lipsei eficien\u021bei suspectate la sf\u00e2r\u0219itul tratamentului, utilizatorul trebuie s\u0103 consulte v\u00e2nz\u0103torul produsului sau s\u0103 apeleze un serviciu de control al d\u0103un\u0103torilor. CONDI\u021aIILE D\ufeffE DEPOZITARE:Se depoziteaz\u0103 \u00een locuri inaccesibile, p\u0103s\u0103rilor, animalelor de companie \u0219i animalelor de ferm\u0103. A se depozita \u00eentr- un loc uscat, r\u0103coros \u0219i bine ventilat. P\u0103stra\u021bi momeala \u00een ambalajul original, \u00eenchis etan\u0219 \u0219i ferit de lumina direct\u0103 a soarelui. Din cauza modului de ac\u021biune anticoagulant al rodenticidelor, poate dura 4- 10 zile pentru a avea efect dup\u0103 consumarea momelii. Roz\u0103toarele pot fi purt\u0103toare de boli. Nu atinge\u021bi roz\u0103toarele moarte cu m\u00e2na goal\u0103, purta\u021bi m\u0103nu\u0219i \u0219i utiliza\u021bi unelte (cle\u0219te) c\u00e2nd le \u00eendep\u0103rta\u021bi. Acest produs con\u021bine o substan\u021b\u0103 amar\u0103 \u0219i un colorant. Av\u00e2nd \u00een vedere efectele adverse poten\u021biale pentru s\u0103n\u0103tatea uman\u0103, se recomand\u0103 citirea cu maxim\u0103 aten\u021bie a instruc\u021biunilor de pe etichet\u0103 \u0219i respectarea lor. Se va evita prin orice mijloace p\u0103trunderea \u00een sistemul de canalizare \u0219i \u00een ape de suprafa\u021b\u0103. Nu se pun suporturile de momeal\u0103 \u00een apropierea sistemelor de drenare a apei acolo unde momeala ar putea intra \u00een contact cu ap\u0103. TELEFON DE URGEN\u0162\u0102:021\/318 36 06 sau 021 318 36 20\/interior 235 (Luni- Vineri, 8:00- 15:00); Institutul Na\u0163ional de S\u0103n\u0103tate Public\u0103, Bucure\u015fti<\/p>\n","protected":false},"excerpt":{"rendered":"<p>INSTRUC\u021aIUNILE \u0218I DOZELE DE APLICARE:Se va purta m\u0103nu\u0219i de protec\u021bie rezistente la produse chimice \u00een timpul fazei de manipulare a produsului (EN 374). \u00cen timpul utiliz\u0103rii produsului, nu se m\u0103n\u00e2nc\u0103, nu se bea \u0219i nu se fumeaz\u0103. Sp\u0103larea m\u00e2inilor este obligatorie dup\u0103 manipulare, con\u021binutul\/recipientul se arunc\u0103 dup\u0103 utilizare \u00een conformitate cu reglement\u0103rile na\u021bionale. \u0218obolani &#8211; [&hellip;]<\/p>\n","protected":false},"featured_media":10768,"template":"","meta":[],"product_brand":[],"product_cat":[2616],"product_tag":[2624,2625,2626],"class_list":{"0":"post-5748","1":"product","2":"type-product","3":"status-publish","4":"has-post-thumbnail","6":"product_cat-insecticide-si-raticide","7":"product_tag-contra-rozatoarelor","8":"product_tag-momeala-rozatoare","9":"product_tag-procum-grau","11":"first","12":"instock","13":"shipping-taxable","14":"purchasable","15":"product-type-simple"},"_links":{"self":[{"href":"https:\/\/faberpet.ro\/stage\/wp-json\/wp\/v2\/product\/5748","targetHints":{"allow":["GET"]}}],"collection":[{"href":"https:\/\/faberpet.ro\/stage\/wp-json\/wp\/v2\/product"}],"about":[{"href":"https:\/\/faberpet.ro\/stage\/wp-json\/wp\/v2\/types\/product"}],"wp:featuredmedia":[{"embeddable":true,"href":"https:\/\/faberpet.ro\/stage\/wp-json\/wp\/v2\/media\/10768"}],"wp:attachment":[{"href":"https:\/\/faberpet.ro\/stage\/wp-json\/wp\/v2\/media?parent=5748"}],"wp:term":[{"taxonomy":"product_brand","embeddable":true,"href":"https:\/\/faberpet.ro\/stage\/wp-json\/wp\/v2\/product_brand?post=5748"},{"taxonomy":"product_cat","embeddable":true,"href":"https:\/\/faberpet.ro\/stage\/wp-json\/wp\/v2\/product_cat?post=5748"},{"taxonomy":"product_tag","embeddable":true,"href":"https:\/\/faberpet.ro\/stage\/wp-json\/wp\/v2\/product_tag?post=5748"}],"curies":[{"name":"wp","href":"https:\/\/api.w.org\/{rel}","templated":true}]}}