{"id":5752,"date":"2024-10-21T20:35:42","date_gmt":"2024-10-21T17:35:42","guid":{"rendered":"https:\/\/faberpet.ro\/stage\/produs\/procum-pasta-cutie-150-gr\/"},"modified":"2025-08-05T11:16:59","modified_gmt":"2025-08-05T09:16:59","slug":"procum-pasta-cutie-150-gr","status":"publish","type":"product","link":"https:\/\/faberpet.ro\/stage\/produs\/procum-pasta-cutie-150-gr\/","title":{"rendered":"PROCUM pasta punga 150 gr"},"content":{"rendered":"<p>PROCUM pasta cutie SUBSTAN\u0162\u0102 ACTIVA: 0, 005% Difenacoum Nr CAS 56073- 07- 5 Nr CE 259- 978- 4, anticoagulant de sintez\u0103 pe suport de past\u0103, ambalat\u0103 in plicuri de 10 g. Produsul este protejat cu BITREX. Antidot specific: Vitamina K1. INDICA\u0162II: Se folose\u015fte pentru combaterea \u015fobolanilor \u015fi \u015foarecilor \u00een locuin\u0163e, grajduri \u015fi cl\u0103diri agricole, gr\u0103dini, depozite de de\u015feuri, caz\u0103rmi, magazii, vagoane, containere, etc. INDICA\u0162II PENTRU FIECARE UTILIZARE: Se plaseaz\u0103 momeala \u00een galeriile active \u015fi locurile frecventate de \u015foareci \u015fi \u015fobolani. Amplasarea se face \u00een recipien\u0163i (t\u0103vi\u0163e de carton, plastic) \u00een locuri, ferite de lumin\u0103, umezeal\u0103, s\u0103 nu permit\u0103 accesul copiilor \u015fi animalelor domestice, \u00een apropierea c\u0103ilor de acces, a cuiburilor sau \u00een locurile de hr\u0103nire a \u015fobolanilor. \u00cen cazul \u00een care este posibil, fixa\u0163i momeala, astfel \u00eenc\u00e2t s\u0103 nu poat\u0103 fi deplasat\u0103. Pentru combaterea \u015fobolanilor produsul se amplaseaz\u0103 \u00een cantitate de p\u00e2n\u0103 la 200 g la distan\u0163e 10 m ( 5 m \u00een zone cu infestare puternic\u0103), iar \u00een cazul \u015foarecilor p\u00e2n\u0103 la 40 g la distan\u0163e de 5 m (2 m \u00een zone cu infestare puternic\u0103). A se verific\u0103 regulat consumul otr\u0103vii \u015fi a se \u00eenlocui otrav\u0103 consumat\u0103 sau impr\u0103\u0219tiat\u0103 p\u00e2n\u0103 c\u00e2nd \u00eenceteaz\u0103 consumul. Repeta\u0163i \u00een cazul infesta\u0163iilor nou. Precau\u021bii:P102- A nu se l\u0103sa la \u00eendem\u00e2na copiilor. P220- A se p\u0103stra departe de alimente, b\u0103uturi \u015fi furaje. P262- Evita\u0163i contactul cu pielea. P270- A nu m\u00e2nca, bea sau fuma \u00een timpul utiliz\u0103rii produsului. P273- Evita\u0163i dispersarea \u00een mediu. P280- Purta\u0163i m\u0103nu\u015fi de protec\u0163ie. P404+P405- A se depozita \u00eentr- un recipient \u00eenchis sub cheie. P501 \u2013 Elimina\u0163i con\u0163inutul\/recipientul \u00een conformitate cu reglement\u0103rile locale. P301+P310- \u00ceN CAZ DE \u00ceNGHI\u0162IRE: suna\u0163i imediat la un CENTRU DE INFORMARE TOXICOLOGIC\u0102 sau un medic. De accidentele ap\u0103rute prin nerespectarea instruc\u0163iunilor de utilizare se face r\u0103spunz\u0103toare persoana care a folosit momeala toxic\u0103.<\/p>\n","protected":false},"excerpt":{"rendered":"<p>PROCUM pasta cutie SUBSTAN\u0162\u0102 ACTIVA: 0, 005% Difenacoum Nr CAS 56073- 07- 5 Nr CE 259- 978- 4, anticoagulant de sintez\u0103 pe suport de past\u0103, ambalat\u0103 in plicuri de 10 g. Produsul este protejat cu BITREX. Antidot specific: Vitamina K1. INDICA\u0162II: Se folose\u015fte pentru combaterea \u015fobolanilor \u015fi \u015foarecilor \u00een locuin\u0163e, grajduri \u015fi cl\u0103diri agricole, gr\u0103dini, [&hellip;]<\/p>\n","protected":false},"featured_media":10771,"template":"","meta":[],"product_brand":[],"product_cat":[2616],"product_tag":[2613,2627,2628],"class_list":{"0":"post-5752","1":"product","2":"type-product","3":"status-publish","4":"has-post-thumbnail","6":"product_cat-insecticide-si-raticide","7":"product_tag-contra-sobolani","8":"product_tag-procum-pasta","9":"product_tag-substante-impotriva-rozatoarelor","11":"first","12":"instock","13":"shipping-taxable","14":"purchasable","15":"product-type-simple"},"_links":{"self":[{"href":"https:\/\/faberpet.ro\/stage\/wp-json\/wp\/v2\/product\/5752","targetHints":{"allow":["GET"]}}],"collection":[{"href":"https:\/\/faberpet.ro\/stage\/wp-json\/wp\/v2\/product"}],"about":[{"href":"https:\/\/faberpet.ro\/stage\/wp-json\/wp\/v2\/types\/product"}],"wp:featuredmedia":[{"embeddable":true,"href":"https:\/\/faberpet.ro\/stage\/wp-json\/wp\/v2\/media\/10771"}],"wp:attachment":[{"href":"https:\/\/faberpet.ro\/stage\/wp-json\/wp\/v2\/media?parent=5752"}],"wp:term":[{"taxonomy":"product_brand","embeddable":true,"href":"https:\/\/faberpet.ro\/stage\/wp-json\/wp\/v2\/product_brand?post=5752"},{"taxonomy":"product_cat","embeddable":true,"href":"https:\/\/faberpet.ro\/stage\/wp-json\/wp\/v2\/product_cat?post=5752"},{"taxonomy":"product_tag","embeddable":true,"href":"https:\/\/faberpet.ro\/stage\/wp-json\/wp\/v2\/product_tag?post=5752"}],"curies":[{"name":"wp","href":"https:\/\/api.w.org\/{rel}","templated":true}]}}