{"id":5753,"date":"2024-10-21T20:35:42","date_gmt":"2024-10-21T17:35:42","guid":{"rendered":"https:\/\/faberpet.ro\/stage\/produs\/prodiorat-grau-rosu-punga-200-gr\/"},"modified":"2025-08-05T11:25:16","modified_gmt":"2025-08-05T09:25:16","slug":"prodiorat-grau-rosu-punga-200-gr","status":"publish","type":"product","link":"https:\/\/faberpet.ro\/stage\/produs\/prodiorat-grau-rosu-punga-200-gr\/","title":{"rendered":"PRODIORAT grau rosu punga 200 gr"},"content":{"rendered":"<p>PRODIORAT gr\u00e2u ro\u0219u SUBSTAN\u0162A ACTIV\u0102: 0, 005% Bromadiolon\u0103 nr. CAS 28772- 56- 7 nr. CE 249- 205- 9 anticoagulant de sintez\u0103, pe suport de boabe de gr\u00e2u. ANTIDOT SPECIFIC: Vitamina K1. INDICA\u0162II: Se folose\u015fte pentru combaterea \u015fobolanilor \u015fi \u015foarecilor \u00een locuin\u0163e, grajduri \u015fi cl\u0103diri agricole, gr\u0103dini, depozite de de\u015feuri, caz\u0103rmi, magazii, vagoane, containere, etc. INSTRUC\u0162IUNI DE UTILIZARE: Se plaseaz\u0103 momeal\u0103 p\u00e2n\u0103 la 40 g pentru \u015foareci respectiv 200 g pentru \u015fobolani \u00een sta\u0163ii de intoxicare acoperite, la fiecare 2 m pentru infestare puternic\u0103, 5 m pentru infestare u\u015foar\u0103 la \u015foareci \u015fi 5 m pentru infestare puternic\u0103, 10 m pentru infestare u\u015foar\u0103 la \u015fobolani. Amplasarea se face \u00een recipien\u0163i (t\u0103vi\u0163e de carton, plastic) ce vor fi a\u015feza\u0163i \u00een locuri ferite de lumin\u0103, care s\u0103 nu permit\u0103 accesul copiilor, p\u0103s\u0103rilor \u015fi animalelor din gospod\u0103rie. Momeala se completeaz\u0103 zilnic, p\u00e2n\u0103 c\u00e2nd consumul \u00eenceteaz\u0103 complet (2- 3 s\u0103pt\u0103m\u00e2ni). Moartea \u015fobolanilor \u015fi \u015foarecilor survine dup\u0103 5- 7 zile. PRECAU\u0162II:EUH208- Con\u0163ine 1, 2- Benzisothiazolin- 3- unu Nr. CAS 2634- 33- 5 Nr CE 220- 120- 9. Poate provoca o reac\u0163ie alergic\u0103. P101- Dac\u0103 este necesar\u0103 consultarea medicului, \u0163ine\u0163i la \u00eendem\u00e2n\u0103 recipientul sau eticheta produsului. P102- A nu se l\u0103sa la \u00eendem\u00e2na copiilor. P220- A se p\u0103stra departe de alimente, b\u0103uturi \u015fi furaje. P262- Evita\u0163i contactul cu pielea. P270- A nu m\u00e2nca, bea sau fuma \u00een timpul utiliz\u0103rii produsului. P280- Purta\u0163i m\u0103nu\u015fi de protec\u0163ie. P404+P405- A se depozita \u00eentr- un recipient \u00eenchis sub cheie. P301+P310- \u00ceN CAZ DE \u00ceNGHI\u0162IRE: suna\u0163i imediat la un CENTRU DE INFORMARE TOXICOLOGIC\u0102 sau un medic. De accidentele ap\u0103rute prin nerespectarea instruc\u0163iunilor de utilizare se face r\u0103spunz\u0103toare persoana care a folosit momeala toxic\u0103. TELEFON DE URGEN\u0162\u0102:021\/318 36 06 sau 021 318 36 20\/interior 235 (Luni- Vineri, 8:00- 15:00); Institutul Na\u0163ional de S\u0103n\u0103tate Public\u0103, Bucure\u015fti<\/p>\n","protected":false},"excerpt":{"rendered":"<p>PRODIORAT gr\u00e2u ro\u0219u SUBSTAN\u0162A ACTIV\u0102: 0, 005% Bromadiolon\u0103 nr. CAS 28772- 56- 7 nr. CE 249- 205- 9 anticoagulant de sintez\u0103, pe suport de boabe de gr\u00e2u. ANTIDOT SPECIFIC: Vitamina K1. INDICA\u0162II: Se folose\u015fte pentru combaterea \u015fobolanilor \u015fi \u015foarecilor \u00een locuin\u0163e, grajduri \u015fi cl\u0103diri agricole, gr\u0103dini, depozite de de\u015feuri, caz\u0103rmi, magazii, vagoane, containere, etc. INSTRUC\u0162IUNI [&hellip;]<\/p>\n","protected":false},"featured_media":10772,"template":"","meta":[],"product_brand":[],"product_cat":[2616],"product_tag":[2629,2630,2628],"class_list":{"0":"post-5753","1":"product","2":"type-product","3":"status-publish","4":"has-post-thumbnail","6":"product_cat-insecticide-si-raticide","7":"product_tag-anti-sobolani","8":"product_tag-prodiorat-grau","9":"product_tag-substante-impotriva-rozatoarelor","11":"first","12":"instock","13":"shipping-taxable","14":"purchasable","15":"product-type-simple"},"_links":{"self":[{"href":"https:\/\/faberpet.ro\/stage\/wp-json\/wp\/v2\/product\/5753","targetHints":{"allow":["GET"]}}],"collection":[{"href":"https:\/\/faberpet.ro\/stage\/wp-json\/wp\/v2\/product"}],"about":[{"href":"https:\/\/faberpet.ro\/stage\/wp-json\/wp\/v2\/types\/product"}],"wp:featuredmedia":[{"embeddable":true,"href":"https:\/\/faberpet.ro\/stage\/wp-json\/wp\/v2\/media\/10772"}],"wp:attachment":[{"href":"https:\/\/faberpet.ro\/stage\/wp-json\/wp\/v2\/media?parent=5753"}],"wp:term":[{"taxonomy":"product_brand","embeddable":true,"href":"https:\/\/faberpet.ro\/stage\/wp-json\/wp\/v2\/product_brand?post=5753"},{"taxonomy":"product_cat","embeddable":true,"href":"https:\/\/faberpet.ro\/stage\/wp-json\/wp\/v2\/product_cat?post=5753"},{"taxonomy":"product_tag","embeddable":true,"href":"https:\/\/faberpet.ro\/stage\/wp-json\/wp\/v2\/product_tag?post=5753"}],"curies":[{"name":"wp","href":"https:\/\/api.w.org\/{rel}","templated":true}]}}