{"id":5755,"date":"2024-10-21T20:35:42","date_gmt":"2024-10-21T17:35:42","guid":{"rendered":"https:\/\/faberpet.ro\/stage\/produs\/prodiorat-cub-parafinat-100-gr\/"},"modified":"2025-08-05T11:26:41","modified_gmt":"2025-08-05T09:26:41","slug":"prodiorat-cub-parafinat-100-gr","status":"publish","type":"product","link":"https:\/\/faberpet.ro\/stage\/produs\/prodiorat-cub-parafinat-100-gr\/","title":{"rendered":"PRODIORAT cub parafinat 100 gr"},"content":{"rendered":"<p>PRODIORAT cub parafinat SUBSTAN\u0162\u0102 ACTIV\u0102: 0, 005% Bromadiolon nr. CAS 28772- 56- 7 nr. CE 249- 205- 9 \u2013 anticoagulant de sintez\u0103 pe suport de cereale m\u0103run\u0163ite \u015fi parafinate. Produsul este protejat cu BITREX. ANTIDOT SPECIFIC: Vitamina K1. Indica\u0163ii: Se folose\u015fte pentru combaterea \u015fobolanilor \u015fi \u015foarecilor \u00een spa\u0163ii \u00eenchise cu grad ridicat de umiditate, ex. locuin\u0163e, grajduri \u015fi cl\u0103diri agricole, caz\u0103rmi, magazii, vagoane, containere, etc. , respectiv spa\u0163ii deschise ex. canaliz\u0103ri, scurgeri de ap\u0103, maluri de ap\u0103, locuri de depozitare a gunoaielor. Se amplaseaz\u0103 mai ales \u00een zone umede, unde celelalte tipuri de raticide nu pot fi utilizate. METODA DE APLICARE: Pentru utilizarea \u00eempotriva \u015foarecilor sunt autorizate sta\u0163ii de \u00eentoxicare disponsibile comercial sau puncte de momeal\u0103 acoperite, iar \u00eempotriva \u015fobolanilor doar sta\u0163ii de \u00eentoxicare disponsibile comercial rezistente la ac\u0163iuni exterioare. Se plaseaz\u0103 momeal\u0103 p\u00e2n\u0103 la 40 g pentru \u015foareci respectiv 200 g pentru \u015fobolani \u00een sta\u0163ii de intoxicare sau puncte de momeal\u0103, la fiecare 2 m pentru infestare puternic\u0103, 5 m pentru infestare u\u015foar\u0103 la \u015foareci \u015fi 5 m pentru infestare puternic\u0103, 10 m pentru infestare u\u015foar\u0103 la \u015fobolani. Momeala se completeaz\u0103 zilnic, p\u00e2n\u0103 c\u00e2nd consumul \u00eenceteaz\u0103 complet (2- 3 s\u0103pt\u0103m\u00e2ni). Moartea \u015fobolanilor \u015fi \u015foarecilor survine PRECAU\u0162II:P102- A nu se l\u0103sa la \u00eendem\u00e2na copiilor. P103- Citi\u0163i eticheta \u00eenainte de utilizare. P270- A nu m\u00e2nca, bea sau fuma \u00een timpul utiliz\u0103rii produsului. P273- Evita\u0163i dispersarea \u00een mediu. P501- Elimina\u0163i con\u0163inutul\/recipientul prin \u00eencinerare. P301+P310- \u00ceN CAZ DE \u00ceNGHI\u0162IRE: suna\u0163i imediat la un CENTRU DE INFORMARE TOXICOLOGIC\u0102 sau un medic. TELEFON DE URGEN\u0162\u0102:021\/318 36 06 sau 021 318 36 20\/interior 235 (Luni- Vineri, 8:00- 15:00); Institutul Na\u0163ional de S\u0103n\u0103tate Public\u0103, Bucure\u015fti<\/p>\n","protected":false},"excerpt":{"rendered":"<p>PRODIORAT cub parafinat SUBSTAN\u0162\u0102 ACTIV\u0102: 0, 005% Bromadiolon nr. CAS 28772- 56- 7 nr. CE 249- 205- 9 \u2013 anticoagulant de sintez\u0103 pe suport de cereale m\u0103run\u0163ite \u015fi parafinate. Produsul este protejat cu BITREX. ANTIDOT SPECIFIC: Vitamina K1. Indica\u0163ii: Se folose\u015fte pentru combaterea \u015fobolanilor \u015fi \u015foarecilor \u00een spa\u0163ii \u00eenchise cu grad ridicat de umiditate, ex. [&hellip;]<\/p>\n","protected":false},"featured_media":10774,"template":"","meta":[],"product_brand":[],"product_cat":[2616],"product_tag":[2633,2635,2634],"class_list":{"0":"post-5755","1":"product","2":"type-product","3":"status-publish","4":"has-post-thumbnail","6":"product_cat-insecticide-si-raticide","7":"product_tag-impotriva-soarecilor","8":"product_tag-prodiorat-cub","9":"product_tag-substante-pentru-soareci","11":"first","12":"instock","13":"shipping-taxable","14":"purchasable","15":"product-type-simple"},"_links":{"self":[{"href":"https:\/\/faberpet.ro\/stage\/wp-json\/wp\/v2\/product\/5755","targetHints":{"allow":["GET"]}}],"collection":[{"href":"https:\/\/faberpet.ro\/stage\/wp-json\/wp\/v2\/product"}],"about":[{"href":"https:\/\/faberpet.ro\/stage\/wp-json\/wp\/v2\/types\/product"}],"wp:featuredmedia":[{"embeddable":true,"href":"https:\/\/faberpet.ro\/stage\/wp-json\/wp\/v2\/media\/10774"}],"wp:attachment":[{"href":"https:\/\/faberpet.ro\/stage\/wp-json\/wp\/v2\/media?parent=5755"}],"wp:term":[{"taxonomy":"product_brand","embeddable":true,"href":"https:\/\/faberpet.ro\/stage\/wp-json\/wp\/v2\/product_brand?post=5755"},{"taxonomy":"product_cat","embeddable":true,"href":"https:\/\/faberpet.ro\/stage\/wp-json\/wp\/v2\/product_cat?post=5755"},{"taxonomy":"product_tag","embeddable":true,"href":"https:\/\/faberpet.ro\/stage\/wp-json\/wp\/v2\/product_tag?post=5755"}],"curies":[{"name":"wp","href":"https:\/\/api.w.org\/{rel}","templated":true}]}}