{"id":5756,"date":"2024-10-21T20:35:42","date_gmt":"2024-10-21T17:35:42","guid":{"rendered":"https:\/\/faberpet.ro\/stage\/produs\/ectocid-p-pulbere-gandaci-50-gr\/"},"modified":"2025-08-05T11:04:21","modified_gmt":"2025-08-05T09:04:21","slug":"ectocid-p-pulbere-gandaci-50-gr","status":"publish","type":"product","link":"https:\/\/faberpet.ro\/stage\/produs\/ectocid-p-pulbere-gandaci-50-gr\/","title":{"rendered":"Ectocid P pulbere gandaci 50 gr"},"content":{"rendered":"<p>Ectocid pulbere gandaci 50 gr Av\u00e2nd un spectru larg de activitate insecticid\u0103 asupra majoritatea insectelor, se utilizeaz\u0103 pentru combaterea insectelor t\u00e2r\u00e2toare (g\u00e2ndaci, furnici, etc), astfel \u00een dezinsec\u0163ia cl\u0103dirilor, vehiculelor publice, cl\u0103dirilor industriale, magazinelor \u015fi a ad\u0103posturilor, spa\u0163iilor destinate pentru cre\u015fterea animalelor. Se utilizeaz\u0103 ca atare, se indic\u0103 pr\u0103fuirea suprafe\u0163elor, ad\u0103posturilor \u015fi cuibarelor dup\u0103 o prealabil\u0103 cur\u0103\u0163are a acestora, \u00een cantitate de 1g produs\/mp. \u00cen spa\u0163iile cu grad de expunere uman\u0103 ridicat\u0103, cum ar fi: camerele pentru bolnavi, gr\u0103dini\u0163e, \u015fcoli, camere de locuit, birouri, etc. , substan\u0163a nu se aplic\u0103 pe suprafe\u0163e \u00eentinse, ci tratamentul se execut\u0103 atent, viz\u00e2nd prin pr\u0103fuire numai cuiburile de d\u0103un\u0103tori \u015fi zonele din imediata apropiere a acestora. Nu se aplic\u0103 produsul pe suprafe\u0163e umede. Tratamentul se repet\u0103 dup\u0103 4 s\u0103pt\u0103m\u00e2ni. A se p\u0103stra \u00een ambalajele originale \u00eenchise, \u00een locuri ventilate, uscate, r\u0103coroase, departe de produse alimentare, furaje sau surse de ap\u0103, \u00een locuri inaccesibile copiilor \u015fi animalelor domestice. A se p\u0103stra la temperaturi cuprinse \u00eentre 15- 25 grade C. \u00cen timpul manipul\u0103rii \u015fi depozit\u0103rii produsului trebuie evitat\u0103 contaminarea altor produse depozitate \u015fi a surselor de ap\u0103. Gestionare de\u015feuri: Resturile produsului \u015fi ambalajele con\u0163in\u00e2nd resturi de substan\u0163\u0103 se elimin\u0103 conform reglement\u0103rilor \u00een vigoare ca de\u015feuri speciale. Valabilitate 2 ani, p\u0103strat \u00een ambalajul original, \u00een condi\u0163iile de p\u0103strare prev\u0103zute. Precau\u021bii:H315 \u2013 Provoac\u0103 iritarea pielii. H319 \u2013 Provoac\u0103 o iritare grav\u0103 a ochilor. H410 \u2013 Toxic pentru mediul acvatic cu efecte pe termen lung. P102 \u2013 A nu se l\u0103sa la \u00eendem\u00e2na copiilor! P260 \u2013 Nu inspira\u021bi praful. P262 \u2013 Evita\u021bi contactul cu ochii, pielea sau \u00eembr\u0103c\u0103mintea. P270 \u2013 A nu se m\u00e2nca, bea sau fuma in timpul utiliz\u0103rii produsului. P280 \u2013 Purta\u021bi m\u0103nu\u0219i de protec\u021bie \u0219i echipament de protec\u021bie a ochilor, fe\u0163ei. P301+P312 \u2013 \u00cen caz de inghi\u021bire suna\u021bi la un Centru de Informare Toxicologic\u0103 sau un medic, dac\u0103 nu v\u0103 simti\u021bi bine. P337 + P313 \u2013 Dac\u0103 iritarea ochilor persist\u0103: consulta\u0163i medicul. P273 \u2013 Evita\u021bi dispersarea in mediu. P280 \u2013 Purta\u021bi manu\u0219i de protec\u021bie, echipament de protec\u021bie a ochilor \u0219i echipament de protec\u021bia fe\u021bei. P391 \u2013 Colecta\u0163i scurgerile de produs. P501 \u2013 Arunca\u021bi con\u021binutul\/recipientul \u00een conformitate cu reglement\u0103rile \u00een vigoare. A se evita contaminarea alimentelor \u015fi a furajelor. Dup\u0103 terminarea pr\u0103fuirii, se spal\u0103 bine m\u00e2inile cu ap\u0103 \u015fi s\u0103pun. \u00cen spa\u0163iile cu grad de expunere uman\u0103 ridicat\u0103, cum ar fi: camerele pentru bolnavi, gr\u0103dini\u0163e, \u015fcoli, camere de locuit, birouri, etc, substan\u0163a nu se aplic\u0103 pe suprafe\u0163e \u00eentinse, ci tratamentul se execut\u0103 atent, se va pr\u00eefui numai cuiburile de d\u0103un\u0103tori \u015fi zonele din imediata apropiere a acestora. A se evita contactul cu suprafe\u0163ele proasp\u0103t pr\u0103fuite. Se va restric\u0163iona accesul copiilor \u015fi animalelor de cas\u0103 la suprafe\u0163ele tratate.<\/p>\n","protected":false},"excerpt":{"rendered":"<p>Ectocid pulbere gandaci 50 gr Av\u00e2nd un spectru larg de activitate insecticid\u0103 asupra majoritatea insectelor, se utilizeaz\u0103 pentru combaterea insectelor t\u00e2r\u00e2toare (g\u00e2ndaci, furnici, etc), astfel \u00een dezinsec\u0163ia cl\u0103dirilor, vehiculelor publice, cl\u0103dirilor industriale, magazinelor \u015fi a ad\u0103posturilor, spa\u0163iilor destinate pentru cre\u015fterea animalelor. Se utilizeaz\u0103 ca atare, se indic\u0103 pr\u0103fuirea suprafe\u0163elor, ad\u0103posturilor \u015fi cuibarelor dup\u0103 o prealabil\u0103 [&hellip;]<\/p>\n","protected":false},"featured_media":10775,"template":"","meta":[],"product_brand":[],"product_cat":[2616],"product_tag":[2531,2637,2636],"class_list":{"0":"post-5756","1":"product","2":"type-product","3":"status-publish","4":"has-post-thumbnail","6":"product_cat-insecticide-si-raticide","7":"product_tag-ectocid-pulbere","8":"product_tag-solutie-anti-gandaci","9":"product_tag-substante-pentru-gandaci","11":"first","12":"instock","13":"shipping-taxable","14":"purchasable","15":"product-type-simple"},"_links":{"self":[{"href":"https:\/\/faberpet.ro\/stage\/wp-json\/wp\/v2\/product\/5756","targetHints":{"allow":["GET"]}}],"collection":[{"href":"https:\/\/faberpet.ro\/stage\/wp-json\/wp\/v2\/product"}],"about":[{"href":"https:\/\/faberpet.ro\/stage\/wp-json\/wp\/v2\/types\/product"}],"wp:featuredmedia":[{"embeddable":true,"href":"https:\/\/faberpet.ro\/stage\/wp-json\/wp\/v2\/media\/10775"}],"wp:attachment":[{"href":"https:\/\/faberpet.ro\/stage\/wp-json\/wp\/v2\/media?parent=5756"}],"wp:term":[{"taxonomy":"product_brand","embeddable":true,"href":"https:\/\/faberpet.ro\/stage\/wp-json\/wp\/v2\/product_brand?post=5756"},{"taxonomy":"product_cat","embeddable":true,"href":"https:\/\/faberpet.ro\/stage\/wp-json\/wp\/v2\/product_cat?post=5756"},{"taxonomy":"product_tag","embeddable":true,"href":"https:\/\/faberpet.ro\/stage\/wp-json\/wp\/v2\/product_tag?post=5756"}],"curies":[{"name":"wp","href":"https:\/\/api.w.org\/{rel}","templated":true}]}}