{"id":5758,"date":"2024-10-21T20:35:43","date_gmt":"2024-10-21T17:35:43","guid":{"rendered":"https:\/\/faberpet.ro\/stage\/produs\/ectocid-p-spray-gandaci-500-ml\/"},"modified":"2025-08-28T12:49:02","modified_gmt":"2025-08-28T10:49:02","slug":"ectocid-p-spray-gandaci-500-ml","status":"publish","type":"product","link":"https:\/\/faberpet.ro\/stage\/produs\/ectocid-p-spray-gandaci-500-ml\/","title":{"rendered":"Ectocid P spray gandaci 500 ml"},"content":{"rendered":"<p>Propriet\u0103\u021bi: Se utilizeaz\u0103 pentru combaterea insectelor t\u00e2r\u00e2toare (g\u00e2ndaci, furnici, pureci, etc. ). Se folose\u015fte ca atare pentru dezinsec\u0163ia cl\u0103dirilor, vehiculelor publice, cl\u0103dirilor industriale, magazinelor \u015fi a ad\u0103posturilor, spa\u0163iilor destinate pentru cre\u015fterea animalelor. Mod de utilizare:Produsul se utilizeaz\u0103 prin pulverizarea solu\u0163iei pe cuiburile de d\u0103un\u0103tori. Doza de aplicare: se pulverizeaz\u0103 p\u00e2n\u0103 la umezirea suprafe\u0163ei. Se pulverizeaz\u0103 toate locurile infestate, de circula\u0163ie \u015fi suspecte de frecventare, precum \u015fi zonele din imediata apropiere a acestora. Produsul are efect puternic de alungare \u015fi ac\u0163iune imediat\u0103 prin contactul insectelor cu solu\u0163ia pulverizat\u0103. Eficien\u0163\u0103 \u00eendelungat\u0103 prin contactul cu suprafe\u0163ele tratate. Nu se pulverizeaz\u0103 obiectele sau suprafe\u0163ele sensibile, ex. materiale lucioase, sintetice, mochete, etc. Se evit\u0103 aplicarea solu\u0163iei preparate pe suprafe\u0163e proaspet v\u0103ruite. A se evita contactul cu suprafe\u0163ele proasp\u0103t stropite \u015fi \u00eenc\u0103 umede. \u00cenainte de refolosin\u0163\u0103, spa\u0163iile se aerisesc temeinic. Ingrediente:100 ml produs con\u0163ine substan\u0163\u0103 activ\u0103: \u2013 0, 4 % CYPERMETRIN nr. CAS 52315- 07- 8, NR. CE 257- 842- 9. \u2013 0, 2 % PERMETRIN\u0102 nr. CAS 52645- 53- 1, nr. CE 258 &#8211; 067- 9. \u2013 0, 5 % PIPERONILBUTOXID nr. CAS 51- 03- 6, nr. CE 200- 076- 7. \u2013 0, 01% PRALLETHRIN nr. CAS 23031- 36- 9, nr. CE 245- 387- 9Precau\u021bii:H225 \u2013 Lichid si vapori foarte inflamabil. H302 \u2013 Nociv \u00een caz de \u00eenghi\u0163ire. H315 \u2013 Provoac\u0103 iritarea pielii. H319 \u2013 Provoac\u0103 o iritare grav\u0103 a ochilor. H332 \u2013 Nociv \u00een caz de inhalare. H400 \u2013 Foarte toxic pentru mediul acvatic. H410 \u2013 Foarte toxic pentru mediul acvatic cu efecte pe termen lung. P102 \u2013 A nu se l\u0103sa la \u00eendem\u00e2na copiilor! P261 \u2013 Evita\u0163i s\u0103 inspira\u0163i vaporii, aerosolii. P262 \u2013 Evita\u0163i contactul cu ochii, pielea sau imbr\u0103c\u0103mintea. P270 \u2013 A nu se m\u00e2nca, bea sau fuma \u00een timpul utiliz\u0103rii produsului. P271 \u2013 A se utiliza numai \u00een aer liber sau \u00een spa\u0163ii bine ventilate. P280 \u2013 Purta\u0163i m\u0103nu\u015fi de protec\u0163ie \u015fi echipament de protec\u0163ie a ochilor, fe\u0163ei. P301+P312 \u2013 \u00cen caz de inghi\u0163ire suna\u0163i la un Centru de Informare Toxicologic\u0103 sau un medic, dac\u0103 nu va simti\u0163i bine. P337 + P313 \u2013 Dac\u0103 iritarea ochilor persist\u0103: consulta\u0163i medicul. P391 \u2013 Colecta\u0163i scurgerile de produs. P273 \u2013 Evita\u0163i dispersarea \u00een mediu. P501 \u2013 Se va elimina con\u0163inutul\/containerul \u00een conformitate cu reglement\u0103rile locale. Prezentare:500 ml<\/p>\n","protected":false},"excerpt":{"rendered":"<p>Propriet\u0103\u021bi: Se utilizeaz\u0103 pentru combaterea insectelor t\u00e2r\u00e2toare (g\u00e2ndaci, furnici, pureci, etc. ). Se folose\u015fte ca atare pentru dezinsec\u0163ia cl\u0103dirilor, vehiculelor publice, cl\u0103dirilor industriale, magazinelor \u015fi a ad\u0103posturilor, spa\u0163iilor destinate pentru cre\u015fterea animalelor. Mod de utilizare:Produsul se utilizeaz\u0103 prin pulverizarea solu\u0163iei pe cuiburile de d\u0103un\u0103tori. Doza de aplicare: se pulverizeaz\u0103 p\u00e2n\u0103 la umezirea suprafe\u0163ei. Se pulverizeaz\u0103 [&hellip;]<\/p>\n","protected":false},"featured_media":10777,"template":"","meta":[],"product_brand":[],"product_cat":[2616],"product_tag":[2638,2637,2636],"class_list":{"0":"post-5758","1":"product","2":"type-product","3":"status-publish","4":"has-post-thumbnail","6":"product_cat-insecticide-si-raticide","7":"product_tag-ectocid-spray","8":"product_tag-solutie-anti-gandaci","9":"product_tag-substante-pentru-gandaci","11":"first","12":"instock","13":"shipping-taxable","14":"purchasable","15":"product-type-simple"},"_links":{"self":[{"href":"https:\/\/faberpet.ro\/stage\/wp-json\/wp\/v2\/product\/5758","targetHints":{"allow":["GET"]}}],"collection":[{"href":"https:\/\/faberpet.ro\/stage\/wp-json\/wp\/v2\/product"}],"about":[{"href":"https:\/\/faberpet.ro\/stage\/wp-json\/wp\/v2\/types\/product"}],"wp:featuredmedia":[{"embeddable":true,"href":"https:\/\/faberpet.ro\/stage\/wp-json\/wp\/v2\/media\/10777"}],"wp:attachment":[{"href":"https:\/\/faberpet.ro\/stage\/wp-json\/wp\/v2\/media?parent=5758"}],"wp:term":[{"taxonomy":"product_brand","embeddable":true,"href":"https:\/\/faberpet.ro\/stage\/wp-json\/wp\/v2\/product_brand?post=5758"},{"taxonomy":"product_cat","embeddable":true,"href":"https:\/\/faberpet.ro\/stage\/wp-json\/wp\/v2\/product_cat?post=5758"},{"taxonomy":"product_tag","embeddable":true,"href":"https:\/\/faberpet.ro\/stage\/wp-json\/wp\/v2\/product_tag?post=5758"}],"curies":[{"name":"wp","href":"https:\/\/api.w.org\/{rel}","templated":true}]}}