{"id":5759,"date":"2024-10-21T20:35:43","date_gmt":"2024-10-21T17:35:43","guid":{"rendered":"https:\/\/faberpet.ro\/stage\/produs\/ectocid-p-cyper-10-insecticid-concentrat-100-ml\/"},"modified":"2025-08-05T11:06:04","modified_gmt":"2025-08-05T09:06:04","slug":"ectocid-p-cyper-10-insecticid-concentrat-100-ml","status":"publish","type":"product","link":"https:\/\/faberpet.ro\/stage\/produs\/ectocid-p-cyper-10-insecticid-concentrat-100-ml\/","title":{"rendered":"Ectocid P Cyper 10 insecticid concentrat 100 ml"},"content":{"rendered":"<p>Propriet\u0103\u021bi: Av\u00e2nd un spectru larg de activitate insecticid\u0103 asupra majoritatea insectelor, se utilizeaz\u0103 pentru dezinsec\u0163ia cl\u0103dirilor, vehiculelor publice, cl\u0103dirilor industriale, magazinelor \u015fi a ad\u0103posturilor, spa\u0163iilor destinate pentru cre\u015fterea animalelor. Mod de utilizare:Produsul diluat trebuie pulverizat cu pompe de presiune pe suprafe\u0163ele ce urmeaz\u0103 a fi tratate. \u00cen cazul majorit\u0103\u0163ii insectelor produsul Ectocid Cyper 10 se dilueaz\u0103 \u00een ap\u0103 \u00een concentra\u0163ie de 1- 2% (100- 200 ml produs diluat \u00een 10 litri de ap\u0103), \u00een func\u0163ie de gradul \u015fi tipul infest\u0103rii. \u00cen cazul g\u00e2ndacilor \u015fi a altor insecte mai rezistente concentra\u0163ia se m\u0103re\u015fte la 3- 4 % (300- 400 ml produs diluat \u00een 10 litri de ap\u0103). Solu\u0163ia preparat\u0103 este practic inodor si nu p\u0103teaz\u0103 pere\u0163ii vopsi\u0163i, cu toate acestea se va evita aplicarea sa pe pere\u0163ii proasp\u0103t v\u0103rui\u0163i, dat fiind c\u0103 piretrinele sunt instabile \u00een medii alcaline. Amestecul preparat se folose\u015fte \u00een cursul zilei respective. Ingrediente:100 ml produs con\u0163ine substan\u0163\u0103 activ\u0103: \u2013 10 % CYPERMETRIN nr. CAS 52315- 07- 8, NR. CE 257- 842- 9. \u2013 0, 1% PRALLETHRIN nr. CAS 23031- 36- 9, nr. CE 245- 387- 9AC\u0162IUNE: Datorit\u0103 substan\u0163ei active a solu\u0163iei (Cypermethrina nr. CAS 52315- 07- 8, nr. CE 257- 842- 9 \u2013 piretroid de sintez\u0103 cu spectru larg de activitate \u015fi cu toxicitate sc\u0103zut\u0103 pentru mamifere), produsul este at\u00e2t un insecticid de contact, c\u00e2t \u015fi de ingestie, \u00eens\u0103 f\u0103r\u0103 interven\u0163ia gazoas\u0103, fapt ce prezint\u0103 avantajul de a permite repunerea \u00een func\u0163iune imediat\u0103 a spa\u0163iilor tratate. Piretrinele au ac\u0163iune neurotrop\u0103, ac\u0163ion\u00e2nd la nivelul axonului, at\u00e2t \u00een sistemul nervos central c\u00e2t \u015fi periferic. Efectul are loc \u00een dou\u0103 faze: \u2013 ini\u0163ial se produce o activitate excesiv\u0103 a celulelor nervoase, cauz\u00e2nd hiperexcitabilitatea insectei, tremor \u015fi convulsii. Dup\u0103 aceast\u0103 prim\u0103 faz\u0103 urmeaz\u0103 blocajul transmiterii impulsurilor, blocaj care duce la paralizia \u015fi treptat la moartea insectei. Solu\u0163ia antiparazitara, datorit\u0103 componen\u0163ilor, odat\u0103 cu diluarea acestuia cu apa formeaz\u0103 o emulsie l\u0103ptoas\u0103, prevenind consumul accidental de c\u0103tre manipulator si o dilu\u0163ie rapid\u0103 si uniform\u0103 a substan\u0163ei active antiparazitare. La concentra\u0163ii obi\u015fnuite de utilizare, produsul nu este fitotoxic, are toxicitatea redus\u0103 pentru operator, animal si mediu \u015fi este biodegradabil. Produsul este toxic pentru albine \u0219i pe\u015fti. Precau\u021bii:H225 \u2013 Lichid si vapori foarte inflamabili. H302 \u2013 Nociv \u00een caz de \u00eenghi\u0163ire. H315 \u2013 Provoac\u0103 iritarea pielii. H319 \u2013 Provoac\u0103 o iritare grav\u0103 a ochilor. H332 \u2013 Nociv \u00een caz de inhalare. H400 \u2013 Foarte toxic pentru mediul acvatic. H410 \u2013 Foarte toxic pentru mediul acvatic cu efecte pe termen lung. P102 \u2013 A nu se l\u0103sa la \u00eendem\u00e2na copiilor! P261 \u2013 Evita\u0163i s\u0103 inspira\u0163i vaporii, aerosolii. P262 \u2013 Evita\u0163i contactul cu ochii, pielea sau imbr\u0103c\u0103mintea. P270 \u2013 A nu se m\u00e2nca, bea sau fuma \u00een timpul utiliz\u0103rii produsului. P271 \u2013 A se utiliza numai \u00een aer liber sau \u00een spa\u0163ii bine ventilate. P280 \u2013 Purta\u0163i m\u0103nu\u015fi de protec\u0163ie \u015fi echipament de protec\u0163ie a ochilor, fe\u0163ei. P391 \u2013 Colecta\u0163i scurgerile de produs. P273 \u2013 Evita\u0163i dispersarea in mediu. P501 \u2013 Se va elimina con\u0163inutul\/containerul \u00een conformitate cu reglement\u0103rile locale. P301+P312 \u2013 \u00cen caz de inghi\u0163ire suna\u0163i la un Centru de Informare Toxicologic\u0103 sau un medic, dac\u0103 nu v\u0103 simti\u0163i bine. P337 + P313 \u2013 Dac\u0103 iritarea ochilor persist\u0103: consulta\u0163i medicul. Pe parscursul utiliz\u0103rii, persoanele neautorizate vor p\u0103r\u0103si camera. Produsele alimentare \u015fi hrana pentru animale ambalate necorespunz\u0103tor, animalele de cas\u0103 \u015fi cele de cresc\u0103torie, precum \u015fi juc\u0103riile, vesela l\u0103sat\u0103 neacoperit\u0103 \u015fi alte obiecte de uz casnic se depoziteaz\u0103 la loc ferit \u00eenainte de \u00eenceperea aplic\u0103rii produsului. Acvariile \u015fi spa\u0163iile amenajate pentru cre\u015fterea animalelor terestre se acoper\u0103 corespunz\u0103tor (se opre\u015fte ventilarea). Aparatele de g\u0103tit, mesele de lucru \u015fi alte suprafe\u0163e de depozitare, preg\u0103tire sau consum al alimentelor, precum \u015fi articolele de \u00eembr\u0103c\u0103minte, cele de mobil\u0103 \u015fi altele cu care pielea intr\u0103 adesea \u00een contact, se acoper\u0103 de asemenea corespunz\u0103tor sau se cur\u0103\u0163\u0103, respectiv cl\u0103tesc \u00eenainte de refolosire cu detergent sau substan\u0163e de cur\u0103\u0163are alcaline. \u00cen spa\u0163iile cu grad de expunere uman\u0103 ridicat\u0103, cum ar fi: camerele pentru bolnavi, gr\u0103dini\u0163e, \u015fcoli, camere de locuit, birouri, etc. , substan\u0163a nu se aplic\u0103 pe suprafe\u0163e \u00eentinse, ci tratamentul se execut\u0103 atent viz\u00e2nd prin pulverizare numai cuiburile de d\u0103un\u0103tori \u015fi zonele din imediata apropiere a acestora. A se evita contactul cu suprafe\u0163ele proasp\u0103t stropite \u015fi \u00eenc\u0103 umede. Se va restric\u0163iona accesul copiilor \u015fi animalelor de cas\u0103 la suprafe\u0163ele tratate. \u00cenainte de refolosin\u0163\u0103 spa\u0163iile se aerisesc temeinic. Prezentare:100 ml<\/p>\n","protected":false},"excerpt":{"rendered":"<p>Propriet\u0103\u021bi: Av\u00e2nd un spectru larg de activitate insecticid\u0103 asupra majoritatea insectelor, se utilizeaz\u0103 pentru dezinsec\u0163ia cl\u0103dirilor, vehiculelor publice, cl\u0103dirilor industriale, magazinelor \u015fi a ad\u0103posturilor, spa\u0163iilor destinate pentru cre\u015fterea animalelor. Mod de utilizare:Produsul diluat trebuie pulverizat cu pompe de presiune pe suprafe\u0163ele ce urmeaz\u0103 a fi tratate. \u00cen cazul majorit\u0103\u0163ii insectelor produsul Ectocid Cyper 10 se [&hellip;]<\/p>\n","protected":false},"featured_media":10778,"template":"","meta":[],"product_brand":[],"product_cat":[2616],"product_tag":[2639,2641,2640],"class_list":{"0":"post-5759","1":"product","2":"type-product","3":"status-publish","4":"has-post-thumbnail","6":"product_cat-insecticide-si-raticide","7":"product_tag-activitate-insecticida","8":"product_tag-ectocid-cyper","9":"product_tag-isecticid-concentrat","11":"first","12":"instock","13":"shipping-taxable","14":"purchasable","15":"product-type-simple"},"_links":{"self":[{"href":"https:\/\/faberpet.ro\/stage\/wp-json\/wp\/v2\/product\/5759","targetHints":{"allow":["GET"]}}],"collection":[{"href":"https:\/\/faberpet.ro\/stage\/wp-json\/wp\/v2\/product"}],"about":[{"href":"https:\/\/faberpet.ro\/stage\/wp-json\/wp\/v2\/types\/product"}],"wp:featuredmedia":[{"embeddable":true,"href":"https:\/\/faberpet.ro\/stage\/wp-json\/wp\/v2\/media\/10778"}],"wp:attachment":[{"href":"https:\/\/faberpet.ro\/stage\/wp-json\/wp\/v2\/media?parent=5759"}],"wp:term":[{"taxonomy":"product_brand","embeddable":true,"href":"https:\/\/faberpet.ro\/stage\/wp-json\/wp\/v2\/product_brand?post=5759"},{"taxonomy":"product_cat","embeddable":true,"href":"https:\/\/faberpet.ro\/stage\/wp-json\/wp\/v2\/product_cat?post=5759"},{"taxonomy":"product_tag","embeddable":true,"href":"https:\/\/faberpet.ro\/stage\/wp-json\/wp\/v2\/product_tag?post=5759"}],"curies":[{"name":"wp","href":"https:\/\/api.w.org\/{rel}","templated":true}]}}