{"id":5762,"date":"2024-10-21T20:35:43","date_gmt":"2024-10-21T17:35:43","guid":{"rendered":"https:\/\/faberpet.ro\/stage\/produs\/ectocid-p-permet-insecticid-concentrat-1-l\/"},"modified":"2025-08-05T11:07:07","modified_gmt":"2025-08-05T09:07:07","slug":"ectocid-p-permet-insecticid-concentrat-1-l","status":"publish","type":"product","link":"https:\/\/faberpet.ro\/stage\/produs\/ectocid-p-permet-insecticid-concentrat-1-l\/","title":{"rendered":"Ectocid P Permet insecticid concentrat 1 L"},"content":{"rendered":"<p>Propriet\u0103\u021bi: Produsul se utilizeaz\u0103 \u00een domeniul profilaxiei sanitar umane pentru combatarea insectelor zbur\u0103toare (mu\u015fte) \u015fi t\u00e2r\u00e2toare (g\u00e2ndaci). Mod de utilizare:INDICA\u0162II DE UTILIZARE: Produsul diluat trebuie pulverizat cu pompe de presiune pe suprafe\u0163ele ce urmeaz\u0103 a fi tratate. \u00cen cazul insectelor zbur\u0103toare \u015fi g\u00e2ndacilor produsul Ectocid P Permet 6 se dilueaz\u0103 \u00een ap\u0103 \u00een concentra\u0163ie de 1- 2% (100- 200 ml produs diluat \u00een 10 litri de ap\u0103), cu o rat\u0103 de aplicare de 50 ml solu\u021bie diluat\u0103\/mp. \u00cen cazul infest\u0103rilor puternice: concentra\u0163ia se m\u0103re\u015fte la 3- 4 % (300- 400 ml produs diluat \u00een 10 litri de ap\u0103) cu o rat\u0103 de aplicare de 50 ml solu\u0163ie diluat\u0103\/mp. Se evit\u0103 aplicarea solu\u0163iei preparate pe suprafe\u0163e proasp\u0103t v\u0103ruite. Amestecul preparat se folose\u015fte \u00een cursul zilei respective. A nu se da pe suprafe\u0163ele ce vin \u00een contact direct cu animalele, hrana pentru animale \u015fi produsele de origine animal\u0103. Nu se aplica \u00een zona de activitate a albinelor. Utiliza\u021bi \u00een siguran\u021b\u0103 produsele biocide. Citi\u021bi \u00eentotdeauna eticheta \u0219i informa\u021biile despre produs \u00eenainte de utilizare. Ingrediente:100 ml produs con\u0163ine ca substan\u0163\u0103 activ\u0103: 6% PERMETRIN\u0102 nr. CAS 52645- 53- 1, nr CE 258 &#8211; 067- 9. 5 % PIPERONILBUTOXID nr. CAS 51- 03- 6, nr. CE 200- 076- 7. 0, 1% PRALLETHRIN nr. CAS 23031- 36- 9, nr. CE 245- 387- 9Precau\u021bii:PERICOLE: H225 \u2013 Lichid \u015fi vapori foarte inflamabili. H302 \u2013 Nociv \u00een caz de \u00eenghi\u0163ire. H315 \u2013 Provoac\u0103 iritarea pielii. H319 \u2013 Provoac\u0103 o iritare grav\u0103 a ochilor. H332 \u2013 Nociv \u00een caz de inhalare. H410 \u2013 Foarte toxic pentru mediul acvatic cu efecte pe termen lung. PRECAU\u0162II: P102 \u2013 A nu se l\u0103sa la \u00eendem\u00e2na copiilor. P261 \u2013 Evita\u0163i s\u0103 inspira\u0163i vaporii, aerosolii. P262 \u2013 Evita\u0163i orice contact cu ochii, pielea sau imbr\u0103c\u0103mintea. P270 \u2013 A nu m\u00e2nca, bea sau fuma \u00een timpul utiliz\u0103rii produsului. P271 \u2013 A se utiliza numai \u00een aer liber sau \u00een spa\u0163ii bine ventilate. P273 \u2013 Evita\u0163i dispersarea \u00een mediu. P280 \u2013 Purta\u0163i m\u0103nu\u015fi de protec\u0163ie \u015fi echipament de protec\u0163ie a ochilor, fe\u0163ei. P301+P312 \u2013 \u00ceN CAZ DE IN- GHI\u0162IRE suna\u0163i la un CENTRU DE INFORMARE TOXICOLOGIC\u0102 sau un medic, dac\u0103 nu v\u0103 sim\u0163iti bine. P337 + P313 \u2013 Dac\u0103 iritarea ochilor persist\u0103: consulta\u0163i medicul. P391 \u2013 Colecta\u0163i scurgerile de produs. P501 \u2013 Elimina\u021bi con\u021binutul\/recipientul la o unitate autorizat\u0103 pentru colectarea de\u0219eurilor. TELEFON DE URGEN\u0162\u0102: 021\/318 36 06 sau 021 318 36 20\/interior 235 (Luni- Vineri, 8:00- 15:00); Institutul Na\u0163ional de S\u0103n\u0103tate Public\u0103, Bucure\u015fti Prezentare:1 L<\/p>\n","protected":false},"excerpt":{"rendered":"<p>Propriet\u0103\u021bi: Produsul se utilizeaz\u0103 \u00een domeniul profilaxiei sanitar umane pentru combatarea insectelor zbur\u0103toare (mu\u015fte) \u015fi t\u00e2r\u00e2toare (g\u00e2ndaci). Mod de utilizare:INDICA\u0162II DE UTILIZARE: Produsul diluat trebuie pulverizat cu pompe de presiune pe suprafe\u0163ele ce urmeaz\u0103 a fi tratate. \u00cen cazul insectelor zbur\u0103toare \u015fi g\u00e2ndacilor produsul Ectocid P Permet 6 se dilueaz\u0103 \u00een ap\u0103 \u00een concentra\u0163ie de [&hellip;]<\/p>\n","protected":false},"featured_media":10781,"template":"","meta":[],"product_brand":[],"product_cat":[2616],"product_tag":[2639,2642,2640],"class_list":{"0":"post-5762","1":"product","2":"type-product","3":"status-publish","4":"has-post-thumbnail","6":"product_cat-insecticide-si-raticide","7":"product_tag-activitate-insecticida","8":"product_tag-ectocid-permet","9":"product_tag-isecticid-concentrat","11":"first","12":"instock","13":"shipping-taxable","14":"purchasable","15":"product-type-simple"},"_links":{"self":[{"href":"https:\/\/faberpet.ro\/stage\/wp-json\/wp\/v2\/product\/5762","targetHints":{"allow":["GET"]}}],"collection":[{"href":"https:\/\/faberpet.ro\/stage\/wp-json\/wp\/v2\/product"}],"about":[{"href":"https:\/\/faberpet.ro\/stage\/wp-json\/wp\/v2\/types\/product"}],"wp:featuredmedia":[{"embeddable":true,"href":"https:\/\/faberpet.ro\/stage\/wp-json\/wp\/v2\/media\/10781"}],"wp:attachment":[{"href":"https:\/\/faberpet.ro\/stage\/wp-json\/wp\/v2\/media?parent=5762"}],"wp:term":[{"taxonomy":"product_brand","embeddable":true,"href":"https:\/\/faberpet.ro\/stage\/wp-json\/wp\/v2\/product_brand?post=5762"},{"taxonomy":"product_cat","embeddable":true,"href":"https:\/\/faberpet.ro\/stage\/wp-json\/wp\/v2\/product_cat?post=5762"},{"taxonomy":"product_tag","embeddable":true,"href":"https:\/\/faberpet.ro\/stage\/wp-json\/wp\/v2\/product_tag?post=5762"}],"curies":[{"name":"wp","href":"https:\/\/api.w.org\/{rel}","templated":true}]}}