{"id":5764,"date":"2024-10-21T20:35:44","date_gmt":"2024-10-21T17:35:44","guid":{"rendered":"https:\/\/faberpet.ro\/stage\/produs\/ectocid-red-mite-pulbere-pt-gaini-si-porumbei-140-gr\/"},"modified":"2025-09-22T12:22:55","modified_gmt":"2025-09-22T10:22:55","slug":"ectocid-red-mite-pulbere-pt-gaini-si-porumbei-140-gr","status":"publish","type":"product","link":"https:\/\/faberpet.ro\/stage\/produs\/ectocid-red-mite-pulbere-pt-gaini-si-porumbei-140-gr\/","title":{"rendered":"Ectocid RED MITE pulbere pt gaini si porumbei 140 gr"},"content":{"rendered":"<p>Propriet\u0103\u021bi: Domeniul de utilizare: insecticide, acaricide \u0219i produse pentru combatarea altor antropode Aria de aplicare:combaterea insectelor t\u00e2r\u00e2toare. Mod de utilizare:este necesar contactul cu praful uscat direct. Suprafe\u0163ele tratate trebuie s\u0103 fie uscate. Aplica\u0163i \u00een toate locurile unde se ascund insectele, \u00een ad\u0103posturi animale, fisuri, cr\u0103p\u0103turi, \u00een cl\u0103diri, \u00een spatele sobelor, frigiderelor, \u015fi \u00een alte locuri unde se adun\u0103 insectele. Umiditatea relativ crescut\u0103 (peste 75%) reduce eficien\u0163a produsului. Lua\u0163i \u00een considerare ciclul de via\u0163\u0103 a insectelor \u015fi s\u0103 v\u0103 asigura\u0163i c\u0103 ave\u0163i praful pentru toate etapele de dezvoltare. Rata de aplicare recomandat\u0103 este de 20 grame de praf pe o suprafa\u0163\u0103 de 0, 5 metru p\u0103trat, este recomandat repetarea tratamentului s\u0103pt\u0103m\u00e2nal. Ingrediente:5% Dioxid de siliciu pirogenic, amorf sintetic nano tratat la suprafa\u021b\u0103 Nr. CE 272- 697- 1 Nr. CAS: 68909- 20- 6 , 0, 1 % Prallethrin Nr. CE: 245- 387- 9, Nr. CAS: 23031- 36- 9Precau\u021bii:H225 \u2013 Lichid si vapori foarte inflamabili. H302 \u2013 Nociv \u00een caz de \u00eenghi\u0163ire. H315 \u2013 Provoac\u0103 iritarea pielii. H319 \u2013 Provoac\u0103 o iritare grav\u0103 a ochilor. H332 \u2013 Nociv \u00een caz de inhalare. H400 \u2013 Foarte toxic pentru mediul acvatic. H410 \u2013 Foarte toxic pentru mediul acvatic cu efecte pe termen lung. P102 \u2013 A nu se l\u0103sa la \u00eendem\u00e2na copiilor! P261 \u2013 Evita\u0163i s\u0103 inspira\u0163i vaporii, aerosolii. P262 \u2013 Evita\u0163i contactul cu ochii, pielea sau imbr\u0103c\u0103mintea. P270 \u2013 A nu se m\u00e2nca, bea sau fuma \u00een timpul utiliz\u0103rii produsului. P271 \u2013 A se utiliza numai \u00een aer liber sau \u00een spa\u0163ii bine ventilate. P280 \u2013 Purta\u0163i m\u0103nu\u015fi de protec\u0163ie \u015fi echipament de protec\u0163ie a ochilor, fe\u0163ei. P391 \u2013 Colecta\u0163i scurgerile de produs. P273 \u2013 Evita\u0163i dispersarea in mediu. P501 \u2013 Se va elimina con\u0163inutul\/containerul \u00een conformitate cu reglement\u0103rile locale. P301+P312 \u2013 \u00cen caz de inghi\u0163ire suna\u0163i la un Centru de Informare Toxicologic\u0103 sau un medic, dac\u0103 nu v\u0103 simti\u0163i bine. P337 + P313 \u2013 Dac\u0103 iritarea ochilor persist\u0103: consulta\u0163i medicul. Pe parscursul utiliz\u0103rii, persoanele neautorizate vor p\u0103r\u0103si camera. Produsele alimentare \u015fi hrana pentru animale ambalate necorespunz\u0103tor, animalele de cas\u0103 \u015fi cele de cresc\u0103torie, precum \u015fi juc\u0103riile, vesela l\u0103sat\u0103 neacoperit\u0103 \u015fi alte obiecte de uz casnic se depoziteaz\u0103 la loc ferit \u00eenainte de \u00eenceperea aplic\u0103rii produsului. Acvariile \u015fi spa\u0163iile amenajate pentru cre\u015fterea animalelor terestre se acoper\u0103 corespunz\u0103tor (se opre\u015fte ventilarea). Aparatele de g\u0103tit, mesele de lucru \u015fi alte suprafe\u0163e de depozitare, preg\u0103tire sau consum al alimentelor, precum \u015fi articolele de \u00eembr\u0103c\u0103minte, cele de mobil\u0103 \u015fi altele cu care pielea intr\u0103 adesea \u00een contact, se acoper\u0103 de asemenea corespunz\u0103tor sau se cur\u0103\u0163\u0103, respectiv cl\u0103tesc \u00eenainte de refolosire cu detergent sau substan\u0163e de cur\u0103\u0163are alcaline. \u00cen spa\u0163iile cu grad de expunere uman\u0103 ridicat\u0103, cum ar fi: camerele pentru bolnavi, gr\u0103dini\u0163e, \u015fcoli, camere de locuit, birouri, etc. , substan\u0163a nu se aplic\u0103 pe suprafe\u0163e \u00eentinse, ci tratamentul se execut\u0103 atent viz\u00e2nd prin pulverizare numai cuiburile de d\u0103un\u0103tori \u015fi zonele din imediata apropiere a acestora. A se evita contactul cu suprafe\u0163ele proasp\u0103t stropite \u015fi \u00eenc\u0103 umede. Se va restric\u0163iona accesul copiilor \u015fi animalelor de cas\u0103 la suprafe\u0163ele tratate. \u00cenainte de refolosin\u0163\u0103 spa\u0163iile se aerisesc temeinic. Prezentare:140 gr<\/p>\n","protected":false},"excerpt":{"rendered":"<p>Propriet\u0103\u021bi: Domeniul de utilizare: insecticide, acaricide \u0219i produse pentru combatarea altor antropode Aria de aplicare:combaterea insectelor t\u00e2r\u00e2toare. Mod de utilizare:este necesar contactul cu praful uscat direct. Suprafe\u0163ele tratate trebuie s\u0103 fie uscate. Aplica\u0163i \u00een toate locurile unde se ascund insectele, \u00een ad\u0103posturi animale, fisuri, cr\u0103p\u0103turi, \u00een cl\u0103diri, \u00een spatele sobelor, frigiderelor, \u015fi \u00een alte locuri [&hellip;]<\/p>\n","protected":false},"featured_media":10783,"template":"","meta":[],"product_brand":[],"product_cat":[2616],"product_tag":[2643,2644,2531],"class_list":{"0":"post-5764","1":"product","2":"type-product","3":"status-publish","4":"has-post-thumbnail","6":"product_cat-insecticide-si-raticide","7":"product_tag-dezinfectie-gaini","8":"product_tag-dezinfectie-porumbei","9":"product_tag-ectocid-pulbere","11":"first","12":"instock","13":"shipping-taxable","14":"purchasable","15":"product-type-simple"},"_links":{"self":[{"href":"https:\/\/faberpet.ro\/stage\/wp-json\/wp\/v2\/product\/5764","targetHints":{"allow":["GET"]}}],"collection":[{"href":"https:\/\/faberpet.ro\/stage\/wp-json\/wp\/v2\/product"}],"about":[{"href":"https:\/\/faberpet.ro\/stage\/wp-json\/wp\/v2\/types\/product"}],"wp:featuredmedia":[{"embeddable":true,"href":"https:\/\/faberpet.ro\/stage\/wp-json\/wp\/v2\/media\/10783"}],"wp:attachment":[{"href":"https:\/\/faberpet.ro\/stage\/wp-json\/wp\/v2\/media?parent=5764"}],"wp:term":[{"taxonomy":"product_brand","embeddable":true,"href":"https:\/\/faberpet.ro\/stage\/wp-json\/wp\/v2\/product_brand?post=5764"},{"taxonomy":"product_cat","embeddable":true,"href":"https:\/\/faberpet.ro\/stage\/wp-json\/wp\/v2\/product_cat?post=5764"},{"taxonomy":"product_tag","embeddable":true,"href":"https:\/\/faberpet.ro\/stage\/wp-json\/wp\/v2\/product_tag?post=5764"}],"curies":[{"name":"wp","href":"https:\/\/api.w.org\/{rel}","templated":true}]}}